{"id":105279,"date":"2025-02-03T14:43:39","date_gmt":"2025-02-03T12:43:39","guid":{"rendered":"https:\/\/www.budream.com\/rueckgabe-eines-produkts\/"},"modified":"2025-02-03T14:43:39","modified_gmt":"2025-02-03T12:43:39","slug":"rueckgabe-eines-produkts","status":"publish","type":"page","link":"https:\/\/www.budream.com\/de\/rueckgabe-eines-produkts\/","title":{"rendered":"R\u00fcckgabe eines Produkts"},"content":{"rendered":"<h1>R\u00fccktrittsrecht<\/h1>\n<h2>Kundenrechte<\/h2>\n<p>Gem\u00e4\u00df der geltenden Gesetzgebung haben Kunden das Recht, innerhalb von <strong>14 Tagen<\/strong> nach Erhalt der Produkte von ihrem Kauf zur\u00fcckzutreten, ohne daf\u00fcr Gr\u00fcnde angeben zu m\u00fcssen.<\/p>\n<h2>Modalit\u00e4ten der Aus\u00fcbung des R\u00fccktrittsrechts<\/h2>\n<p>Um von seinem Widerrufsrecht Gebrauch zu machen, muss der Kunde eine schriftliche Mitteilung \u00fcber die E-Mail auf unserer Website senden, in der er angibt:<\/p>\n<ul>\n<li>Die Bestellnummer<\/li>\n<li>Das Produkt oder die Produkte, f\u00fcr die die R\u00fccknahme ausge\u00fcbt werden soll<\/li>\n<li>Ihre pers\u00f6nlichen Daten<\/li>\n<\/ul>\n<h2>Bedingungen f\u00fcr die R\u00fcckerstattung<\/h2>\n<p>Das Produkt muss <strong>unversehrt<\/strong>, in der <strong>Originalverpackung<\/strong>, mit jeglichem Zubeh\u00f6r und Benutzerhandb\u00fcchern zur\u00fcckgegeben werden und <strong>darf keine Gebrauchsspuren oder Sch\u00e4den aufweisen<\/strong>.<\/p>\n<h2>R\u00fcckerstattung<\/h2>\n<p>Die R\u00fcckerstattung erfolgt innerhalb von 14 Tagen nach Erhalt der zur\u00fcckgesandten Ware mit der gleichen Zahlungsmethode, die der Kunde bei der Bestellung gew\u00e4hlt hat, es sei denn, es wurde etwas anderes zwischen den Parteien vereinbart.<\/p>\n<h2>Achtung<\/h2>\n<ul>\n<li>Wir erstatten keine Produkte, die behandelt oder benutzt worden sind.<\/li>\n<li>Ge\u00f6ffnete Pakete k\u00f6nnen nicht umgetauscht werden.<\/li>\n<li>Bestimmte Produktkategorien (z.B. <strong>Saatgut, Verdampfer, Kosmetika<\/strong>) sind aus Gr\u00fcnden der Hygiene oder ver\u00e4nderter Eigenschaften vom Widerrufsrecht ausgeschlossen.<\/li>\n<\/ul>\n<p>&nbsp;<\/p>\n<p style=\"text-align: center; font-size: 0.9em; color: #666;\">Zuletzt aktualisiert: 24 April 2025<\/p>\n<p>&nbsp;<\/p>\n","protected":false},"excerpt":{"rendered":"<p>R\u00fccktrittsrecht Kundenrechte Gem\u00e4\u00df der geltenden Gesetzgebung haben Kunden das Recht, innerhalb von 14 Tagen nach Erhalt der Produkte von ihrem<\/p>\n","protected":false},"author":1,"featured_media":0,"parent":0,"menu_order":0,"comment_status":"closed","ping_status":"closed","template":"","meta":{"footnotes":""},"class_list":["post-105279","page","type-page","status-publish","hentry"],"aioseo_notices":[],"_links":{"self":[{"href":"https:\/\/www.budream.com\/de\/wp-json\/wp\/v2\/pages\/105279","targetHints":{"allow":["GET"]}}],"collection":[{"href":"https:\/\/www.budream.com\/de\/wp-json\/wp\/v2\/pages"}],"about":[{"href":"https:\/\/www.budream.com\/de\/wp-json\/wp\/v2\/types\/page"}],"author":[{"embeddable":true,"href":"https:\/\/www.budream.com\/de\/wp-json\/wp\/v2\/users\/1"}],"replies":[{"embeddable":true,"href":"https:\/\/www.budream.com\/de\/wp-json\/wp\/v2\/comments?post=105279"}],"version-history":[{"count":0,"href":"https:\/\/www.budream.com\/de\/wp-json\/wp\/v2\/pages\/105279\/revisions"}],"wp:attachment":[{"href":"https:\/\/www.budream.com\/de\/wp-json\/wp\/v2\/media?parent=105279"}],"curies":[{"name":"wp","href":"https:\/\/api.w.org\/{rel}","templated":true}]}}