{"id":105313,"date":"2025-01-20T15:18:28","date_gmt":"2025-01-20T13:18:28","guid":{"rendered":"https:\/\/www.budream.com\/versand\/"},"modified":"2025-07-21T10:59:50","modified_gmt":"2025-07-21T08:59:50","slug":"versand","status":"publish","type":"page","link":"https:\/\/www.budream.com\/de\/versand\/","title":{"rendered":"Versand"},"content":{"rendered":"\t\t<div data-elementor-type=\"wp-page\" data-elementor-id=\"105313\" class=\"elementor elementor-105313 elementor-55061\" data-elementor-post-type=\"page\">\n\t\t\t\t<div class=\"elementor-element elementor-element-a2470eb e-flex e-con-boxed e-con e-parent\" data-id=\"a2470eb\" data-element_type=\"container\" data-e-type=\"container\">\n\t\t\t\t\t<div class=\"e-con-inner\">\n\t\t\t\t<div class=\"elementor-element elementor-element-7d5844d elementor-widget elementor-widget-html\" data-id=\"7d5844d\" data-element_type=\"widget\" data-e-type=\"widget\" data-widget_type=\"html.default\">\n\t\t\t\t\t<div>\n\n\n  <meta charset=\"UTF-8\">\n  <meta name=\"viewport\" content=\"width=device-width, initial-scale=1\">\n  <title>Versand &amp; Datenschutz | Budream<\/title>\n  <style>\n    \/* Colori solo per le tabelle *\/\n    .table-responsive {\n      overflow-x: auto;\n      -webkit-overflow-scrolling: touch;\n    }\n    .table-responsive table {\n      width: 100%;\n      min-width: 600px;\n      border-collapse: collapse;\n    }\n    .table-responsive th,\n    .table-responsive td {\n      padding: 8px;\n      text-align: center;\n      color: #ffffff;\n      border: 1px solid #ccc;\n      white-space: nowrap;\n    }\n    .table-responsive th {\n      background-color: #106c44;\n    }\n    .table-responsive tbody tr:nth-child(odd) td {\n      background-color: #0e5a3e;\n    }\n    .table-responsive tbody tr:nth-child(even) td {\n      background-color: #106c44;\n    }\n  <\/style>\n\n\n\n  <!-- Italiano -->\n  <div lang=\"it\">\n    <h1>Versand &amp; Datenschutz<\/h1>\n    <p>Der Versand ist eine entscheidende Phase f\u00fcr uns. Wir sind st\u00e4ndig bestrebt, neue Wege f\u00fcr den Versand Ihrer Bestellungen zu finden, um ein H\u00f6chstma\u00df an Schnelligkeit und Diskretion zu gew\u00e4hrleisten. Wir sind bestrebt, Ihre Pakete schnell zuzustellen, da wir wissen, wie wichtig Ihnen der Schutz Ihrer Privatsph\u00e4re ist.  <\/p>\n    <p>Ihre Bestellung wird \u00fcber einen der verf\u00fcgbaren Kuriere zugestellt, der anhand Ihrer Lieferadresse ausgew\u00e4hlt wird. Einzelheiten zu dem beauftragten Kurierdienst finden Sie in der Best\u00e4tigungs-E-Mail, die Sie erhalten, wenn Ihre Bestellung bearbeitet wird. F\u00fcr weitere Informationen zur Lieferung wenden Sie sich bitte direkt an den angegebenen Kurierdienst.  <\/p>\n\n    <h2>Liefern wir \u00fcberall hin?<\/h2>\n    <p>Um Ihnen den bestm\u00f6glichen Service zu bieten, gibt es einige L\u00e4nder, in die wir nicht versenden oder in die wir nur bestimmte Arten von Produkten schicken k\u00f6nnen. Sie k\u00f6nnen \u00fcberpr\u00fcfen, ob wir in Ihr Land liefern, indem Sie die nachstehende Tabelle konsultieren, in der Sie auch Informationen zu den Versandzeiten und -kosten finden. <\/p>\n    <p>Um unsere Kunden zu sch\u00fctzen, versenden wir nur mit anonymen Paketen und neutralen Verpackungen. Sie werden niemals Aufkleber oder andere Werbung auf dem Paket finden. <\/p>\n\n    <h2>Kosten f\u00fcr den Versand<\/h2>\n    <div class=\"table-responsive\">\n      <table>\n        <thead>\n          <tr>\n            <th>Wohin wir versenden<\/th>\n            <th>Arbeitstage<\/th>\n            <th>Kosten (Bestellung unter 30\u20ac)<\/th>\n            <th>Kosten (Bestellung \u00fcber 30\u20ac)<\/th>\n            <th>Kostenloser Versand nach<\/th>\n          <\/tr>\n        <\/thead>\n        <tbody>\n          <tr><td>\u00d6sterreich<\/td><td>3-5<\/td><td>\u20ac 14.95<\/td><td>\u20ac 7.95<\/td><td>\u20ac 150.-<\/td><\/tr>\n          <tr><td>Belgien<\/td><td>3-5<\/td><td>\u20ac 14.95<\/td><td>\u20ac 4.95<\/td><td>\u20ac 75.-<\/td><\/tr>\n          <tr><td>D\u00e4nemark<\/td><td>5-8<\/td><td>\u20ac 14.95<\/td><td>\u20ac 8.95<\/td><td>\u20ac 150.-<\/td><\/tr>\n          <tr><td>Finnland<\/td><td>5-8<\/td><td>\u20ac 14.95<\/td><td>\u20ac 8.95<\/td><td>\u20ac 150.-<\/td><\/tr>\n          <tr><td>Frankreich<\/td><td>3-5<\/td><td>\u20ac 14.95<\/td><td>\u20ac 4.95<\/td><td>\u20ac 75.-<\/td><\/tr>\n          <tr><td>Deutschland<\/td><td>3-5<\/td><td>\u20ac 14.95<\/td><td>\u20ac 4.95<\/td><td>\u20ac 75.-<\/td><\/tr>\n          <tr><td>Griechenland<\/td><td>6-12<\/td><td>\u20ac 14.95<\/td><td>\u20ac 9.95<\/td><td>\u20ac 150.-<\/td><\/tr>\n          <tr><td>Irland<\/td><td>5-8<\/td><td>\u20ac 14.95<\/td><td>\u20ac 8.95<\/td><td>\u20ac 150.-<\/td><\/tr>\n          <tr><td>Italien<\/td><td>2-4<\/td><td>\u20ac 9.95<\/td><td>\u20ac 4.95<\/td><td>\u20ac 50.-<\/td><\/tr>\n          <tr><td>Luxemburg<\/td><td>3-5<\/td><td>\u20ac 14.95<\/td><td>\u20ac 7.95<\/td><td>\u20ac 150.-<\/td><\/tr>\n          <tr><td>Malta<\/td><td>8-12<\/td><td>\u20ac 14.95<\/td><td>\u20ac 7.95<\/td><td>\u20ac 150.-<\/td><\/tr>\n          <tr><td>Niederlande<\/td><td>3-5<\/td><td>\u20ac 14.95<\/td><td>\u20ac 7.95<\/td><td>\u20ac 150.-<\/td><\/tr>\n          <tr><td>Polen<\/td><td>5-8<\/td><td>\u20ac 14.95<\/td><td>\u20ac 8.95<\/td><td>\u20ac 150.-<\/td><\/tr>\n          <tr><td>Portugal<\/td><td>6-12<\/td><td>\u20ac 14.95<\/td><td>\u20ac 8.95<\/td><td>\u20ac 150.-<\/td><\/tr>\n          <tr><td>Tschechische Republik<\/td><td>5-8<\/td><td>\u20ac 14.95<\/td><td>\u20ac 8.95<\/td><td>\u20ac 150.-<\/td><\/tr>\n          <tr><td>Spanien<\/td><td>3-5<\/td><td>\u20ac 14.95<\/td><td>\u20ac 4.95<\/td><td>\u20ac 75.-<\/td><\/tr>\n          <tr><td>Schweden<\/td><td>5-8<\/td><td>\u20ac 14.95<\/td><td>\u20ac 8.95<\/td><td>\u20ac 150.-<\/td><\/tr>\n          <tr><td>Rest der Welt<\/td><td>Angebot auf Anfrage<\/td><td colspan=\"2\">-<\/td><td>-<\/td><\/tr>\n        <\/tbody>\n      <\/table>\n    <\/div>\n\n    <h2>Schritt-f\u00fcr-Schritt-Anleitung zur Bestellung<\/h2>\n    <ol>\n      <li>Schritt 1: Besuchen Sie die Seite des Produkts, das Sie kaufen m\u00f6chten. Falls verf\u00fcgbar, w\u00e4hlen Sie die gew\u00fcnschte Sorte und geben Sie die Menge an, die Sie in den Warenkorb legen m\u00f6chten. <\/li>\n      <li>Schritt 2: Klicken Sie auf die Schaltfl\u00e4che 'In den Warenkorb'. In dem daraufhin erscheinenden Pop-up k\u00f6nnen Sie die Sorte und die Menge bei Bedarf \u00e4ndern. Um weiter zu bl\u00e4ttern, klicken Sie auf 'Einkauf fortsetzen'. Wenn Sie bereit sind, mit Ihrer Bestellung fortzufahren, klicken Sie auf 'Zur Kasse'.   <\/li>\n      <li>Schritt 3: \u00dcberpr\u00fcfen Sie auf der Warenkorbseite, ob die ausgew\u00e4hlten Produkte und Mengen korrekt sind. Hier k\u00f6nnen Sie auch die Mengen \u00e4ndern oder Artikel entfernen. Wenn Sie einen Aktionscode haben, geben Sie ihn in das Feld 'Aktionscode' ein. Um weitere Artikel hinzuzuf\u00fcgen, klicken Sie auf 'Einkauf fortsetzen'. Wenn Sie fertig sind, klicken Sie auf 'Zur Kasse gehen', um fortzufahren.    <\/li>\n      <li>Schritt 4: Melden Sie sich bei Ihrem BUDREAM-Konto an. Wenn Sie noch keines haben, k\u00f6nnen Sie es mit wenigen Klicks direkt auf der Seite erstellen. <\/li>\n      <li>Schritt 5: W\u00e4hlen Sie eine Adresse f\u00fcr die Lieferung und Rechnungsstellung.<\/li>\n      <li>Schritt 6: W\u00e4hlen Sie Ihre Versandmethode. Wenn Sie sich f\u00fcr einen Abholort entscheiden, k\u00f6nnen Sie diesen \u00fcber eine Pop-up-Karte ausw\u00e4hlen, auf der die n\u00e4chstgelegenen Optionen anhand Ihrer Postleitzahl oder Stadt angezeigt werden. <\/li>\n      <li>Schritt 7: W\u00e4hlen Sie Ihre bevorzugte Zahlungsmethode.<\/li>\n      <li>Schritt 8: \u00dcberpr\u00fcfen Sie die endg\u00fcltige Zusammenfassung der Bestellung. Hier finden Sie die Liefer- und Rechnungsadresse, die Versandmethode und die von Ihnen gew\u00e4hlte Zahlungsmethode. Wenn alles korrekt ist, klicken Sie auf 'Best\u00e4tigen', um die Bestellung abzuschlie\u00dfen.  <\/li>\n      <li>Schritt 9: Wenn Sie sich f\u00fcr eine indirekte Zahlung (z.B. Bank\u00fcberweisung) entschieden haben, erhalten Sie in der Ihnen zugesandten Best\u00e4tigungs-E-Mail genaue Anweisungen.<\/li>\n    <\/ol>\n  <\/div>\n\n\n<\/div>\t\t\t\t<\/div>\n\t\t\t\t\t<\/div>\n\t\t\t\t<\/div>\n\t\t\t\t<\/div>\n\t\t","protected":false},"excerpt":{"rendered":"<p>Versand &amp; Datenschutz | Budream Versand &amp; Datenschutz Der Versand ist eine entscheidende Phase f\u00fcr uns. Wir sind st\u00e4ndig bestrebt,<\/p>\n","protected":false},"author":1,"featured_media":0,"parent":0,"menu_order":10,"comment_status":"closed","ping_status":"closed","template":"","meta":{"footnotes":""},"class_list":["post-105313","page","type-page","status-publish","hentry"],"aioseo_notices":[],"_links":{"self":[{"href":"https:\/\/www.budream.com\/de\/wp-json\/wp\/v2\/pages\/105313","targetHints":{"allow":["GET"]}}],"collection":[{"href":"https:\/\/www.budream.com\/de\/wp-json\/wp\/v2\/pages"}],"about":[{"href":"https:\/\/www.budream.com\/de\/wp-json\/wp\/v2\/types\/page"}],"author":[{"embeddable":true,"href":"https:\/\/www.budream.com\/de\/wp-json\/wp\/v2\/users\/1"}],"replies":[{"embeddable":true,"href":"https:\/\/www.budream.com\/de\/wp-json\/wp\/v2\/comments?post=105313"}],"version-history":[{"count":0,"href":"https:\/\/www.budream.com\/de\/wp-json\/wp\/v2\/pages\/105313\/revisions"}],"wp:attachment":[{"href":"https:\/\/www.budream.com\/de\/wp-json\/wp\/v2\/media?parent=105313"}],"curies":[{"name":"wp","href":"https:\/\/api.w.org\/{rel}","templated":true}]}}