{"id":105318,"date":"2024-06-20T13:33:16","date_gmt":"2024-06-20T11:33:16","guid":{"rendered":"https:\/\/www.budream.com\/ueber-uns\/"},"modified":"2025-07-21T10:59:53","modified_gmt":"2025-07-21T08:59:53","slug":"ueber-uns","status":"publish","type":"page","link":"https:\/\/www.budream.com\/de\/ueber-uns\/","title":{"rendered":"\u00dcber uns"},"content":{"rendered":"\t\t<div data-elementor-type=\"wp-page\" data-elementor-id=\"105318\" class=\"elementor elementor-105318 elementor-56137\" data-elementor-post-type=\"page\">\n\t\t\t\t<div class=\"elementor-element elementor-element-82f9cc5 e-flex e-con-boxed e-con e-parent\" data-id=\"82f9cc5\" data-element_type=\"container\" data-e-type=\"container\">\n\t\t\t\t\t<div class=\"e-con-inner\">\n\t\t\t\t<div class=\"elementor-element elementor-element-f6ca2e8 elementor-widget__width-inherit elementor-widget elementor-widget-theme-site-logo elementor-widget-image\" data-id=\"f6ca2e8\" data-element_type=\"widget\" data-e-type=\"widget\" data-widget_type=\"theme-site-logo.default\">\n\t\t\t\t\t\t\t\t\t\t\t<a href=\"https:\/\/www.budream.com\/de\/\">\n\t\t\t<img decoding=\"async\" class=\" wd-lazy-fade\" src=\"https:\/\/www.budream.com\/wp-content\/themes\/woodmart\/images\/lazy.svg\" data-src=\"https:\/\/www.budream.com\/wp-content\/plugins\/elementor-pro\/assets\/images\/logo-placeholder.png\" title=\"\" alt=\"\" loading=\"lazy\" \/>\t\t\t\t<\/a>\n\t\t\t\t\t\t\t\t\t\t\t<\/div>\n\t\t\t\t<div class=\"elementor-element elementor-element-6e4b0df elementor-widget elementor-widget-heading\" data-id=\"6e4b0df\" data-element_type=\"widget\" data-e-type=\"widget\" data-widget_type=\"heading.default\">\n\t\t\t\t\t<h5 class=\"elementor-heading-title elementor-size-default\"><a href=\"\">Willkommen bei BuDream, Ihrem vertrauensw\u00fcrdigen Online-Shop, in dem sich Qualit\u00e4t, Komfort und Leidenschaft tagt\u00e4glich treffen.<\/a><\/h5>\t\t\t\t<\/div>\n\t\t\t\t\t<\/div>\n\t\t\t\t<\/div>\n\t\t<div class=\"elementor-element elementor-element-ee46da3 e-flex e-con-boxed e-con e-parent\" data-id=\"ee46da3\" data-element_type=\"container\" data-e-type=\"container\">\n\t\t\t\t\t<div class=\"e-con-inner\">\n\t\t\t\t<div class=\"elementor-element elementor-element-ce2e64c elementor-widget elementor-widget-html\" data-id=\"ce2e64c\" data-element_type=\"widget\" data-e-type=\"widget\" data-widget_type=\"html.default\">\n\t\t\t\t\t<div>\n\n\n  <meta charset=\"UTF-8\">\n  <meta name=\"viewport\" content=\"width=device-width, initial-scale=1\">\n  <title>\u00dcber uns | BuDream<\/title>\n  <meta name=\"description\" content=\"\u00dcber uns - BuDream: unser Team, unser Auftrag und unsere Werte. \u00dcber uns - unser Team, unser Auftrag und unsere Werte.\">\n\n\n\n\n  <!-- Italiano -->\n  <div class=\"lang-block\" lang=\"it\">\n    <h1>\u00dcber uns<\/h1>\n    <p>Wir sind ein Team von Fachleuten und Enthusiasten, die der Wunsch vereint, Ihnen ein wirklich einzigartiges Einkaufserlebnis zu bieten: einfach, angenehm und voller Wert.<\/p>\n    <p>Jedes Produkt, das wir ausw\u00e4hlen, erz\u00e4hlt eine Geschichte, und wir verpflichten uns, Ihnen nur das Beste anzubieten - mit Liebe zum Detail und einer sorgf\u00e4ltigen Auswahl nat\u00fcrlicher, legaler und zertifizierter Produkte.<\/p>\n\n    <h2>\ud83c\udfaf Unser Auftrag?<\/h2>\n    <ul>\n      <li>Stellen Sie sich immer in den Mittelpunkt.<\/li>\n      <li>\ud83c\udf31 Ein umfangreicher und aktueller Katalog: von Neuheiten bis hin zu allt\u00e4glichen Must-Haves.<\/li>\n      <li>\ud83d\udcb0 Ehrliche Preise: denn Qualit\u00e4t muss f\u00fcr jeden erschwinglich sein.<\/li>\n      <li>\ud83d\udce6 Ein stressfreier Service: von der Auswahl bis zur Lieferung, mit einem stets verf\u00fcgbaren Support.<\/li>\n    <\/ul>\n\n    <p>Jeder Kauf, den Sie auf BuDream t\u00e4tigen, ist das Ergebnis unseres Engagements: Wir m\u00f6chten Ihnen eine sichere, zuverl\u00e4ssige und transparente Plattform bieten, auf der Sie mit Vertrauen und Bewusstsein kaufen k\u00f6nnen.<\/p>\n    <p>Wir sind mehr als nur ein Gesch\u00e4ft: Wir sind eine Gemeinschaft, die die gleiche Leidenschaft f\u00fcr nat\u00fcrliche Wellness, Qualit\u00e4t und Authentizit\u00e4t teilt.<\/p>\n    <p>Danke, dass Sie dabei sind \ud83d\udc9a.<\/p>\n  <\/div>\n\n  <!-- English -->\n  <div class=\"lang-block\" lang=\"en\">\n    <h1>\u00dcber uns<\/h1>\n    <p>Wir sind ein Team von Fachleuten und Enthusiasten, die der Wunsch vereint, Ihnen ein wirklich einzigartiges Einkaufserlebnis zu bieten: einfach, angenehm und voller Wert.<\/p>\n    <p>Jedes Produkt, das wir ausw\u00e4hlen, erz\u00e4hlt eine Geschichte, und wir verpflichten uns, Ihnen nur das Beste anzubieten - mit Liebe zum Detail und einer ausgew\u00e4hlten Auswahl an nat\u00fcrlichen, legalen und zertifizierten Produkten.<\/p>\n\n    <h2>\ud83c\udfaf Unser Auftrag?<\/h2>\n    <ul>\n      <li>Wir stellen Sie in den Mittelpunkt.<\/li>\n      <li>\ud83c\udf31 Ein umfangreicher, aktueller Katalog: von Neuheiten bis hin zu allt\u00e4glichen Must-Haves.<\/li>\n      <li>\ud83d\udcb0 Faire Preise: weil Qualit\u00e4t f\u00fcr jeden zug\u00e4nglich sein sollte.<\/li>\n      <li>\ud83d\udce6 Stressfreier Service: von der Auswahl bis zur Lieferung, mit jederzeit verf\u00fcgbarer Unterst\u00fctzung.<\/li>\n    <\/ul>\n\n    <p>Jeder Kauf, den Sie auf BuDream t\u00e4tigen, ist das Ergebnis unseres Engagements: Wir m\u00f6chten Ihnen eine sichere, zuverl\u00e4ssige und transparente Plattform bieten, auf der Sie mit Vertrauen und Bewusstsein einkaufen k\u00f6nnen.<\/p>\n    <p>Wir sind viel mehr als nur ein Gesch\u00e4ft: Wir sind eine Gemeinschaft, die die gleiche Leidenschaft f\u00fcr nat\u00fcrliches Wohlbefinden, Qualit\u00e4t und Authentizit\u00e4t teilt.<\/p>\n    <p>Danke, dass Sie dabei sind \ud83d\udc9a.<\/p>\n  <\/div>\n\n\n\n<\/div>\t\t\t\t<\/div>\n\t\t\t\t\t<\/div>\n\t\t\t\t<\/div>\n\t\t\t\t<\/div>\n\t\t","protected":false},"excerpt":{"rendered":"<p>Willkommen bei BuDream, Ihrem vertrauensw\u00fcrdigen Online-Shop, in dem sich Qualit\u00e4t, Komfort und Leidenschaft tagt\u00e4glich treffen. \u00dcber uns | BuDream \u00dcber<\/p>\n","protected":false},"author":1,"featured_media":0,"parent":0,"menu_order":2,"comment_status":"closed","ping_status":"open","template":"","meta":{"footnotes":""},"class_list":["post-105318","page","type-page","status-publish","hentry"],"aioseo_notices":[],"_links":{"self":[{"href":"https:\/\/www.budream.com\/de\/wp-json\/wp\/v2\/pages\/105318","targetHints":{"allow":["GET"]}}],"collection":[{"href":"https:\/\/www.budream.com\/de\/wp-json\/wp\/v2\/pages"}],"about":[{"href":"https:\/\/www.budream.com\/de\/wp-json\/wp\/v2\/types\/page"}],"author":[{"embeddable":true,"href":"https:\/\/www.budream.com\/de\/wp-json\/wp\/v2\/users\/1"}],"replies":[{"embeddable":true,"href":"https:\/\/www.budream.com\/de\/wp-json\/wp\/v2\/comments?post=105318"}],"version-history":[{"count":0,"href":"https:\/\/www.budream.com\/de\/wp-json\/wp\/v2\/pages\/105318\/revisions"}],"wp:attachment":[{"href":"https:\/\/www.budream.com\/de\/wp-json\/wp\/v2\/media?parent=105318"}],"curies":[{"name":"wp","href":"https:\/\/api.w.org\/{rel}","templated":true}]}}