{"id":265074,"date":"2024-06-20T13:33:16","date_gmt":"2024-06-20T11:33:16","guid":{"rendered":"https:\/\/www.budream.com\/?page_id=265074"},"modified":"2026-04-25T23:01:10","modified_gmt":"2026-04-25T21:01:10","slug":"ueber-uns","status":"publish","type":"page","link":"https:\/\/www.budream.com\/de\/ueber-uns\/","title":{"rendered":"\u00dcber uns"},"content":{"rendered":"\t\t<div data-elementor-type=\"wp-page\" data-elementor-id=\"265074\" class=\"elementor elementor-265074 elementor-56137\" data-elementor-post-type=\"page\">\n\t\t\t\t<div class=\"elementor-element elementor-element-82f9cc5 e-flex e-con-boxed e-con e-parent\" data-id=\"82f9cc5\" data-element_type=\"container\" data-e-type=\"container\">\n\t\t\t\t\t<div class=\"e-con-inner\">\n\t\t\t\t<div class=\"elementor-element elementor-element-f6ca2e8 elementor-widget__width-inherit elementor-widget elementor-widget-theme-site-logo elementor-widget-image\" data-id=\"f6ca2e8\" data-element_type=\"widget\" data-e-type=\"widget\" data-widget_type=\"theme-site-logo.default\">\n\t\t\t\t<div class=\"elementor-widget-container\">\n\t\t\t\t\t\t\t\t\t\t\t<a href=\"https:\/\/www.budream.com\/de\/\">\n\t\t\t<img loading=\"lazy\" decoding=\"async\" width=\"2801\" height=\"518\" src=\"https:\/\/www.budream.com\/wp-content\/themes\/woodmart\/images\/lazy.svg\" data-src=\"https:\/\/www.budream.com\/wp-content\/uploads\/2026\/04\/Budream-logo-1.svg\" class=\"attachment-full size-full wp-image-264974\" alt=\"\" \/>\t\t\t\t<\/a>\n\t\t\t\t\t\t\t\t\t\t\t<\/div>\n\t\t\t\t<\/div>\n\t\t\t\t<div class=\"elementor-element elementor-element-6e4b0df elementor-widget elementor-widget-heading\" data-id=\"6e4b0df\" data-element_type=\"widget\" data-e-type=\"widget\" data-widget_type=\"heading.default\">\n\t\t\t\t<div class=\"elementor-widget-container\">\n\t\t\t\t\t<h3 class=\"elementor-heading-title elementor-size-default\"><a href=\"\">Willkommen bei BuDream, deinem vertrauensw\u00fcrdigen Online-Shop, wo Qualit\u00e4t, Erschwinglichkeit und Leidenschaft jeden Tag aufeinandertreffen.<\/a><\/h3>\t\t\t\t<\/div>\n\t\t\t\t<\/div>\n\t\t\t\t\t<\/div>\n\t\t\t\t<\/div>\n\t\t<div class=\"wd-negative-gap elementor-element elementor-element-ee46da3 e-flex e-con-boxed e-con e-parent\" data-id=\"ee46da3\" data-element_type=\"container\" data-e-type=\"container\">\n\t\t\t\t\t<div class=\"e-con-inner\">\n\t\t\t\t<div class=\"elementor-element elementor-element-ce2e64c elementor-widget elementor-widget-html\" data-id=\"ce2e64c\" data-element_type=\"widget\" data-e-type=\"widget\" data-widget_type=\"html.default\">\n\t\t\t\t<div class=\"elementor-widget-container\">\n\t\t\t\t\t<!DOCTYPE html>\n<html lang=\"de\">\n<head>\n  <meta charset=\"UTF-8\">\n  <meta name=\"viewport\" content=\"width=device-width, initial-scale=1\">\n  <title>\u00dcber uns | BuDream<\/title>\n  <meta name=\"description\" content=\"\u00dcber uns \u2013 BuDream: unser Team, unsere Mission und unsere Werte.\">\n<\/head>\n<body>\n\n  <div class=\"lang-block\" lang=\"de\">\n    <h1>\u00dcber uns<\/h1>\n    <p>Wir sind ein Team aus Fachleuten und Enthusiasten, vereint durch den Wunsch, dir ein wirklich einzigartiges Einkaufserlebnis zu bieten: einfach, angenehm und voller Mehrwert.<\/p>\n    <p>Jedes Produkt, das wir ausw\u00e4hlen, erz\u00e4hlt eine Geschichte \u2013 und unser Anspruch ist es, dir nur das Beste zu bieten: mit Liebe zum Detail und einer sorgf\u00e4ltig kuratierten Auswahl an nat\u00fcrlichen, legalen und zertifizierten Artikeln.<\/p>\n\n    <h2>\ud83c\udfaf Unsere Mission?<\/h2>\n    <ul>\n      <li>Dich immer in den Mittelpunkt zu stellen.<\/li>\n      <li>\ud83c\udf31 Ein breites, aktuelles Sortiment: von Neuheiten bis zu t\u00e4glichen Must-haves.<\/li>\n      <li>\ud83d\udcb0 Faire Preise: denn Qualit\u00e4t sollte f\u00fcr jeden zug\u00e4nglich sein.<\/li>\n      <li>\ud83d\udce6 Stressfreier Service: von der Auswahl bis zur Lieferung, mit stets verf\u00fcgbarem Support.<\/li>\n    <\/ul>\n\n    <p>Jeder Kauf bei BuDream ist das Ergebnis unserer Hingabe: Wir m\u00f6chten dir eine sichere, zuverl\u00e4ssige und transparente Plattform bieten, auf der du mit Vertrauen und Bewusstsein einkaufen kannst.<\/p>\n    <p>Wir sind viel mehr als nur ein Shop: Wir sind eine Community, die dieselbe Leidenschaft f\u00fcr nat\u00fcrliches Wohlbefinden, Qualit\u00e4t und Authentizit\u00e4t teilt.<\/p>\n    <p>Danke, dass du dabei bist \ud83d\udc9a<\/p>\n  <\/div>\n\n<\/body>\n<\/html>\n\t\t\t\t<\/div>\n\t\t\t\t<\/div>\n\t\t\t\t\t<\/div>\n\t\t\t\t<\/div>\n\t\t\t\t<\/div>\n\t\t","protected":false},"excerpt":{"rendered":"<p>Willkommen bei BuDream, deinem vertrauensw\u00fcrdigen Online-Shop, wo Qualit\u00e4t, Erschwinglichkeit und Leidenschaft jeden Tag aufeinandertreffen. \u00dcber uns | BuDream \u00dcber uns<\/p>\n","protected":false},"author":10,"featured_media":0,"parent":0,"menu_order":2,"comment_status":"closed","ping_status":"open","template":"","meta":{"footnotes":""},"class_list":["post-265074","page","type-page","status-publish","hentry"],"aioseo_notices":[],"_links":{"self":[{"href":"https:\/\/www.budream.com\/de\/wp-json\/wp\/v2\/pages\/265074","targetHints":{"allow":["GET"]}}],"collection":[{"href":"https:\/\/www.budream.com\/de\/wp-json\/wp\/v2\/pages"}],"about":[{"href":"https:\/\/www.budream.com\/de\/wp-json\/wp\/v2\/types\/page"}],"author":[{"embeddable":true,"href":"https:\/\/www.budream.com\/de\/wp-json\/wp\/v2\/users\/10"}],"replies":[{"embeddable":true,"href":"https:\/\/www.budream.com\/de\/wp-json\/wp\/v2\/comments?post=265074"}],"version-history":[{"count":3,"href":"https:\/\/www.budream.com\/de\/wp-json\/wp\/v2\/pages\/265074\/revisions"}],"predecessor-version":[{"id":265084,"href":"https:\/\/www.budream.com\/de\/wp-json\/wp\/v2\/pages\/265074\/revisions\/265084"}],"wp:attachment":[{"href":"https:\/\/www.budream.com\/de\/wp-json\/wp\/v2\/media?parent=265074"}],"curies":[{"name":"wp","href":"https:\/\/api.w.org\/{rel}","templated":true}]}}