{"id":122844,"date":"2025-07-30T15:51:48","date_gmt":"2025-07-30T13:51:48","guid":{"rendered":"https:\/\/www.budream.com\/shop\/bioki-hydrated-lime-antika-officina-botanica-500gr\/"},"modified":"2026-02-06T11:14:04","modified_gmt":"2026-02-06T09:14:04","slug":"bioki-hydrated-lime-antika-officina-botanica-500gr","status":"publish","type":"product","link":"https:\/\/www.budream.com\/de\/shop\/bioki-hydrated-lime-antika-officina-botanica-500gr\/","title":{"rendered":"BIOKI &#8211; HYDRATED Lime ANTIKA OFFICINA BOTANICA | 500gr"},"content":{"rendered":"<p>Kalziumkorrigierendes Mittel mit neutralisierender Wirkung<\/p>\n<p>100% nat\u00fcrlich<br \/>Kalkhydrat ist ein Produkt nat\u00fcrlichen Ursprungs, das durch das Brennen von Kalksteinfelsen gewonnen wird und geeignet ist, das Element Kalzium in armen B\u00f6den zuzuf\u00fchren oder den pH-Wert in sauren B\u00f6den anzuheben.<br \/>Kalzium ist ein wesentliches Element im Pflanzenleben, da es der wesentliche Bestandteil der Protopektine in den Zellw\u00e4nden ist und direkt f\u00fcr die Festigkeit der Fr\u00fcchte verantwortlich ist.<\/p>\n<p><strong>WAS ES BRAUCHT:<\/strong><br \/>Die Versorgung der Pflanzen mit Calcium erh\u00f6ht die mechanische Widerstandsf\u00e4higkeit des Gewebes durch seine st\u00fctzende und st\u00e4rkende Wirkung. Insbesondere verl\u00e4ngert es die Reifezeit und die Seneszenz der Fr\u00fcchte, indem es die Struktur der Zellw\u00e4nde und -membranen intakt h\u00e4lt. Ein Mangel macht sich an Bl\u00e4ttern und Trieben bemerkbar, die gekr\u00fcmmt und verzerrt erscheinen und sp\u00e4ter austrocknen. Aufgrund seiner guten Dispergierbarkeit kann es f\u00fcr die Zubereitung von Kalkmilch verwendet werden, die auf St\u00e4mme und Haupt\u00e4ste gestrichen wird, um thermische Ungleichgewichte zu reduzieren und die Entwicklung von Kryptogamen einzud\u00e4mmen.<br \/>Kalziumhydratpulver, das durch trockene Hydratation von Kalziumoxid nach der exothermen Reaktion CaO +H2O -&gt; Ca(OH)2 gewonnen wird<\/p>\n<p><strong><br \/>METHODE UND DOSIERUNG DER ANWENDUNG:<\/strong><\/p>\n<ul style=\"list-style-type: disc\">\n<li>Obstkulturen: 200-300 kg\/ha<\/li>\n<li>Direktausbringung: 200-300 g\/Pflanze<\/li>\n<li>Gem\u00fcsekulturen: 25-35 kg\/1000 m2, bei der Bodenvorbereitung;<\/li>\n<li>Kompostierungshaufen: 3 kg\/mc<\/li>\n<li>Kalkmilchpr\u00e4parat: 2-4 kg\/10 l<\/li>\n<\/ul>\n<p><strong>VERPACKUNG:<\/strong> 500 g Schachtel<\/p><\/p>\n","protected":false},"excerpt":{"rendered":"<p>Kalziumkorrigierendes Mittel mit neutralisierender Wirkung 100% nat\u00fcrlichKalkhydrat ist ein Produkt nat\u00fcrlichen Ursprungs, das durch das Brennen von Kalksteinfelsen gewonnen wird<\/p>\n","protected":false},"featured_media":122838,"comment_status":"open","ping_status":"closed","template":"","meta":[],"product_brand":[],"product_cat":[7929],"product_tag":[],"class_list":{"0":"post-122844","1":"product","2":"type-product","3":"status-publish","4":"has-post-thumbnail","6":"product_cat-pflanzenschutz-und-abwehr","8":"first","9":"outofstock","10":"taxable","11":"shipping-taxable","12":"purchasable","13":"product-type-simple"},"_links":{"self":[{"href":"https:\/\/www.budream.com\/de\/wp-json\/wp\/v2\/product\/122844","targetHints":{"allow":["GET"]}}],"collection":[{"href":"https:\/\/www.budream.com\/de\/wp-json\/wp\/v2\/product"}],"about":[{"href":"https:\/\/www.budream.com\/de\/wp-json\/wp\/v2\/types\/product"}],"replies":[{"embeddable":true,"href":"https:\/\/www.budream.com\/de\/wp-json\/wp\/v2\/comments?post=122844"}],"version-history":[{"count":0,"href":"https:\/\/www.budream.com\/de\/wp-json\/wp\/v2\/product\/122844\/revisions"}],"wp:featuredmedia":[{"embeddable":true,"href":"https:\/\/www.budream.com\/de\/wp-json\/wp\/v2\/media\/122838"}],"wp:attachment":[{"href":"https:\/\/www.budream.com\/de\/wp-json\/wp\/v2\/media?parent=122844"}],"wp:term":[{"taxonomy":"product_brand","embeddable":true,"href":"https:\/\/www.budream.com\/de\/wp-json\/wp\/v2\/product_brand?post=122844"},{"taxonomy":"product_cat","embeddable":true,"href":"https:\/\/www.budream.com\/de\/wp-json\/wp\/v2\/product_cat?post=122844"},{"taxonomy":"product_tag","embeddable":true,"href":"https:\/\/www.budream.com\/de\/wp-json\/wp\/v2\/product_tag?post=122844"}],"curies":[{"name":"wp","href":"https:\/\/api.w.org\/{rel}","templated":true}]}}