{"id":122889,"date":"2025-07-30T15:55:34","date_gmt":"2025-07-30T13:55:34","guid":{"rendered":"https:\/\/www.budream.com\/shop\/biobizz-startpaket\/"},"modified":"2026-03-09T14:46:51","modified_gmt":"2026-03-09T12:46:51","slug":"biobizz-startpaket","status":"publish","type":"product","link":"https:\/\/www.budream.com\/de\/shop\/biobizz-startpaket\/","title":{"rendered":"BIOBIZZ &#8211; STARTPAKET"},"content":{"rendered":"<p>Glauben Sie fest an die Bedeutung des \u00f6kologischen Landbaus? Machen Sie sich Gedanken \u00fcber die Zukunft unseres Planeten? Glauben Sie an die Idee, dass Qualit\u00e4t besser ist als Quantit\u00e4t? Und dass der Geschmack und die Farbe der Pflanzen das ist, was wirklich z\u00e4hlt?<\/p>\n<p>W\u00e4hlen Sie Ihre Ziele, wie Sie wollen: mit Biobizz ist der Rest ein Kinderspiel. Die Starter-Packs sind komplett und ideal, um Ihr landwirtschaftliches Abenteuer in vollem Umfang zu beginnen.<\/p>\n<h3><strong>Genie\u00dfe das Biobizz-Erlebnis<\/strong><\/h3>\n<p>Lassen Sie sich von der Magie der Natur faszinieren: Wurzeln schlagen, wachsen und bl\u00fchen und am Ende der Phasen eine reiche Ernte.<\/p>\n<p>Und Sie m\u00fcssen kein Experte sein. Befolgen Sie das N\u00e4hrstoffprogramm: f\u00fcr gl\u00fcckliche, zufriedene Pflanzen (wie G\u00e4rtner).<\/p>\n<h3><strong>Jede Packung enth\u00e4lt Brosch\u00fcren und anderes n\u00fctzliches Zubeh\u00f6r*:<\/strong><\/h3>\n<p>1L Bio-Grow<br \/>1L Bio-Bloom<br \/>500ml Top-Max<br \/>250ml Wurzel-Saft<br \/>250ml Bio-Himmel<\/p>\n<div id=\"isChromeWebToolbarDiv\"><\/div>\n","protected":false},"excerpt":{"rendered":"<p>Glauben Sie fest an die Bedeutung des \u00f6kologischen Landbaus? Machen Sie sich Gedanken \u00fcber die Zukunft unseres Planeten? Glauben Sie<\/p>\n","protected":false},"featured_media":122878,"comment_status":"open","ping_status":"closed","template":"","meta":[],"product_brand":[],"product_cat":[7934],"product_tag":[],"class_list":{"0":"post-122889","1":"product","2":"type-product","3":"status-publish","4":"has-post-thumbnail","6":"product_cat-duenger","8":"first","9":"instock","10":"taxable","11":"shipping-taxable","12":"purchasable","13":"product-type-simple"},"_links":{"self":[{"href":"https:\/\/www.budream.com\/de\/wp-json\/wp\/v2\/product\/122889","targetHints":{"allow":["GET"]}}],"collection":[{"href":"https:\/\/www.budream.com\/de\/wp-json\/wp\/v2\/product"}],"about":[{"href":"https:\/\/www.budream.com\/de\/wp-json\/wp\/v2\/types\/product"}],"replies":[{"embeddable":true,"href":"https:\/\/www.budream.com\/de\/wp-json\/wp\/v2\/comments?post=122889"}],"version-history":[{"count":0,"href":"https:\/\/www.budream.com\/de\/wp-json\/wp\/v2\/product\/122889\/revisions"}],"wp:featuredmedia":[{"embeddable":true,"href":"https:\/\/www.budream.com\/de\/wp-json\/wp\/v2\/media\/122878"}],"wp:attachment":[{"href":"https:\/\/www.budream.com\/de\/wp-json\/wp\/v2\/media?parent=122889"}],"wp:term":[{"taxonomy":"product_brand","embeddable":true,"href":"https:\/\/www.budream.com\/de\/wp-json\/wp\/v2\/product_brand?post=122889"},{"taxonomy":"product_cat","embeddable":true,"href":"https:\/\/www.budream.com\/de\/wp-json\/wp\/v2\/product_cat?post=122889"},{"taxonomy":"product_tag","embeddable":true,"href":"https:\/\/www.budream.com\/de\/wp-json\/wp\/v2\/product_tag?post=122889"}],"curies":[{"name":"wp","href":"https:\/\/api.w.org\/{rel}","templated":true}]}}