{"id":122909,"date":"2025-07-30T15:56:50","date_gmt":"2025-07-30T13:56:50","guid":{"rendered":"https:\/\/www.budream.com\/shop\/mod-5-5-liter-gruen-blaue-kunststoff-druckpumpe-mit-lanze-zerstaeuber\/"},"modified":"2025-12-04T17:03:43","modified_gmt":"2025-12-04T15:03:43","slug":"mod-5-5-liter-gruen-blaue-kunststoff-druckpumpe-mit-lanze-zerstaeuber","status":"publish","type":"product","link":"https:\/\/www.budream.com\/de\/shop\/mod-5-5-liter-gruen-blaue-kunststoff-druckpumpe-mit-lanze-zerstaeuber\/","title":{"rendered":"MOD.5 5 LITER GR\u00dcN\/BLAUE KUNSTSTOFF-DRUCKPUMPE MIT LANZE &#8211; ZERST\u00c4UBER"},"content":{"rendered":"<p>Professionelle R\u00fcckentragepumpe mit Druckbetrieb. 5 Liter Fassungsverm\u00f6gen. Die Besonderheit dieser Pumpen besteht darin, dass nach dem Einf\u00fcllen der zu verspr\u00fchenden L\u00f6sung die Luft mit Hilfe eines speziellen Hebels in das Innere gepumpt werden muss. Sobald dieser elementare Vorgang abgeschlossen ist, braucht man nur noch den Ausgabeknopf zu dr\u00fccken, um die enthaltene L\u00f6sung zu zerst\u00e4uben. Ausgestattet mit einer Kunststofflanze von 40 cm L\u00e4nge und einer verstellbaren D\u00fcse, mit der man den Fluss der abgegebenen L\u00f6sung verbreitern oder verengen kann.<\/p>\n","protected":false},"excerpt":{"rendered":"<p>Professionelle R\u00fcckentragepumpe mit Druckbetrieb. 5 Liter Fassungsverm\u00f6gen. Die Besonderheit dieser Pumpen besteht darin, dass nach dem Einf\u00fcllen der zu verspr\u00fchenden<\/p>\n","protected":false},"featured_media":122903,"comment_status":"open","ping_status":"closed","template":"","meta":[],"product_brand":[],"product_cat":[7929],"product_tag":[],"class_list":{"0":"post-122909","1":"product","2":"type-product","3":"status-publish","4":"has-post-thumbnail","6":"product_cat-pflanzenschutz-und-abwehr","8":"first","9":"instock","10":"taxable","11":"shipping-taxable","12":"purchasable","13":"product-type-simple"},"_links":{"self":[{"href":"https:\/\/www.budream.com\/de\/wp-json\/wp\/v2\/product\/122909","targetHints":{"allow":["GET"]}}],"collection":[{"href":"https:\/\/www.budream.com\/de\/wp-json\/wp\/v2\/product"}],"about":[{"href":"https:\/\/www.budream.com\/de\/wp-json\/wp\/v2\/types\/product"}],"replies":[{"embeddable":true,"href":"https:\/\/www.budream.com\/de\/wp-json\/wp\/v2\/comments?post=122909"}],"version-history":[{"count":0,"href":"https:\/\/www.budream.com\/de\/wp-json\/wp\/v2\/product\/122909\/revisions"}],"wp:featuredmedia":[{"embeddable":true,"href":"https:\/\/www.budream.com\/de\/wp-json\/wp\/v2\/media\/122903"}],"wp:attachment":[{"href":"https:\/\/www.budream.com\/de\/wp-json\/wp\/v2\/media?parent=122909"}],"wp:term":[{"taxonomy":"product_brand","embeddable":true,"href":"https:\/\/www.budream.com\/de\/wp-json\/wp\/v2\/product_brand?post=122909"},{"taxonomy":"product_cat","embeddable":true,"href":"https:\/\/www.budream.com\/de\/wp-json\/wp\/v2\/product_cat?post=122909"},{"taxonomy":"product_tag","embeddable":true,"href":"https:\/\/www.budream.com\/de\/wp-json\/wp\/v2\/product_tag?post=122909"}],"curies":[{"name":"wp","href":"https:\/\/api.w.org\/{rel}","templated":true}]}}