{"id":122934,"date":"2025-07-30T15:58:51","date_gmt":"2025-07-30T13:58:51","guid":{"rendered":"https:\/\/www.budream.com\/shop\/bioki-natural-antilumaca-rock-powder-900gr\/"},"modified":"2026-03-04T17:56:49","modified_gmt":"2026-03-04T15:56:49","slug":"bioki-natural-antilumaca-rock-powder-900gr","status":"publish","type":"product","link":"https:\/\/www.budream.com\/de\/shop\/bioki-natural-antilumaca-rock-powder-900gr\/","title":{"rendered":"BIOKI &#8211; NATURAL ANTILUMACA ROCK POWDER| 900gr"},"content":{"rendered":"<p>Slug and Slug Barrier ist die ultimative L\u00f6sung zum Schutz Ihrer Pflanzen vor unerw\u00fcnschten Schnecken und Nacktschnecken, da es eine trockene, unwirtliche Umgebung schafft, die Erdbeeren, Gem\u00fcse und Blumen sch\u00fctzt.<\/p>\n<p><strong>BESTIMMTE VERWENDUNG<\/strong><br \/>Balkonpflanzen, Garten, Gem\u00fcsegarten, Obstgarten.<\/p>\n<p><strong>AKTIVIT\u00c4T<\/strong><br \/>Schutz<\/p>\n<p><strong>ZUSAMMENSETZUNG<\/strong><br \/>Nat\u00fcrlicher Zeolith in Flockenform <strong>, frei von Schadstoffen<\/strong>. Kann im \u00f6kologischen Landbau verwendet werden.<\/p>\n<p><strong>EIGENSCHAFTEN<\/strong><br \/>Die Schneckenbarriere ist f\u00fcr eine schnelle und einfache Anwendung konzipiert. Das Granulat kann direkt um die Pflanzen oder in bestimmten Bereichen des Gartens gestreut werden, f\u00fcr eine schnelle und praktische L\u00f6sung, direkt aus dem praktischen Spenderdeckel des Beh\u00e4lters. Es ist unsch\u00e4dlich f\u00fcr Menschen und Haustiere und schont auch n\u00fctzliche Insekten und die Gartenfauna. Seine gezielte Wirkung gegen Schnecken und Nacktschnecken erh\u00e4lt das nat\u00fcrliche Gleichgewicht und die Artenvielfalt.<\/p>\n<p>Wenn seine Wirkung ersch\u00f6pft ist, reichert das Granulat mit hohem Zeolithgehalt den Boden mit Mineralien an, die die Fruchtbarkeit und die allgemeine Bodenstruktur verbessern.<\/p>\n<p><strong>DOSIERUNG UND ANWENDUNGSWEISE<\/strong><br \/><strong>K\u00fcbelpflanzen<\/strong>: das Granulat gleichm\u00e4\u00dfig in der Erde verteilen.<br \/><strong>Garten und Gem\u00fcsegarten<\/strong>: Das Granulat auf dem Boden verteilen und eine Barriere um den gesamten Umfang des zu sch\u00fctzenden Krauts bilden. Die Anwendung nach Regen und starker Bew\u00e4sserung, die die Wirksamkeit der Behandlung beeintr\u00e4chtigen k\u00f6nnen, wiederholen, um die urspr\u00fcnglichen Bedingungen wiederherzustellen. Das Produkt kann bis zur Ernte verwendet werden und ist f\u00fcr Bienen und Nutzinsekten ungiftig.<\/p>\n<p>0,9 kg Dose<\/p>\n","protected":false},"excerpt":{"rendered":"<p>Slug and Slug Barrier ist die ultimative L\u00f6sung zum Schutz Ihrer Pflanzen vor unerw\u00fcnschten Schnecken und Nacktschnecken, da es eine<\/p>\n","protected":false},"featured_media":122928,"comment_status":"open","ping_status":"closed","template":"","meta":[],"product_brand":[],"product_cat":[3095],"product_tag":[],"class_list":{"0":"post-122934","1":"product","2":"type-product","3":"status-publish","4":"has-post-thumbnail","6":"product_cat-antiparassitari-e-difesa","8":"first","9":"instock","10":"taxable","11":"shipping-taxable","12":"purchasable","13":"product-type-simple"},"_links":{"self":[{"href":"https:\/\/www.budream.com\/de\/wp-json\/wp\/v2\/product\/122934","targetHints":{"allow":["GET"]}}],"collection":[{"href":"https:\/\/www.budream.com\/de\/wp-json\/wp\/v2\/product"}],"about":[{"href":"https:\/\/www.budream.com\/de\/wp-json\/wp\/v2\/types\/product"}],"replies":[{"embeddable":true,"href":"https:\/\/www.budream.com\/de\/wp-json\/wp\/v2\/comments?post=122934"}],"version-history":[{"count":0,"href":"https:\/\/www.budream.com\/de\/wp-json\/wp\/v2\/product\/122934\/revisions"}],"wp:featuredmedia":[{"embeddable":true,"href":"https:\/\/www.budream.com\/de\/wp-json\/wp\/v2\/media\/122928"}],"wp:attachment":[{"href":"https:\/\/www.budream.com\/de\/wp-json\/wp\/v2\/media?parent=122934"}],"wp:term":[{"taxonomy":"product_brand","embeddable":true,"href":"https:\/\/www.budream.com\/de\/wp-json\/wp\/v2\/product_brand?post=122934"},{"taxonomy":"product_cat","embeddable":true,"href":"https:\/\/www.budream.com\/de\/wp-json\/wp\/v2\/product_cat?post=122934"},{"taxonomy":"product_tag","embeddable":true,"href":"https:\/\/www.budream.com\/de\/wp-json\/wp\/v2\/product_tag?post=122934"}],"curies":[{"name":"wp","href":"https:\/\/api.w.org\/{rel}","templated":true}]}}