{"id":123039,"date":"2025-07-30T16:09:31","date_gmt":"2025-07-30T14:09:31","guid":{"rendered":"https:\/\/www.budream.com\/shop\/secret-smoke-ersatzfilterpyramide-fuer-eiswaschmaschine\/"},"modified":"2026-03-09T16:07:59","modified_gmt":"2026-03-09T14:07:59","slug":"secret-smoke-ersatzfilterpyramide-fuer-eiswaschmaschine","status":"publish","type":"product","link":"https:\/\/www.budream.com\/de\/shop\/secret-smoke-ersatzfilterpyramide-fuer-eiswaschmaschine\/","title":{"rendered":"SECRET SMOKE &#8211; ERSATZFILTERPYRAMIDE F\u00dcR EISWASCHMASCHINE"},"content":{"rendered":"<p>Filterpyramide f\u00fcr Waschmaschine ICE WASHER<\/p>\n<h2><strong><span style=\"text-decoration: underline\">Eigenschaften Secret Rauch Filter Pyramide:<\/span><\/strong><\/h2>\n<ul style=\"list-style-type: disc\">\n<li>Volumen: 7,5 Liter<\/li>\n<li>Fassungsverm\u00f6gen Trockengut: 75 gr Max<\/li>\n<li>Fassungsverm\u00f6gen f\u00fcr gefrorenes Frischmaterial: 300 gr Max<\/li>\n<\/ul>\n","protected":false},"excerpt":{"rendered":"<p>Filterpyramide f\u00fcr Waschmaschine ICE WASHER Eigenschaften Secret Rauch Filter Pyramide: Volumen: 7,5 Liter Fassungsverm\u00f6gen Trockengut: 75 gr Max Fassungsverm\u00f6gen f\u00fcr<\/p>\n","protected":false},"featured_media":123033,"comment_status":"open","ping_status":"closed","template":"","meta":[],"product_brand":[],"product_cat":[7947],"product_tag":[],"class_list":{"0":"post-123039","1":"product","2":"type-product","3":"status-publish","4":"has-post-thumbnail","6":"product_cat-headshop-de","8":"first","9":"instock","10":"taxable","11":"shipping-taxable","12":"purchasable","13":"product-type-simple"},"_links":{"self":[{"href":"https:\/\/www.budream.com\/de\/wp-json\/wp\/v2\/product\/123039","targetHints":{"allow":["GET"]}}],"collection":[{"href":"https:\/\/www.budream.com\/de\/wp-json\/wp\/v2\/product"}],"about":[{"href":"https:\/\/www.budream.com\/de\/wp-json\/wp\/v2\/types\/product"}],"replies":[{"embeddable":true,"href":"https:\/\/www.budream.com\/de\/wp-json\/wp\/v2\/comments?post=123039"}],"version-history":[{"count":0,"href":"https:\/\/www.budream.com\/de\/wp-json\/wp\/v2\/product\/123039\/revisions"}],"wp:featuredmedia":[{"embeddable":true,"href":"https:\/\/www.budream.com\/de\/wp-json\/wp\/v2\/media\/123033"}],"wp:attachment":[{"href":"https:\/\/www.budream.com\/de\/wp-json\/wp\/v2\/media?parent=123039"}],"wp:term":[{"taxonomy":"product_brand","embeddable":true,"href":"https:\/\/www.budream.com\/de\/wp-json\/wp\/v2\/product_brand?post=123039"},{"taxonomy":"product_cat","embeddable":true,"href":"https:\/\/www.budream.com\/de\/wp-json\/wp\/v2\/product_cat?post=123039"},{"taxonomy":"product_tag","embeddable":true,"href":"https:\/\/www.budream.com\/de\/wp-json\/wp\/v2\/product_tag?post=123039"}],"curies":[{"name":"wp","href":"https:\/\/api.w.org\/{rel}","templated":true}]}}