{"id":123159,"date":"2025-07-30T16:20:10","date_gmt":"2025-07-30T14:20:10","guid":{"rendered":"https:\/\/www.budream.com\/shop\/bioki-kaliumseife-z-schwefel-350gr\/"},"modified":"2026-03-23T15:36:37","modified_gmt":"2026-03-23T13:36:37","slug":"bioki-kaliumseife-z-schwefel-350gr","status":"publish","type":"product","link":"https:\/\/www.budream.com\/de\/shop\/bioki-kaliumseife-z-schwefel-350gr\/","title":{"rendered":"BIOKI &#8211; KALIUMSEIFE Z (SCHWEFEL) | 350gr"},"content":{"rendered":"<p><strong>EIGENSCHAFTEN<\/strong>: Die mit <strong>Schwefel<\/strong> hergestellte Schmierseife eignet sich f\u00fcr Blattbehandlungen von Pflanzen, die unter Pilzbefall leiden, und wird sowohl in der Pr\u00e4ventiv- als auch in der Heilungsphase eingesetzt, wo sie die Widerstandsf\u00e4higkeit erh\u00f6ht.<\/p>\n<p>Aufgrund ihrer starken Waschwirkung eignet sie sich auch zur Beseitigung von organischen R\u00fcckst\u00e4nden, die von Insekten (Honigtau) hinterlassen wurden, sowie von Kalk- und Staubablagerungen, verbessert die Chlorophyllaktivit\u00e4t und schafft ein hygienisch gesundes Umfeld.<br \/>Es ist f\u00fcr alle Pflanzen im Obstbau geeignet (Pfirsich, Aprikose, Pflaume, Apfel, Birne, Kirsche, Wein, Zitrone und Zitrusfr\u00fcchte im Allgemeinen),<br \/>Gartenbau (Kopfsalat, Spinat, Sellerie, Fenchel, Basilikum, Tomaten, Paprika, Auberginen, Erdbeeren, Zwiebeln, Kartoffeln usw.)<br \/>und Gartenbau (Hecken, Bl\u00fchpflanzen, Rosen und Zierpflanzen).<\/p>\n<p>VERPACKUNG 350 g Dose.<\/p>\n","protected":false},"excerpt":{"rendered":"<p>EIGENSCHAFTEN: Die mit Schwefel hergestellte Schmierseife eignet sich f\u00fcr Blattbehandlungen von Pflanzen, die unter Pilzbefall leiden, und wird sowohl in<\/p>\n","protected":false},"featured_media":123153,"comment_status":"open","ping_status":"closed","template":"","meta":[],"product_brand":[],"product_cat":[7929],"product_tag":[],"class_list":{"0":"post-123159","1":"product","2":"type-product","3":"status-publish","4":"has-post-thumbnail","6":"product_cat-pflanzenschutz-und-abwehr","8":"first","9":"instock","10":"taxable","11":"shipping-taxable","12":"purchasable","13":"product-type-simple"},"aioseo_notices":[],"_links":{"self":[{"href":"https:\/\/www.budream.com\/de\/wp-json\/wp\/v2\/product\/123159","targetHints":{"allow":["GET"]}}],"collection":[{"href":"https:\/\/www.budream.com\/de\/wp-json\/wp\/v2\/product"}],"about":[{"href":"https:\/\/www.budream.com\/de\/wp-json\/wp\/v2\/types\/product"}],"replies":[{"embeddable":true,"href":"https:\/\/www.budream.com\/de\/wp-json\/wp\/v2\/comments?post=123159"}],"version-history":[{"count":0,"href":"https:\/\/www.budream.com\/de\/wp-json\/wp\/v2\/product\/123159\/revisions"}],"wp:featuredmedia":[{"embeddable":true,"href":"https:\/\/www.budream.com\/de\/wp-json\/wp\/v2\/media\/123153"}],"wp:attachment":[{"href":"https:\/\/www.budream.com\/de\/wp-json\/wp\/v2\/media?parent=123159"}],"wp:term":[{"taxonomy":"product_brand","embeddable":true,"href":"https:\/\/www.budream.com\/de\/wp-json\/wp\/v2\/product_brand?post=123159"},{"taxonomy":"product_cat","embeddable":true,"href":"https:\/\/www.budream.com\/de\/wp-json\/wp\/v2\/product_cat?post=123159"},{"taxonomy":"product_tag","embeddable":true,"href":"https:\/\/www.budream.com\/de\/wp-json\/wp\/v2\/product_tag?post=123159"}],"curies":[{"name":"wp","href":"https:\/\/api.w.org\/{rel}","templated":true}]}}