{"id":123329,"date":"2025-07-30T16:33:12","date_gmt":"2025-07-30T14:33:12","guid":{"rendered":"https:\/\/www.budream.com\/shop\/biobizz-vormischung-5l\/"},"modified":"2026-01-30T13:14:01","modified_gmt":"2026-01-30T11:14:01","slug":"biobizz-vormischung-5l","status":"publish","type":"product","link":"https:\/\/www.budream.com\/de\/shop\/biobizz-vormischung-5l\/","title":{"rendered":"BIOBIZZ &#8211; VORMISCHUNG | 5L"},"content":{"rendered":"<p class=\"p2\"><span class=\"s1\">Sind Sie auf der Suche nach optimalem, sicherem Wachstum und Bl\u00fcte? Maximale Krankheitsresistenz? Ausdauer gegen Pilze? Pre-Mix&trade; kombiniert verschiedene Qualit\u00e4ten von <\/span><span class=\"s2\">organischen D\u00fcngemitteln<\/span><span class=\"s1\">, Gesteinsmehl, Spurenelementen und Pilzen, alles in den richtigen Mengen, in einer praktischen und vielseitigen Verpackung.<\/span><\/p>\n<h3 class=\"p1\"><span class=\"s1\"><b>Wie wird es verwendet?<\/b><\/span><\/h3>\n<p class=\"p3\"><span class=\"s1\">Pre-Mix&trade; ist ein idealer <\/span><span class=\"s2\">D\u00fcnger <\/span><span class=\"s1\">f\u00fcr die Verpflanzung oder f\u00fcr die Neuanpflanzung. Mischen Sie es mit Erde oder oberirdischem Substrat oder kombinieren Sie es mit hochwertigem organischem <i>Vermicompost <\/i>, um eine <\/span><span class=\"s2\">mikrobielle<\/span><span class=\"s1\">Komponente hinzuzuf\u00fcgen <\/span><span class=\"s1\"> und den N\u00e4hrwert der Erde oder der Pflanzmischung zu verbessern.<\/span><\/p>\n<p>Premix ist ein komprimierter Trockend\u00fcnger mit 100 % nat\u00fcrlichen Inhaltsstoffen aus organischem Material, Gesteinsmehl und Spurenelementen. Diese mikrobiell aktive Mischung wurde so formuliert, dass sie ein kr\u00e4ftiges Wachstum, eine reiche Bl\u00fcte und eine maximale Widerstandsf\u00e4higkeit gegen Krankheiten und Pilzbefall gew\u00e4hrleistet. <\/p>\n<p> <strong>EMPFOHLENE ANWENDUNG:<\/strong><\/p>\n<p>Bei Verwendung von PRE MIX im Kultursubstrat brauchen Sie Ihre Pflanzen in den ersten 2 &#8211; 4 Wochen nicht zu d\u00fcngen. Wir empfehlen die Verwendung von ROOTJUICE, um die Verpflanzung und die Wurzelentwicklung zu optimieren.<\/p>\n<div id=\"isChromeWebToolbarDiv\"><\/div>\n","protected":false},"excerpt":{"rendered":"<p>Sind Sie auf der Suche nach optimalem, sicherem Wachstum und Bl\u00fcte? Maximale Krankheitsresistenz? Ausdauer gegen Pilze? Pre-Mix&trade; kombiniert verschiedene Qualit\u00e4ten<\/p>\n","protected":false},"featured_media":123318,"comment_status":"open","ping_status":"closed","template":"","meta":[],"product_brand":[],"product_cat":[7934],"product_tag":[],"class_list":{"0":"post-123329","1":"product","2":"type-product","3":"status-publish","4":"has-post-thumbnail","6":"product_cat-duenger","8":"first","9":"instock","10":"taxable","11":"shipping-taxable","12":"purchasable","13":"product-type-simple"},"_links":{"self":[{"href":"https:\/\/www.budream.com\/de\/wp-json\/wp\/v2\/product\/123329","targetHints":{"allow":["GET"]}}],"collection":[{"href":"https:\/\/www.budream.com\/de\/wp-json\/wp\/v2\/product"}],"about":[{"href":"https:\/\/www.budream.com\/de\/wp-json\/wp\/v2\/types\/product"}],"replies":[{"embeddable":true,"href":"https:\/\/www.budream.com\/de\/wp-json\/wp\/v2\/comments?post=123329"}],"version-history":[{"count":0,"href":"https:\/\/www.budream.com\/de\/wp-json\/wp\/v2\/product\/123329\/revisions"}],"wp:featuredmedia":[{"embeddable":true,"href":"https:\/\/www.budream.com\/de\/wp-json\/wp\/v2\/media\/123318"}],"wp:attachment":[{"href":"https:\/\/www.budream.com\/de\/wp-json\/wp\/v2\/media?parent=123329"}],"wp:term":[{"taxonomy":"product_brand","embeddable":true,"href":"https:\/\/www.budream.com\/de\/wp-json\/wp\/v2\/product_brand?post=123329"},{"taxonomy":"product_cat","embeddable":true,"href":"https:\/\/www.budream.com\/de\/wp-json\/wp\/v2\/product_cat?post=123329"},{"taxonomy":"product_tag","embeddable":true,"href":"https:\/\/www.budream.com\/de\/wp-json\/wp\/v2\/product_tag?post=123329"}],"curies":[{"name":"wp","href":"https:\/\/api.w.org\/{rel}","templated":true}]}}