{"id":123339,"date":"2025-07-30T16:33:50","date_gmt":"2025-07-30T14:33:50","guid":{"rendered":"https:\/\/www.budream.com\/shop\/rechteckiger-tot-27-x-32-x-25-16-l\/"},"modified":"2025-12-22T23:42:38","modified_gmt":"2025-12-22T21:42:38","slug":"rechteckiger-tot-27-x-32-x-25-16-l","status":"publish","type":"product","link":"https:\/\/www.budream.com\/de\/shop\/rechteckiger-tot-27-x-32-x-25-16-l\/","title":{"rendered":"RECHTECKIGER TOT 27 x 32 x 25 &#8211; 16 L"},"content":{"rendered":"<p>Rechteckige Topf 27 x 32 x 25 &#8211; 16 l Geeignet f\u00fcr die Aufrechterhaltung gro\u00dfer Pflanzen drinnen oder drau\u00dfen.<\/p>\n","protected":false},"excerpt":{"rendered":"<p>Rechteckige Topf 27 x 32 x 25 &#8211; 16 l Geeignet f\u00fcr die Aufrechterhaltung gro\u00dfer Pflanzen drinnen oder drau\u00dfen.<\/p>\n","protected":false},"featured_media":123333,"comment_status":"open","ping_status":"closed","template":"","meta":[],"product_brand":[],"product_cat":[7925],"product_tag":[],"class_list":{"0":"post-123339","1":"product","2":"type-product","3":"status-publish","4":"has-post-thumbnail","6":"product_cat-growshop-de","8":"first","9":"instock","10":"taxable","11":"shipping-taxable","12":"purchasable","13":"product-type-simple"},"_links":{"self":[{"href":"https:\/\/www.budream.com\/de\/wp-json\/wp\/v2\/product\/123339","targetHints":{"allow":["GET"]}}],"collection":[{"href":"https:\/\/www.budream.com\/de\/wp-json\/wp\/v2\/product"}],"about":[{"href":"https:\/\/www.budream.com\/de\/wp-json\/wp\/v2\/types\/product"}],"replies":[{"embeddable":true,"href":"https:\/\/www.budream.com\/de\/wp-json\/wp\/v2\/comments?post=123339"}],"version-history":[{"count":0,"href":"https:\/\/www.budream.com\/de\/wp-json\/wp\/v2\/product\/123339\/revisions"}],"wp:featuredmedia":[{"embeddable":true,"href":"https:\/\/www.budream.com\/de\/wp-json\/wp\/v2\/media\/123333"}],"wp:attachment":[{"href":"https:\/\/www.budream.com\/de\/wp-json\/wp\/v2\/media?parent=123339"}],"wp:term":[{"taxonomy":"product_brand","embeddable":true,"href":"https:\/\/www.budream.com\/de\/wp-json\/wp\/v2\/product_brand?post=123339"},{"taxonomy":"product_cat","embeddable":true,"href":"https:\/\/www.budream.com\/de\/wp-json\/wp\/v2\/product_cat?post=123339"},{"taxonomy":"product_tag","embeddable":true,"href":"https:\/\/www.budream.com\/de\/wp-json\/wp\/v2\/product_tag?post=123339"}],"curies":[{"name":"wp","href":"https:\/\/api.w.org\/{rel}","templated":true}]}}