{"id":123359,"date":"2025-07-30T16:34:51","date_gmt":"2025-07-30T14:34:51","guid":{"rendered":"https:\/\/www.budream.com\/shop\/dutch-passion-white-widow-x-the-ultimate-reg-10-samen\/"},"modified":"2026-03-21T12:22:06","modified_gmt":"2026-03-21T10:22:06","slug":"dutch-passion-white-widow-x-the-ultimate-reg-10-samen","status":"publish","type":"product","link":"https:\/\/www.budream.com\/de\/shop\/dutch-passion-white-widow-x-the-ultimate-reg-10-samen\/","title":{"rendered":"DUTCH PASSION &#8211; WHITE WIDOW X THE ULTIMATE REG | 10 SAMEN"},"content":{"rendered":"<p><strong>WHITE WIDOW X THE ULTIMATE<\/strong> ist ein ausgewogener Hybrid zwischen Indica und Sativa, vielseitig und f\u00fcr jede Gelegenheit geeignet von DUTCH PASSION. Verf\u00fcgbar in Packungen mit 10 Samen regul\u00e4r. Mit sehr hohem THC-Gehalt (Sehr hoch (20\u202f%+)), diese Pflanze richtet sich an erfahrene Z\u00fcchter. Im Anbau, bl\u00fcht schnell in 7-9 Wochen und bietet au\u00dfergew\u00f6hnlich reichlich Ertr\u00e4ge. In der Nase und am Gaumen zeichnet sich sein \ud83c\udf3f Scharf-Aroma aus.<\/p>\n","protected":false},"excerpt":{"rendered":"<p>\ud83c\udf3f WHITE WIDOW X THE ULTIMATE von DUTCH PASSION \u00b7 \ud83e\uddec Indica \/ Sativa \u00b7 \ud83d\udd25 THC sehr hoch (Sehr hoch (20\u202f%+)) \u00b7 \ud83c\udfc6 Ertrag XXL.<\/p>\n","protected":false},"featured_media":123348,"comment_status":"open","ping_status":"closed","template":"","meta":[],"product_brand":[],"product_cat":[7952],"product_tag":[8510,8511,9931,10123,10124,10125,10126,10127,8508],"class_list":{"0":"post-123359","1":"product","2":"type-product","3":"status-publish","4":"has-post-thumbnail","6":"product_cat-seedshop-de","7":"product_tag-indica","8":"product_tag-sativa","9":"product_tag-hybrid","10":"product_tag-white-widow-x-the-ultimate-reg-10-samen","11":"product_tag-thc-sehr-hoch","12":"product_tag-ertrag-xxl","13":"product_tag-cannabis-samen","14":"product_tag-scharf","15":"product_tag-dutch-passion","17":"first","18":"instock","19":"taxable","20":"shipping-taxable","21":"purchasable","22":"product-type-simple"},"_links":{"self":[{"href":"https:\/\/www.budream.com\/de\/wp-json\/wp\/v2\/product\/123359","targetHints":{"allow":["GET"]}}],"collection":[{"href":"https:\/\/www.budream.com\/de\/wp-json\/wp\/v2\/product"}],"about":[{"href":"https:\/\/www.budream.com\/de\/wp-json\/wp\/v2\/types\/product"}],"replies":[{"embeddable":true,"href":"https:\/\/www.budream.com\/de\/wp-json\/wp\/v2\/comments?post=123359"}],"version-history":[{"count":1,"href":"https:\/\/www.budream.com\/de\/wp-json\/wp\/v2\/product\/123359\/revisions"}],"predecessor-version":[{"id":258665,"href":"https:\/\/www.budream.com\/de\/wp-json\/wp\/v2\/product\/123359\/revisions\/258665"}],"wp:featuredmedia":[{"embeddable":true,"href":"https:\/\/www.budream.com\/de\/wp-json\/wp\/v2\/media\/123348"}],"wp:attachment":[{"href":"https:\/\/www.budream.com\/de\/wp-json\/wp\/v2\/media?parent=123359"}],"wp:term":[{"taxonomy":"product_brand","embeddable":true,"href":"https:\/\/www.budream.com\/de\/wp-json\/wp\/v2\/product_brand?post=123359"},{"taxonomy":"product_cat","embeddable":true,"href":"https:\/\/www.budream.com\/de\/wp-json\/wp\/v2\/product_cat?post=123359"},{"taxonomy":"product_tag","embeddable":true,"href":"https:\/\/www.budream.com\/de\/wp-json\/wp\/v2\/product_tag?post=123359"}],"curies":[{"name":"wp","href":"https:\/\/api.w.org\/{rel}","templated":true}]}}