{"id":123379,"date":"2025-07-30T16:36:26","date_gmt":"2025-07-30T14:36:26","guid":{"rendered":"https:\/\/www.budream.com\/shop\/dutch-passion-star-ryder-auto-fem-7-seeds-verfuegbar-solange-der-vorrat-reicht\/"},"modified":"2026-03-21T12:22:23","modified_gmt":"2026-03-21T10:22:23","slug":"dutch-passion-star-ryder-auto-fem-7-seeds-verfuegbar-solange-der-vorrat-reicht","status":"publish","type":"product","link":"https:\/\/www.budream.com\/de\/shop\/dutch-passion-star-ryder-auto-fem-7-seeds-verfuegbar-solange-der-vorrat-reicht\/","title":{"rendered":"DUTCH PASSION &#8211; STAR RYDER AUTO FEM | 7 SEEDS &#8211; Verf\u00fcgbar solange der Vorrat reicht"},"content":{"rendered":"<p><strong>STAR RYDER AUTO FEM | 7 SEEDS<\/strong> ist ein ausgewogener Hybrid zwischen Indica und Sativa, vielseitig und f\u00fcr jede Gelegenheit geeignet von DUTCH PASSION. Verf\u00fcgbar in Packungen mit 7 Samen feminisiert. Mit moderatem THC-Gehalt (Mittel (10\u201314\u202f%)), diese Pflanze richtet sich an eine breite Palette von Z\u00fcchtern. Im Anbau, hat einen mittleren Bl\u00fctezyklus von 10-12 Wochen und garantiert reichlich Ertr\u00e4ge. In der Nase und am Gaumen zeichnet sich sein \ud83c\udf3f Scharf-Aroma aus.<\/p>\n","protected":false},"excerpt":{"rendered":"<p>\ud83c\udf3f STAR RYDER AUTO FEM | 7 SEEDS von DUTCH PASSION \u00b7 \ud83e\uddec Indica \/ Sativa \u00b7 \u2696\ufe0f THC mittel (Mittel (10\u201314\u202f%)) \u00b7 \ud83d\udce6 Ertrag XL.<\/p>\n","protected":false},"featured_media":123373,"comment_status":"open","ping_status":"closed","template":"","meta":[],"product_brand":[],"product_cat":[1175],"product_tag":[10127,10128,10129,8508,8510,8511,9931,9937,10126],"class_list":{"0":"post-123379","1":"product","2":"type-product","3":"status-publish","4":"has-post-thumbnail","6":"product_cat-seedshop","7":"product_tag-scharf","8":"product_tag-feminisierte-samen","9":"product_tag-thc-mittel","10":"product_tag-dutch-passion","11":"product_tag-indica","12":"product_tag-sativa","13":"product_tag-hybrid","14":"product_tag-star-ryder-auto-fem-7-seeds","15":"product_tag-cannabis-samen","17":"first","18":"instock","19":"taxable","20":"shipping-taxable","21":"purchasable","22":"product-type-simple"},"_links":{"self":[{"href":"https:\/\/www.budream.com\/de\/wp-json\/wp\/v2\/product\/123379","targetHints":{"allow":["GET"]}}],"collection":[{"href":"https:\/\/www.budream.com\/de\/wp-json\/wp\/v2\/product"}],"about":[{"href":"https:\/\/www.budream.com\/de\/wp-json\/wp\/v2\/types\/product"}],"replies":[{"embeddable":true,"href":"https:\/\/www.budream.com\/de\/wp-json\/wp\/v2\/comments?post=123379"}],"version-history":[{"count":1,"href":"https:\/\/www.budream.com\/de\/wp-json\/wp\/v2\/product\/123379\/revisions"}],"predecessor-version":[{"id":258666,"href":"https:\/\/www.budream.com\/de\/wp-json\/wp\/v2\/product\/123379\/revisions\/258666"}],"wp:featuredmedia":[{"embeddable":true,"href":"https:\/\/www.budream.com\/de\/wp-json\/wp\/v2\/media\/123373"}],"wp:attachment":[{"href":"https:\/\/www.budream.com\/de\/wp-json\/wp\/v2\/media?parent=123379"}],"wp:term":[{"taxonomy":"product_brand","embeddable":true,"href":"https:\/\/www.budream.com\/de\/wp-json\/wp\/v2\/product_brand?post=123379"},{"taxonomy":"product_cat","embeddable":true,"href":"https:\/\/www.budream.com\/de\/wp-json\/wp\/v2\/product_cat?post=123379"},{"taxonomy":"product_tag","embeddable":true,"href":"https:\/\/www.budream.com\/de\/wp-json\/wp\/v2\/product_tag?post=123379"}],"curies":[{"name":"wp","href":"https:\/\/api.w.org\/{rel}","templated":true}]}}