{"id":123404,"date":"2025-07-30T16:38:37","date_gmt":"2025-07-30T14:38:37","guid":{"rendered":"https:\/\/www.budream.com\/shop\/ep01-360-transparent-graduierter-zerstaeuber-1-liter\/"},"modified":"2025-12-04T17:05:39","modified_gmt":"2025-12-04T15:05:39","slug":"ep01-360-transparent-graduierter-zerstaeuber-1-liter","status":"publish","type":"product","link":"https:\/\/www.budream.com\/de\/shop\/ep01-360-transparent-graduierter-zerstaeuber-1-liter\/","title":{"rendered":"EP01 360\u00b0 TRANSPARENT GRADUIERTER ZERST\u00c4UBER 1 LITER"},"content":{"rendered":"<p>Spr\u00fchzerst\u00e4uber mit verstellbarer D\u00fcse und 360&deg;-Betrieb, so dass der Zerst\u00e4uber auch mit dem Kopf nach unten verwendet werden kann. Geeignet f\u00fcr die Zerst\u00e4ubung von Pflanzenpflegeprodukten. <br \/>Transparent mit Skala f\u00fcr das Volumen in 50-ml-Schritten.<\/p>\n","protected":false},"excerpt":{"rendered":"<p>Spr\u00fchzerst\u00e4uber mit verstellbarer D\u00fcse und 360&deg;-Betrieb, so dass der Zerst\u00e4uber auch mit dem Kopf nach unten verwendet werden kann. Geeignet<\/p>\n","protected":false},"featured_media":123398,"comment_status":"open","ping_status":"closed","template":"","meta":[],"product_brand":[],"product_cat":[7929],"product_tag":[],"class_list":{"0":"post-123404","1":"product","2":"type-product","3":"status-publish","4":"has-post-thumbnail","6":"product_cat-pflanzenschutz-und-abwehr","8":"first","9":"instock","10":"taxable","11":"shipping-taxable","12":"purchasable","13":"product-type-simple"},"_links":{"self":[{"href":"https:\/\/www.budream.com\/de\/wp-json\/wp\/v2\/product\/123404","targetHints":{"allow":["GET"]}}],"collection":[{"href":"https:\/\/www.budream.com\/de\/wp-json\/wp\/v2\/product"}],"about":[{"href":"https:\/\/www.budream.com\/de\/wp-json\/wp\/v2\/types\/product"}],"replies":[{"embeddable":true,"href":"https:\/\/www.budream.com\/de\/wp-json\/wp\/v2\/comments?post=123404"}],"version-history":[{"count":0,"href":"https:\/\/www.budream.com\/de\/wp-json\/wp\/v2\/product\/123404\/revisions"}],"wp:featuredmedia":[{"embeddable":true,"href":"https:\/\/www.budream.com\/de\/wp-json\/wp\/v2\/media\/123398"}],"wp:attachment":[{"href":"https:\/\/www.budream.com\/de\/wp-json\/wp\/v2\/media?parent=123404"}],"wp:term":[{"taxonomy":"product_brand","embeddable":true,"href":"https:\/\/www.budream.com\/de\/wp-json\/wp\/v2\/product_brand?post=123404"},{"taxonomy":"product_cat","embeddable":true,"href":"https:\/\/www.budream.com\/de\/wp-json\/wp\/v2\/product_cat?post=123404"},{"taxonomy":"product_tag","embeddable":true,"href":"https:\/\/www.budream.com\/de\/wp-json\/wp\/v2\/product_tag?post=123404"}],"curies":[{"name":"wp","href":"https:\/\/api.w.org\/{rel}","templated":true}]}}