{"id":123429,"date":"2025-07-30T16:40:10","date_gmt":"2025-07-30T14:40:10","guid":{"rendered":"https:\/\/www.budream.com\/shop\/hollaendische-leidenschaft-lila-1-fem-5-samen\/"},"modified":"2026-03-21T12:22:28","modified_gmt":"2026-03-21T10:22:28","slug":"hollaendische-leidenschaft-lila-1-fem-5-samen","status":"publish","type":"product","link":"https:\/\/www.budream.com\/de\/shop\/hollaendische-leidenschaft-lila-1-fem-5-samen\/","title":{"rendered":"HOLL\u00c4NDISCHE LEIDENSCHAFT &#8211; LILA #1 FEM | 5 SAMEN"},"content":{"rendered":"<p><strong>LILA #1<\/strong> ist ein Sativa-dominanter Hybrid, ideal f\u00fcr diejenigen, die Klarheit und Kreativit\u00e4t suchen von DUTCH PASSION. Verf\u00fcgbar in Packungen mit 5 Samen feminisiert. Mit moderatem THC-Gehalt (Mittel (10\u201314\u202f%)), diese Pflanze richtet sich an eine breite Palette von Z\u00fcchtern. Im Anbau, bl\u00fcht schnell in 7-9 Wochen und produziert gro\u00dfz\u00fcgige Ertr\u00e4ge. In der Nase und am Gaumen zeichnet sich sein \ud83c\udf3f Scharf-Aroma aus.<\/p>\n","protected":false},"excerpt":{"rendered":"<p>\ud83c\udf3f LILA #1 von DUTCH PASSION \u00b7 \ud83e\uddec Sativa Dominant (60%+) \u00b7 \u2696\ufe0f THC mittel (Mittel (10\u201314\u202f%)).<\/p>\n","protected":false},"featured_media":123418,"comment_status":"open","ping_status":"closed","template":"","meta":[],"product_brand":[],"product_cat":[7952],"product_tag":[8508,8511,10126,10127,10128,10129,10130],"class_list":{"0":"post-123429","1":"product","2":"type-product","3":"status-publish","4":"has-post-thumbnail","6":"product_cat-seedshop-de","7":"product_tag-dutch-passion","8":"product_tag-sativa","9":"product_tag-cannabis-samen","10":"product_tag-scharf","11":"product_tag-feminisierte-samen","12":"product_tag-thc-mittel","13":"product_tag-lila-1-fem-5-samen","15":"first","16":"outofstock","17":"taxable","18":"shipping-taxable","19":"purchasable","20":"product-type-simple"},"_links":{"self":[{"href":"https:\/\/www.budream.com\/de\/wp-json\/wp\/v2\/product\/123429","targetHints":{"allow":["GET"]}}],"collection":[{"href":"https:\/\/www.budream.com\/de\/wp-json\/wp\/v2\/product"}],"about":[{"href":"https:\/\/www.budream.com\/de\/wp-json\/wp\/v2\/types\/product"}],"replies":[{"embeddable":true,"href":"https:\/\/www.budream.com\/de\/wp-json\/wp\/v2\/comments?post=123429"}],"version-history":[{"count":1,"href":"https:\/\/www.budream.com\/de\/wp-json\/wp\/v2\/product\/123429\/revisions"}],"predecessor-version":[{"id":258667,"href":"https:\/\/www.budream.com\/de\/wp-json\/wp\/v2\/product\/123429\/revisions\/258667"}],"wp:featuredmedia":[{"embeddable":true,"href":"https:\/\/www.budream.com\/de\/wp-json\/wp\/v2\/media\/123418"}],"wp:attachment":[{"href":"https:\/\/www.budream.com\/de\/wp-json\/wp\/v2\/media?parent=123429"}],"wp:term":[{"taxonomy":"product_brand","embeddable":true,"href":"https:\/\/www.budream.com\/de\/wp-json\/wp\/v2\/product_brand?post=123429"},{"taxonomy":"product_cat","embeddable":true,"href":"https:\/\/www.budream.com\/de\/wp-json\/wp\/v2\/product_cat?post=123429"},{"taxonomy":"product_tag","embeddable":true,"href":"https:\/\/www.budream.com\/de\/wp-json\/wp\/v2\/product_tag?post=123429"}],"curies":[{"name":"wp","href":"https:\/\/api.w.org\/{rel}","templated":true}]}}