{"id":123559,"date":"2025-07-30T16:48:48","date_gmt":"2025-07-30T14:48:48","guid":{"rendered":"https:\/\/www.budream.com\/shop\/cleanlight-hobby-unit-11w-toetet-pilze-viren-und-bakterien\/"},"modified":"2025-11-25T11:47:42","modified_gmt":"2025-11-25T09:47:42","slug":"cleanlight-hobby-unit-11w-toetet-pilze-viren-und-bakterien","status":"publish","type":"product","link":"https:\/\/www.budream.com\/de\/shop\/cleanlight-hobby-unit-11w-toetet-pilze-viren-und-bakterien\/","title":{"rendered":"CLEANLIGHT HOBBY UNIT 11W &#8211; T\u00d6TET PILZE, VIREN UND BAKTERIEN"},"content":{"rendered":"<div style=\"font-family: arial;font-size: 12px;font-style: normal;font-variant: normal;font-weight: normal;line-height: normal;text-align: justify\">UV-Strahlung wird seit Jahrzehnten zur Desinfektion von Trinkwasser und zur Desinfektion der Luft in Krankenh\u00e4usern eingesetzt.<\/div>\n<div style=\"font-family: arial;font-size: 12px;font-style: normal;font-variant: normal;font-weight: normal;line-height: normal;text-align: justify\">Dank UVSOURCE nutzen heute viele Landwirte und G\u00e4rtner CLEAN LIGHT, um Pestizide durch diese neue UV-C-basierte Technologie zu ersetzen.<\/p>\n<p>Mit CLEAN LIGHT HOBBY UNIT k\u00f6nnen Sie diese Technologie endlich auch zu Hause nutzen. CLEAN LIGHT HOBBY UNIT bietet Ihnen die M\u00f6glichkeit, Pflanzen, Blumen und Nutzpflanzen auf biologische und umweltfreundliche Weise vor Bakterien, Schimmelpilzen und Viren zu sch\u00fctzen. <\/p>\n<p>Chemische Pestizide k\u00f6nnen n\u00e4mlich die Umwelt sch\u00e4digen und sind sicherlich nicht gut f\u00fcr den Geschmack der essbaren Pflanzen; au\u00dferdem k\u00f6nnen Pestizide sehr gesundheitssch\u00e4dlich sein.<\/p><\/div>\n<div style=\"text-align: justify\"><span style=\"font-size: 12px\">Mit dem CLEAN LIGHT HOBBY UNIT k\u00f6nnen Sie Pestizide durch eine Dosis UV-Strahlen ersetzen. <br \/><\/span><br \/>UVC-Strahlen haben eine t\u00f6dliche Wirkung auf Viren, Schimmelpilze und Bakterien, weil sie die DNA-Kette besch\u00e4digen und ihre Neubildung verhindern.<\/div>\n<p><span style=\"font-family: arial\"><span style=\"font-size: 12px\">Wof\u00fcr kann es verwendet werden?<\/span><\/span><br \/> <span style=\"font-family: arial\"><span style=\"font-size: 12px\"> &#8211; F\u00fcr Pflanzen<\/span><\/span><br \/> <span style=\"font-family: arial\"><span style=\"font-size: 12px\"> &#8211; Blumen <\/span><\/span><br \/> <span style=\"font-family: arial\"><span style=\"font-size: 12px\">&#8211; Gem\u00fcse und H\u00fclsenfr\u00fcchte <\/span><\/span><br \/> <span style=\"font-family: arial\"><span style=\"font-size: 12px\">&#8211; Obst<\/span><\/span><br \/> <span style=\"font-family: arial\"><span style=\"font-size: 12px\"> &#8211; Rasen <\/span><\/span><\/p>\n<p> <span style=\"font-family: arial\"><span style=\"font-size: 12px\"> CLEAN LIGHT HOBBY UNIT enth\u00e4lt: <\/span><\/span><br \/> <span style=\"font-family: arial\"><span style=\"font-size: 12px\"> &#8211; CleanLight Werkzeug<\/span><\/span><br \/> <span style=\"font-family: arial\"><span style=\"font-size: 12px\"> &#8211; CleanLight Lampe (11 Watt)<\/span><\/span><br \/> <span style=\"font-family: arial\"><span style=\"font-size: 12px\"> &#8211; UV-Schutzbrille<\/span><\/span><br \/> <span style=\"font-family: arial\"><span style=\"font-size: 12px\"> &#8211; Handschuhe <\/span><\/span><\/p>\n<p> <span style=\"font-family: arial\"><span style=\"font-size: 12px\"> WICHTIG: BEI DER VERWENDUNG M\u00dcSSEN DIE MITGELIEFERTEN SCHUTZBRILLEN UND HANDSCHUHE GETRAGEN WERDEN. ALLE K\u00d6RPERTEILE SOLLTEN DURCH LANGE KLEIDUNG GESCH\u00dcTZT WERDEN.<\/span><\/span><\/p>\n<div id=\"isChromeWebToolbarDiv\"><\/div>\n","protected":false},"excerpt":{"rendered":"<p>UV-Strahlung wird seit Jahrzehnten zur Desinfektion von Trinkwasser und zur Desinfektion der Luft in Krankenh\u00e4usern eingesetzt. Dank UVSOURCE nutzen heute<\/p>\n","protected":false},"featured_media":123523,"comment_status":"open","ping_status":"closed","template":"","meta":[],"product_brand":[],"product_cat":[7929],"product_tag":[],"class_list":{"0":"post-123559","1":"product","2":"type-product","3":"status-publish","4":"has-post-thumbnail","6":"product_cat-pflanzenschutz-und-abwehr","8":"first","9":"outofstock","10":"taxable","11":"shipping-taxable","12":"purchasable","13":"product-type-simple"},"_links":{"self":[{"href":"https:\/\/www.budream.com\/de\/wp-json\/wp\/v2\/product\/123559","targetHints":{"allow":["GET"]}}],"collection":[{"href":"https:\/\/www.budream.com\/de\/wp-json\/wp\/v2\/product"}],"about":[{"href":"https:\/\/www.budream.com\/de\/wp-json\/wp\/v2\/types\/product"}],"replies":[{"embeddable":true,"href":"https:\/\/www.budream.com\/de\/wp-json\/wp\/v2\/comments?post=123559"}],"version-history":[{"count":0,"href":"https:\/\/www.budream.com\/de\/wp-json\/wp\/v2\/product\/123559\/revisions"}],"wp:featuredmedia":[{"embeddable":true,"href":"https:\/\/www.budream.com\/de\/wp-json\/wp\/v2\/media\/123523"}],"wp:attachment":[{"href":"https:\/\/www.budream.com\/de\/wp-json\/wp\/v2\/media?parent=123559"}],"wp:term":[{"taxonomy":"product_brand","embeddable":true,"href":"https:\/\/www.budream.com\/de\/wp-json\/wp\/v2\/product_brand?post=123559"},{"taxonomy":"product_cat","embeddable":true,"href":"https:\/\/www.budream.com\/de\/wp-json\/wp\/v2\/product_cat?post=123559"},{"taxonomy":"product_tag","embeddable":true,"href":"https:\/\/www.budream.com\/de\/wp-json\/wp\/v2\/product_tag?post=123559"}],"curies":[{"name":"wp","href":"https:\/\/api.w.org\/{rel}","templated":true}]}}