{"id":123569,"date":"2025-07-30T16:49:18","date_gmt":"2025-07-30T14:49:18","guid":{"rendered":"https:\/\/www.budream.com\/shop\/bioki-kupfer-sulphat-antika-officina-botanica-500gr\/"},"modified":"2026-03-24T17:47:36","modified_gmt":"2026-03-24T15:47:36","slug":"bioki-kupfer-sulphat-antika-officina-botanica-500gr","status":"publish","type":"product","link":"https:\/\/www.budream.com\/de\/shop\/bioki-kupfer-sulphat-antika-officina-botanica-500gr\/","title":{"rendered":"BIOKI &#8211; KUPFER SULPHAT ANTIKA OFFICINA BOTANICA | 500gr"},"content":{"rendered":"<p>Kupfersulfat verbessert die photosynthetische Aktivit\u00e4t als Katalysator der Chlorophyllsynthese; erh\u00f6ht die Verholzung; stimuliert die Wurzel- und Sprossentwicklung; erh\u00f6ht die Pflanzenproduktivit\u00e4t; st\u00e4rkt die allgemeine Pflanzenstruktur vor Stress durch Sch\u00e4dlinge.<\/p>\n<p>Kupfersulfat sollte bei vegetativen Behandlungen neutralisiert werden, um Blattverbrennungen zu vermeiden.<\/p>\n<p>WARNUNGEN<\/p>\n<p>Produkt mit hoher L\u00f6slichkeit und Reinheit, geeignet f\u00fcr Blatt- und Wurzelanwendungen. K\u00fchl und trocken bei Temperaturen zwischen 5 und 45 Grad Celsius lagern. Vor direkter Sonneneinstrahlung sch\u00fctzen. Angemessene Dosierung nicht \u00fcberschreiten. Die Anwendung in Trockenperioden und w\u00e4hrend der Bl\u00fctezeit ist zu vermeiden. Nur bei anerkanntem Bedarf verwenden.<\/p>\n","protected":false},"excerpt":{"rendered":"<p>Kupfersulfat verbessert die photosynthetische Aktivit\u00e4t als Katalysator der Chlorophyllsynthese; erh\u00f6ht die Verholzung; stimuliert die Wurzel- und Sprossentwicklung; erh\u00f6ht die Pflanzenproduktivit\u00e4t;<\/p>\n","protected":false},"featured_media":123563,"comment_status":"open","ping_status":"closed","template":"","meta":[],"product_brand":[],"product_cat":[7929],"product_tag":[],"class_list":{"0":"post-123569","1":"product","2":"type-product","3":"status-publish","4":"has-post-thumbnail","6":"product_cat-pflanzenschutz-und-abwehr","8":"first","9":"instock","10":"taxable","11":"shipping-taxable","12":"purchasable","13":"product-type-simple"},"_links":{"self":[{"href":"https:\/\/www.budream.com\/de\/wp-json\/wp\/v2\/product\/123569","targetHints":{"allow":["GET"]}}],"collection":[{"href":"https:\/\/www.budream.com\/de\/wp-json\/wp\/v2\/product"}],"about":[{"href":"https:\/\/www.budream.com\/de\/wp-json\/wp\/v2\/types\/product"}],"replies":[{"embeddable":true,"href":"https:\/\/www.budream.com\/de\/wp-json\/wp\/v2\/comments?post=123569"}],"version-history":[{"count":0,"href":"https:\/\/www.budream.com\/de\/wp-json\/wp\/v2\/product\/123569\/revisions"}],"wp:featuredmedia":[{"embeddable":true,"href":"https:\/\/www.budream.com\/de\/wp-json\/wp\/v2\/media\/123563"}],"wp:attachment":[{"href":"https:\/\/www.budream.com\/de\/wp-json\/wp\/v2\/media?parent=123569"}],"wp:term":[{"taxonomy":"product_brand","embeddable":true,"href":"https:\/\/www.budream.com\/de\/wp-json\/wp\/v2\/product_brand?post=123569"},{"taxonomy":"product_cat","embeddable":true,"href":"https:\/\/www.budream.com\/de\/wp-json\/wp\/v2\/product_cat?post=123569"},{"taxonomy":"product_tag","embeddable":true,"href":"https:\/\/www.budream.com\/de\/wp-json\/wp\/v2\/product_tag?post=123569"}],"curies":[{"name":"wp","href":"https:\/\/api.w.org\/{rel}","templated":true}]}}