{"id":123979,"date":"2025-07-30T17:16:36","date_gmt":"2025-07-30T15:16:36","guid":{"rendered":"https:\/\/www.budream.com\/shop\/ersatzbirne-fuer-cleanlight-hobbygeraet-11w\/"},"modified":"2025-10-14T15:04:43","modified_gmt":"2025-10-14T13:04:43","slug":"ersatzbirne-fuer-cleanlight-hobbygeraet-11w","status":"publish","type":"product","link":"https:\/\/www.budream.com\/de\/shop\/ersatzbirne-fuer-cleanlight-hobbygeraet-11w\/","title":{"rendered":"ERSATZBIRNE F\u00dcR CLEANLIGHT HOBBYGER\u00c4T 11W"},"content":{"rendered":"<p>Ersatzbirne f\u00fcr CLEANLIGHT BULB 11W<\/p>\n<div id=\"isChromeWebToolbarDiv\"><\/div>\n","protected":false},"excerpt":{"rendered":"<p>Ersatzbirne f\u00fcr CLEANLIGHT BULB 11W<\/p>\n","protected":false},"featured_media":123973,"comment_status":"open","ping_status":"closed","template":"","meta":[],"product_brand":[],"product_cat":[7929],"product_tag":[],"class_list":{"0":"post-123979","1":"product","2":"type-product","3":"status-publish","4":"has-post-thumbnail","6":"product_cat-pflanzenschutz-und-abwehr","8":"first","9":"instock","10":"taxable","11":"shipping-taxable","12":"purchasable","13":"product-type-simple"},"_links":{"self":[{"href":"https:\/\/www.budream.com\/de\/wp-json\/wp\/v2\/product\/123979","targetHints":{"allow":["GET"]}}],"collection":[{"href":"https:\/\/www.budream.com\/de\/wp-json\/wp\/v2\/product"}],"about":[{"href":"https:\/\/www.budream.com\/de\/wp-json\/wp\/v2\/types\/product"}],"replies":[{"embeddable":true,"href":"https:\/\/www.budream.com\/de\/wp-json\/wp\/v2\/comments?post=123979"}],"version-history":[{"count":0,"href":"https:\/\/www.budream.com\/de\/wp-json\/wp\/v2\/product\/123979\/revisions"}],"wp:featuredmedia":[{"embeddable":true,"href":"https:\/\/www.budream.com\/de\/wp-json\/wp\/v2\/media\/123973"}],"wp:attachment":[{"href":"https:\/\/www.budream.com\/de\/wp-json\/wp\/v2\/media?parent=123979"}],"wp:term":[{"taxonomy":"product_brand","embeddable":true,"href":"https:\/\/www.budream.com\/de\/wp-json\/wp\/v2\/product_brand?post=123979"},{"taxonomy":"product_cat","embeddable":true,"href":"https:\/\/www.budream.com\/de\/wp-json\/wp\/v2\/product_cat?post=123979"},{"taxonomy":"product_tag","embeddable":true,"href":"https:\/\/www.budream.com\/de\/wp-json\/wp\/v2\/product_tag?post=123979"}],"curies":[{"name":"wp","href":"https:\/\/api.w.org\/{rel}","templated":true}]}}