{"id":124024,"date":"2025-07-30T17:19:04","date_gmt":"2025-07-30T15:19:04","guid":{"rendered":"https:\/\/www.budream.com\/shop\/sauberes-licht-wasserreiniger-40w-uvc\/"},"modified":"2025-10-14T15:08:12","modified_gmt":"2025-10-14T13:08:12","slug":"sauberes-licht-wasserreiniger-40w-uvc","status":"publish","type":"product","link":"https:\/\/www.budream.com\/de\/shop\/sauberes-licht-wasserreiniger-40w-uvc\/","title":{"rendered":"SAUBERES LICHT WASSERREINIGER 40W UVC"},"content":{"rendered":"<div><span style=\"font-size: 10pt;font-family: Arial\"><span style=\"font-family: Arial;font-size: 13px\">Das Reinigungsger\u00e4t CLEAN LIGHT WATER PURIFIER 40 beseitigt BACTERIA, VIRUSES, ALGHES und MYCOTIC AGENTS (Pilze) aus dem behandelten Wasser; die UV-C-Lampe im Inneren des Reinigungsger\u00e4ts hat eine sterilisierende Wirkung und garantiert so ein hochreines Wasser.<\/p>\n<p><\/span><\/span><\/p>\n<div>Der CLEAN LIGHT WATER PURIFIER <span style=\"font-size: 10pt\">verf\u00fcgt \u00fcber ein eingebautes elektronisches Hochfrequenz-Vorschaltger\u00e4t, das Stromschwankungen absorbiert und so die Lampe sch\u00fctzt. <\/span> <\/p>\n<p>CLEAN LIGHT WATER PURIFIER <span style=\"font-size: 10pt\">verf\u00fcgt au\u00dferdem \u00fcber einen eingebauten Z\u00e4hler, der die Anzahl der Betriebsstunden genau \u00fcberwacht, so dass man genau wei\u00df, wann die Lampe ausgetauscht werden muss.<\/span><\/div>\n<\/div>\n<div><span style=\"font-size: 11px\"> <\/span><\/div>\n<div><span style=\"font-size: 10pt;font-family: Arial\">Seine Edelstahlkonstruktion reflektiert die von der Lampe abgegebene UV-C-Strahlung und erh\u00f6ht so die Effizienz um 35 %. <\/span><\/div>\n<div><span style=\"font-size: 11px\"> <\/span><\/div>\n<div><span style=\"font-size: 10pt;font-family: Arial\">Vorteile der UV-C-Wasserbehandlung:<\/span><\/div>\n<div><span style=\"font-size: 11px\"> <\/span><\/div>\n<div><span style=\"font-size: 10pt;font-family: Arial\">&#8211; Sorgt f\u00fcr frisches, sauberes Wasser;<\/span><\/div>\n<div><span style=\"font-family: Arial;font-size: 10pt\">&#8211; Desinfiziert Wasser effizient und sicher;<\/span><\/div>\n<div><span style=\"font-family: Arial;font-size: 10pt\">&#8211; Beseitigt Schimmel, Bakterien und Algen;<\/span><\/div>\n<div><span style=\"font-family: Arial;font-size: 10pt\">&#8211; Kann den Einsatz von Chlor und anderen Chemikalien um bis zu 80 % reduzieren.<\/span><\/div>\n<div><span style=\"font-family: Arial;font-size: 10pt\"><br \/>Vorteile von <\/span><span style=\"font-family: Arial;font-size: 13px\">CLEAN LIGHT WATER PURIFIER 40<\/span><span style=\"font-family: Arial;font-size: 10pt\">:<\/span><\/div>\n<div><span style=\"font-size: 11px\"> <\/span><\/div>\n<div><span style=\"font-size: 10pt;font-family: Arial\">&#8211; 35 % h\u00f6here UV-C-Strahlung;<\/span><\/div>\n<div><span style=\"font-family: Arial;font-size: 10pt\">&#8211; Lebensdauer der Lampe von 9000 Stunden;<\/span><\/div>\n<div><span style=\"font-family: Arial;font-size: 10pt\">&#8211; Integrierter einstellbarer Zeitmesser f\u00fcr die UV-C-Lampe;<\/span><\/div>\n<div><span style=\"font-family: Arial;font-size: 10pt\">&#8211; Digitale Anzeige, wenn die Lampe ausgetauscht werden muss;<\/span><\/div>\n<div><span style=\"font-family: Arial;font-size: 10pt\">&#8211; Geh\u00e4use aus rostfreiem Stahl;<\/span><\/div>\n<div><span style=\"font-family: Arial;font-size: 10pt\">&#8211; Einfache Installation und Wartung;<\/span><\/div>\n<div><span style=\"font-family: Arial;font-size: 10pt\">&#8211; 2 Jahre Garantie gegen Herstellungsfehler;<\/span><\/div>\n<div><span style=\"font-family: Arial;font-size: 10pt\">&#8211; Inklusive Befestigungsmaterial mit 63 mm und 50 mm Durchmesser;<\/span><\/div>\n<div><span style=\"font-size: 11px\"> <\/span><\/div>\n<div><span style=\"font-size: 10pt;font-family: Arial\">Dieser <\/span><span style=\"font-family: Arial;font-size: 13px\">CLEAN LIGHT WATER PURIFIER<\/span><span style=\"font-size: 10pt;font-family: Arial\"> 40 kann zur Wasserdesinfektion f\u00fcr den hydroponischen Anbau und die Bew\u00e4sserung, zur Wasseraufbereitung f\u00fcr Schwimmb\u00e4der, Wannen oder andere Anlagen verwendet werden<\/span>.<span style=\"font-size: 10pt;font-family: Arial\"> <\/p>\n<p><\/span><\/div>\n<div><span style=\"font-size: 10pt;font-family: Arial\">Technische Daten:<\/span><\/div>\n<div><span style=\"font-size: 11px\"> <\/span><\/div>\n<div><span style=\"font-size: 10pt;font-family: Arial\">&#8211; UV- C Zeitschaltuhr 40.000 L<\/span><span style=\"font-family: Arial;font-size: 10pt\"><br \/><\/span>&#8211; <span style=\"font-size: 10pt;font-family: Arial\"> Lampe: <\/span><span style=\"font-family: Arial;font-size: 10pt\">40 Watt <\/span><span style=\"font-family: Arial;font-size: 10pt\">UV- C<\/span><\/div>\n<div>&#8211;<span style=\"font-size: 10pt;font-family: Arial\"> Maximale Durchflussmenge: <\/span><span style=\"font-family: Arial;font-size: 10pt\">20.000 L\/h<br \/><\/span><\/div>\n<div><span style=\"font-family: Arial;font-size: 10pt\">&#8211; Maximaler Druck: 2 BAR<br \/>&#8211; Anschluss: 63-50mm<\/p>\n<p><\/span><span style=\"font-family: Arial;font-size: 10pt\"><br \/><\/span><\/div>\n","protected":false},"excerpt":{"rendered":"<p>Das Reinigungsger\u00e4t CLEAN LIGHT WATER PURIFIER 40 beseitigt BACTERIA, VIRUSES, ALGHES und MYCOTIC AGENTS (Pilze) aus dem behandelten Wasser; die<\/p>\n","protected":false},"featured_media":124013,"comment_status":"open","ping_status":"closed","template":"","meta":[],"product_brand":[],"product_cat":[7929],"product_tag":[],"class_list":{"0":"post-124024","1":"product","2":"type-product","3":"status-publish","4":"has-post-thumbnail","6":"product_cat-pflanzenschutz-und-abwehr","8":"first","9":"outofstock","10":"taxable","11":"shipping-taxable","12":"purchasable","13":"product-type-simple"},"_links":{"self":[{"href":"https:\/\/www.budream.com\/de\/wp-json\/wp\/v2\/product\/124024","targetHints":{"allow":["GET"]}}],"collection":[{"href":"https:\/\/www.budream.com\/de\/wp-json\/wp\/v2\/product"}],"about":[{"href":"https:\/\/www.budream.com\/de\/wp-json\/wp\/v2\/types\/product"}],"replies":[{"embeddable":true,"href":"https:\/\/www.budream.com\/de\/wp-json\/wp\/v2\/comments?post=124024"}],"version-history":[{"count":0,"href":"https:\/\/www.budream.com\/de\/wp-json\/wp\/v2\/product\/124024\/revisions"}],"wp:featuredmedia":[{"embeddable":true,"href":"https:\/\/www.budream.com\/de\/wp-json\/wp\/v2\/media\/124013"}],"wp:attachment":[{"href":"https:\/\/www.budream.com\/de\/wp-json\/wp\/v2\/media?parent=124024"}],"wp:term":[{"taxonomy":"product_brand","embeddable":true,"href":"https:\/\/www.budream.com\/de\/wp-json\/wp\/v2\/product_brand?post=124024"},{"taxonomy":"product_cat","embeddable":true,"href":"https:\/\/www.budream.com\/de\/wp-json\/wp\/v2\/product_cat?post=124024"},{"taxonomy":"product_tag","embeddable":true,"href":"https:\/\/www.budream.com\/de\/wp-json\/wp\/v2\/product_tag?post=124024"}],"curies":[{"name":"wp","href":"https:\/\/api.w.org\/{rel}","templated":true}]}}