{"id":124139,"date":"2025-07-30T17:27:49","date_gmt":"2025-07-30T15:27:49","guid":{"rendered":"https:\/\/www.budream.com\/shop\/watermaster-5l-blattbehandlung-druckpumpe\/"},"modified":"2026-03-26T15:25:57","modified_gmt":"2026-03-26T13:25:57","slug":"watermaster-5l-blattbehandlung-druckpumpe","status":"publish","type":"product","link":"https:\/\/www.budream.com\/de\/shop\/watermaster-5l-blattbehandlung-druckpumpe\/","title":{"rendered":"WATERMASTER 5L BLATTBEHANDLUNG DRUCKPUMPE"},"content":{"rendered":"<p>Professionelle Rucksackpumpe mit Druckbetrieb. <br \/>Ladevolumen 5 Liter. <br \/>Die Besonderheit dieser Pumpen besteht darin, dass man nach dem Einf\u00fcllen der zu verspr\u00fchenden L\u00f6sung \u00fcber einen speziellen Hebel Luft hineinpumpen muss. Sobald dieser einfache Vorgang abgeschlossen ist, gen\u00fcgt es, den Ausgabeknopf zu dr\u00fccken, um die enthaltene L\u00f6sung zu zerst\u00e4uben. <\/p>\n<p>Ausgestattet mit einer 50 cm langen Kunststofflanze und einer verstellbaren D\u00fcse, mit der man den Fluss der abgegebenen L\u00f6sung verbreitern oder verengen kann.<\/p>\n","protected":false},"excerpt":{"rendered":"<p>Professionelle Rucksackpumpe mit Druckbetrieb. Ladevolumen 5 Liter. Die Besonderheit dieser Pumpen besteht darin, dass man nach dem Einf\u00fcllen der zu<\/p>\n","protected":false},"featured_media":124133,"comment_status":"open","ping_status":"closed","template":"","meta":[],"product_brand":[],"product_cat":[7929],"product_tag":[],"class_list":{"0":"post-124139","1":"product","2":"type-product","3":"status-publish","4":"has-post-thumbnail","6":"product_cat-pflanzenschutz-und-abwehr","8":"first","9":"instock","10":"taxable","11":"shipping-taxable","12":"purchasable","13":"product-type-simple"},"_links":{"self":[{"href":"https:\/\/www.budream.com\/de\/wp-json\/wp\/v2\/product\/124139","targetHints":{"allow":["GET"]}}],"collection":[{"href":"https:\/\/www.budream.com\/de\/wp-json\/wp\/v2\/product"}],"about":[{"href":"https:\/\/www.budream.com\/de\/wp-json\/wp\/v2\/types\/product"}],"replies":[{"embeddable":true,"href":"https:\/\/www.budream.com\/de\/wp-json\/wp\/v2\/comments?post=124139"}],"version-history":[{"count":0,"href":"https:\/\/www.budream.com\/de\/wp-json\/wp\/v2\/product\/124139\/revisions"}],"wp:featuredmedia":[{"embeddable":true,"href":"https:\/\/www.budream.com\/de\/wp-json\/wp\/v2\/media\/124133"}],"wp:attachment":[{"href":"https:\/\/www.budream.com\/de\/wp-json\/wp\/v2\/media?parent=124139"}],"wp:term":[{"taxonomy":"product_brand","embeddable":true,"href":"https:\/\/www.budream.com\/de\/wp-json\/wp\/v2\/product_brand?post=124139"},{"taxonomy":"product_cat","embeddable":true,"href":"https:\/\/www.budream.com\/de\/wp-json\/wp\/v2\/product_cat?post=124139"},{"taxonomy":"product_tag","embeddable":true,"href":"https:\/\/www.budream.com\/de\/wp-json\/wp\/v2\/product_tag?post=124139"}],"curies":[{"name":"wp","href":"https:\/\/api.w.org\/{rel}","templated":true}]}}