{"id":124154,"date":"2025-07-30T17:29:08","date_gmt":"2025-07-30T15:29:08","guid":{"rendered":"https:\/\/www.budream.com\/shop\/druckpumpe-zerstaeuber-spray-1l\/"},"modified":"2026-03-10T16:46:54","modified_gmt":"2026-03-10T14:46:54","slug":"druckpumpe-zerstaeuber-spray-1l","status":"publish","type":"product","link":"https:\/\/www.budream.com\/de\/shop\/druckpumpe-zerstaeuber-spray-1l\/","title":{"rendered":"DRUCKPUMPE ZERST\u00c4UBER SPRAY 1L"},"content":{"rendered":"<p>Spr\u00fchzerst\u00e4uber mit verstellbarer D\u00fcse. Geeignet f\u00fcr das Spr\u00fchen von Pflanzenpflegeprodukten.<\/p>\n","protected":false},"excerpt":{"rendered":"<p>Spr\u00fchzerst\u00e4uber mit verstellbarer D\u00fcse. Geeignet f\u00fcr das Spr\u00fchen von Pflanzenpflegeprodukten.<\/p>\n","protected":false},"featured_media":122828,"comment_status":"open","ping_status":"closed","template":"","meta":[],"product_brand":[],"product_cat":[7929],"product_tag":[],"class_list":{"0":"post-124154","1":"product","2":"type-product","3":"status-publish","4":"has-post-thumbnail","6":"product_cat-pflanzenschutz-und-abwehr","8":"first","9":"instock","10":"taxable","11":"shipping-taxable","12":"purchasable","13":"product-type-simple"},"_links":{"self":[{"href":"https:\/\/www.budream.com\/de\/wp-json\/wp\/v2\/product\/124154","targetHints":{"allow":["GET"]}}],"collection":[{"href":"https:\/\/www.budream.com\/de\/wp-json\/wp\/v2\/product"}],"about":[{"href":"https:\/\/www.budream.com\/de\/wp-json\/wp\/v2\/types\/product"}],"replies":[{"embeddable":true,"href":"https:\/\/www.budream.com\/de\/wp-json\/wp\/v2\/comments?post=124154"}],"version-history":[{"count":0,"href":"https:\/\/www.budream.com\/de\/wp-json\/wp\/v2\/product\/124154\/revisions"}],"wp:featuredmedia":[{"embeddable":true,"href":"https:\/\/www.budream.com\/de\/wp-json\/wp\/v2\/media\/122828"}],"wp:attachment":[{"href":"https:\/\/www.budream.com\/de\/wp-json\/wp\/v2\/media?parent=124154"}],"wp:term":[{"taxonomy":"product_brand","embeddable":true,"href":"https:\/\/www.budream.com\/de\/wp-json\/wp\/v2\/product_brand?post=124154"},{"taxonomy":"product_cat","embeddable":true,"href":"https:\/\/www.budream.com\/de\/wp-json\/wp\/v2\/product_cat?post=124154"},{"taxonomy":"product_tag","embeddable":true,"href":"https:\/\/www.budream.com\/de\/wp-json\/wp\/v2\/product_tag?post=124154"}],"curies":[{"name":"wp","href":"https:\/\/api.w.org\/{rel}","templated":true}]}}