{"id":124164,"date":"2025-07-30T17:29:54","date_gmt":"2025-07-30T15:29:54","guid":{"rendered":"https:\/\/www.budream.com\/shop\/g-lock-butangas-feuerzeug-oel-lux-nachfuellbare-fackel\/"},"modified":"2026-03-23T16:23:00","modified_gmt":"2026-03-23T14:23:00","slug":"g-lock-butangas-feuerzeug-oel-lux-nachfuellbare-fackel","status":"publish","type":"product","link":"https:\/\/www.budream.com\/de\/shop\/g-lock-butangas-feuerzeug-oel-lux-nachfuellbare-fackel\/","title":{"rendered":"G-LOCK &#8211; BUTANGAS FEUERZEUG \u00d6L LUX NACHF\u00dcLLBARE FACKEL"},"content":{"rendered":"<p>Nachf\u00fcllbares Butangasfeuerzeug mit Sicherheitsknopf und Kindersicherung.<\/p>\n<h2 style=\"margin-left: 0cm\"><span style=\"text-decoration: underline\">Nachf\u00fcllbares Gasfeuerzeug mit Butan:<\/span><\/h2>\n<ul style=\"list-style-type: disc\">\n<li>Temperatur des brennenden Gases: 1300&deg;C<\/li>\n<li>Voulme Gasinhalt: 42ml Butangas<\/li>\n<li>Maximale Brenndauer bei voller Ladung: 60-70min<\/li>\n<\/ul>\n","protected":false},"excerpt":{"rendered":"<p>Nachf\u00fcllbares Butangasfeuerzeug mit Sicherheitsknopf und Kindersicherung. Nachf\u00fcllbares Gasfeuerzeug mit Butan: Temperatur des brennenden Gases: 1300&deg;C Voulme Gasinhalt: 42ml Butangas Maximale<\/p>\n","protected":false},"featured_media":124158,"comment_status":"open","ping_status":"closed","template":"","meta":[],"product_brand":[],"product_cat":[1173],"product_tag":[],"class_list":{"0":"post-124164","1":"product","2":"type-product","3":"status-publish","4":"has-post-thumbnail","6":"product_cat-headshop","8":"first","9":"instock","10":"taxable","11":"shipping-taxable","12":"purchasable","13":"product-type-simple"},"_links":{"self":[{"href":"https:\/\/www.budream.com\/de\/wp-json\/wp\/v2\/product\/124164","targetHints":{"allow":["GET"]}}],"collection":[{"href":"https:\/\/www.budream.com\/de\/wp-json\/wp\/v2\/product"}],"about":[{"href":"https:\/\/www.budream.com\/de\/wp-json\/wp\/v2\/types\/product"}],"replies":[{"embeddable":true,"href":"https:\/\/www.budream.com\/de\/wp-json\/wp\/v2\/comments?post=124164"}],"version-history":[{"count":0,"href":"https:\/\/www.budream.com\/de\/wp-json\/wp\/v2\/product\/124164\/revisions"}],"wp:featuredmedia":[{"embeddable":true,"href":"https:\/\/www.budream.com\/de\/wp-json\/wp\/v2\/media\/124158"}],"wp:attachment":[{"href":"https:\/\/www.budream.com\/de\/wp-json\/wp\/v2\/media?parent=124164"}],"wp:term":[{"taxonomy":"product_brand","embeddable":true,"href":"https:\/\/www.budream.com\/de\/wp-json\/wp\/v2\/product_brand?post=124164"},{"taxonomy":"product_cat","embeddable":true,"href":"https:\/\/www.budream.com\/de\/wp-json\/wp\/v2\/product_cat?post=124164"},{"taxonomy":"product_tag","embeddable":true,"href":"https:\/\/www.budream.com\/de\/wp-json\/wp\/v2\/product_tag?post=124164"}],"curies":[{"name":"wp","href":"https:\/\/api.w.org\/{rel}","templated":true}]}}