{"id":124174,"date":"2025-07-30T17:30:43","date_gmt":"2025-07-30T15:30:43","guid":{"rendered":"https:\/\/www.budream.com\/shop\/walzenextraktor-ersatzpapierfilter-fuer-extraktionsroehren-m150-l200-und-xl300\/"},"modified":"2025-12-18T18:10:17","modified_gmt":"2025-12-18T16:10:17","slug":"walzenextraktor-ersatzpapierfilter-fuer-extraktionsroehren-m150-l200-und-xl300","status":"publish","type":"product","link":"https:\/\/www.budream.com\/de\/shop\/walzenextraktor-ersatzpapierfilter-fuer-extraktionsroehren-m150-l200-und-xl300\/","title":{"rendered":"WALZENEXTRAKTOR &#8211; ERSATZPAPIERFILTER F\u00dcR EXTRAKTIONSR\u00d6HREN | M150, L200 UND XL300"},"content":{"rendered":"<p>Ersatz-Papierfilter f\u00fcr Roller Extractor M150, L200 E XL300.<br \/>Menge: 40 St\u00fcck<br \/>Durchmesser: 28\/30mm<\/p>\n","protected":false},"excerpt":{"rendered":"<p>Ersatz-Papierfilter f\u00fcr Roller Extractor M150, L200 E XL300.Menge: 40 St\u00fcckDurchmesser: 28\/30mm<\/p>\n","protected":false},"featured_media":124168,"comment_status":"open","ping_status":"closed","template":"","meta":[],"product_brand":[],"product_cat":[1173],"product_tag":[],"class_list":{"0":"post-124174","1":"product","2":"type-product","3":"status-publish","4":"has-post-thumbnail","6":"product_cat-headshop","8":"first","9":"instock","10":"taxable","11":"shipping-taxable","12":"purchasable","13":"product-type-simple"},"_links":{"self":[{"href":"https:\/\/www.budream.com\/de\/wp-json\/wp\/v2\/product\/124174","targetHints":{"allow":["GET"]}}],"collection":[{"href":"https:\/\/www.budream.com\/de\/wp-json\/wp\/v2\/product"}],"about":[{"href":"https:\/\/www.budream.com\/de\/wp-json\/wp\/v2\/types\/product"}],"replies":[{"embeddable":true,"href":"https:\/\/www.budream.com\/de\/wp-json\/wp\/v2\/comments?post=124174"}],"version-history":[{"count":0,"href":"https:\/\/www.budream.com\/de\/wp-json\/wp\/v2\/product\/124174\/revisions"}],"wp:featuredmedia":[{"embeddable":true,"href":"https:\/\/www.budream.com\/de\/wp-json\/wp\/v2\/media\/124168"}],"wp:attachment":[{"href":"https:\/\/www.budream.com\/de\/wp-json\/wp\/v2\/media?parent=124174"}],"wp:term":[{"taxonomy":"product_brand","embeddable":true,"href":"https:\/\/www.budream.com\/de\/wp-json\/wp\/v2\/product_brand?post=124174"},{"taxonomy":"product_cat","embeddable":true,"href":"https:\/\/www.budream.com\/de\/wp-json\/wp\/v2\/product_cat?post=124174"},{"taxonomy":"product_tag","embeddable":true,"href":"https:\/\/www.budream.com\/de\/wp-json\/wp\/v2\/product_tag?post=124174"}],"curies":[{"name":"wp","href":"https:\/\/api.w.org\/{rel}","templated":true}]}}