{"id":124234,"date":"2025-07-30T17:35:59","date_gmt":"2025-07-30T15:35:59","guid":{"rendered":"https:\/\/www.budream.com\/shop\/strain-hunter-money-maker-femm-5-samen\/"},"modified":"2026-03-24T18:23:27","modified_gmt":"2026-03-24T16:23:27","slug":"strain-hunter-money-maker-femm-5-samen","status":"publish","type":"product","link":"https:\/\/www.budream.com\/de\/shop\/strain-hunter-money-maker-femm-5-samen\/","title":{"rendered":"STRAIN HUNTER &#8211; MONEY MAKER FEMM | 5 SAMEN"},"content":{"rendered":"<p>Money Maker von Strain Hunters ist eine feminisierte Version der ber\u00fcchtigten Master Kush.<\/p>\n<h2><strong>Eigenschaften Money Maker Fem<\/strong><\/h2>\n<ul style=\"list-style-type: disc\">\n<li><strong>Gattung:<\/strong> Feminisiert<\/li>\n<li><strong>Genotyp:<\/strong> Hybrid 70% Indica 30% Sativa<\/li>\n<li><strong>Genetik:<\/strong> Original Master Kush x Hindu Kush x Skunk<\/li>\n<li><strong>Tage:<\/strong> 49-56<\/li>\n<\/ul>\n<p><span style=\"font-size: 11pt\"><em><strong>WARNUNG:<\/strong> Hanfsamen sind vom gesetzlichen Begriff Cannabis ausgenommen, was bedeutet, dass sie nicht als Bet\u00e4ubungsmittel gelten (L. 412 von 1974, Art. 1, Absatz 1, Buchstabe B; Einheits\u00fcbereinkommen \u00fcber Bet\u00e4ubungsmittel von New York von 1961 und Tabelle II des Ministerialerlasses 27\/7\/1992). In Italien ist der Anbau von Hanf verboten (Artikel 28 und 73 des Pr\u00e4sidialdekrets 309\/90), es sei denn, es liegt eine Sondergenehmigung vor (Artikel 17 des Pr\u00e4sidialdekrets 309\/90). In Ermangelung einer solchen Genehmigung darf das Saatgut nur f\u00fcr andere Zwecke verwendet werden (zootechnische Zwecke, Sammeln usw.). Das Saatgut wird unter dem Vorbehalt verkauft, dass es nicht von Dritten im Widerspruch zu den gesetzlichen Bestimmungen verwendet wird.<\/em><\/span><\/p>\n","protected":false},"excerpt":{"rendered":"<p>\ud83c\udf3f MONEY MAKER FEMM von STRAIN HUNTERS SEED BANK.<\/p>\n","protected":false},"featured_media":124223,"comment_status":"open","ping_status":"closed","template":"","meta":[],"product_brand":[],"product_cat":[7952],"product_tag":[8523,10126,10132],"class_list":{"0":"post-124234","1":"product","2":"type-product","3":"status-publish","4":"has-post-thumbnail","6":"product_cat-seedshop-de","7":"product_tag-strain-hunters-seed-bank","8":"product_tag-cannabis-samen","9":"product_tag-money-maker-femm-5-samen","11":"first","12":"instock","13":"taxable","14":"shipping-taxable","15":"purchasable","16":"product-type-simple"},"_links":{"self":[{"href":"https:\/\/www.budream.com\/de\/wp-json\/wp\/v2\/product\/124234","targetHints":{"allow":["GET"]}}],"collection":[{"href":"https:\/\/www.budream.com\/de\/wp-json\/wp\/v2\/product"}],"about":[{"href":"https:\/\/www.budream.com\/de\/wp-json\/wp\/v2\/types\/product"}],"replies":[{"embeddable":true,"href":"https:\/\/www.budream.com\/de\/wp-json\/wp\/v2\/comments?post=124234"}],"version-history":[{"count":2,"href":"https:\/\/www.budream.com\/de\/wp-json\/wp\/v2\/product\/124234\/revisions"}],"predecessor-version":[{"id":260685,"href":"https:\/\/www.budream.com\/de\/wp-json\/wp\/v2\/product\/124234\/revisions\/260685"}],"wp:featuredmedia":[{"embeddable":true,"href":"https:\/\/www.budream.com\/de\/wp-json\/wp\/v2\/media\/124223"}],"wp:attachment":[{"href":"https:\/\/www.budream.com\/de\/wp-json\/wp\/v2\/media?parent=124234"}],"wp:term":[{"taxonomy":"product_brand","embeddable":true,"href":"https:\/\/www.budream.com\/de\/wp-json\/wp\/v2\/product_brand?post=124234"},{"taxonomy":"product_cat","embeddable":true,"href":"https:\/\/www.budream.com\/de\/wp-json\/wp\/v2\/product_cat?post=124234"},{"taxonomy":"product_tag","embeddable":true,"href":"https:\/\/www.budream.com\/de\/wp-json\/wp\/v2\/product_tag?post=124234"}],"curies":[{"name":"wp","href":"https:\/\/api.w.org\/{rel}","templated":true}]}}