{"id":124369,"date":"2025-07-30T17:45:52","date_gmt":"2025-07-30T15:45:52","guid":{"rendered":"https:\/\/www.budream.com\/shop\/titan-armbaender-18mm\/"},"modified":"2026-02-06T13:50:04","modified_gmt":"2026-02-06T11:50:04","slug":"titan-armbaender-18mm","status":"publish","type":"product","link":"https:\/\/www.budream.com\/de\/shop\/titan-armbaender-18mm\/","title":{"rendered":"TITAN-ARMB\u00c4NDER | 18mm"},"content":{"rendered":"<p>Perfekt f\u00fcr Pfeifen und Bongs mit 18mm m\u00e4nnlichen Anschluss. 18mm Titan Brazier mit Gewindekomponenten, die vollst\u00e4ndig f\u00fcr eine einfache Reinigung zerlegt werden kann.<\/p>\n","protected":false},"excerpt":{"rendered":"<p>Perfekt f\u00fcr Pfeifen und Bongs mit 18mm m\u00e4nnlichen Anschluss. 18mm Titan Brazier mit Gewindekomponenten, die vollst\u00e4ndig f\u00fcr eine einfache Reinigung<\/p>\n","protected":false},"featured_media":124358,"comment_status":"open","ping_status":"closed","template":"","meta":[],"product_brand":[],"product_cat":[7947],"product_tag":[],"class_list":{"0":"post-124369","1":"product","2":"type-product","3":"status-publish","4":"has-post-thumbnail","6":"product_cat-headshop-de","8":"first","9":"instock","10":"taxable","11":"shipping-taxable","12":"purchasable","13":"product-type-simple"},"_links":{"self":[{"href":"https:\/\/www.budream.com\/de\/wp-json\/wp\/v2\/product\/124369","targetHints":{"allow":["GET"]}}],"collection":[{"href":"https:\/\/www.budream.com\/de\/wp-json\/wp\/v2\/product"}],"about":[{"href":"https:\/\/www.budream.com\/de\/wp-json\/wp\/v2\/types\/product"}],"replies":[{"embeddable":true,"href":"https:\/\/www.budream.com\/de\/wp-json\/wp\/v2\/comments?post=124369"}],"version-history":[{"count":0,"href":"https:\/\/www.budream.com\/de\/wp-json\/wp\/v2\/product\/124369\/revisions"}],"wp:featuredmedia":[{"embeddable":true,"href":"https:\/\/www.budream.com\/de\/wp-json\/wp\/v2\/media\/124358"}],"wp:attachment":[{"href":"https:\/\/www.budream.com\/de\/wp-json\/wp\/v2\/media?parent=124369"}],"wp:term":[{"taxonomy":"product_brand","embeddable":true,"href":"https:\/\/www.budream.com\/de\/wp-json\/wp\/v2\/product_brand?post=124369"},{"taxonomy":"product_cat","embeddable":true,"href":"https:\/\/www.budream.com\/de\/wp-json\/wp\/v2\/product_cat?post=124369"},{"taxonomy":"product_tag","embeddable":true,"href":"https:\/\/www.budream.com\/de\/wp-json\/wp\/v2\/product_tag?post=124369"}],"curies":[{"name":"wp","href":"https:\/\/api.w.org\/{rel}","templated":true}]}}