{"id":124399,"date":"2025-07-30T17:48:11","date_gmt":"2025-07-30T15:48:11","guid":{"rendered":"https:\/\/www.budream.com\/shop\/rothenberger-roairvac-vakuumpumpe-6-cfm-170l-min\/"},"modified":"2025-12-18T18:11:45","modified_gmt":"2025-12-18T16:11:45","slug":"rothenberger-roairvac-vakuumpumpe-6-cfm-170l-min","status":"publish","type":"product","link":"https:\/\/www.budream.com\/de\/shop\/rothenberger-roairvac-vakuumpumpe-6-cfm-170l-min\/","title":{"rendered":"ROTHENBERGER &#8211; ROAIRVAC VAKUUMPUMPE | 6 CFM (170L\/MIN)"},"content":{"rendered":"<p><span style=\"font-size: 12pt\">Rothenberger professionelle Vakuumpumpe mit eingebautem Vakuummeter und Sicherheitsschalter. Roairvac Vakuumpumpe 6 CFM 170 L\/min.<\/span><\/p>\n<h2><span style=\"text-decoration: underline\"><br \/><strong>Hauptmerkmale<\/strong> Rothenberger<strong>Vakuumpumpe<\/strong>:<\/span><\/h2>\n<ul style=\"list-style-type: disc\">\n<li><span style=\"font-size: 12pt\">Schutz der internen Komponenten in einer leichten Konstruktion;<\/span><\/li>\n<li><span style=\"font-size: 12pt\">Magnetventil zum Schutz des K\u00fchlkreislaufs vor \u00d6lleckagen bei Fehlstarts;<\/span><\/li>\n<li><span style=\"font-size: 12pt\">Vakuummeter mit integriertem Druckmessger\u00e4t;<\/span><\/li>\n<li><span style=\"font-size: 12pt\">Entl\u00fcftungsventil zur Dampfreduzierung im \u00d6lbeh\u00e4lter, Gase k\u00f6nnen leicht entfernt werden;<\/span><\/li>\n<li><span style=\"font-size: 12pt\">Spezialfilter zur Reduzierung von \u00d6lr\u00fcckst\u00e4nden in der Abgasleitung;<\/span><\/li>\n<li><span style=\"font-size: 12pt\">Einfaches Ablesen des \u00d6lstandes durch Glasschauglas;<\/span><\/li>\n<li><span style=\"font-size: 12pt\">Einfaches und schnelles Einf\u00fcllen des \u00d6ls, ohne dass spezielle Trichter ben\u00f6tigt werden;<\/span><\/li>\n<li><span style=\"font-size: 12pt\">Sicherheitsschalter zum Schutz des Motors vor \u00dcberhitzung;<\/span><\/li>\n<li><span style=\"font-size: 11px\"><span style=\"font-size: 12pt\">Leichter Zugang zur \u00d6lablassschraube;<\/span><\/span><span style=\"font-size: 11px\"><span style=\"font-size: 11px\"><br \/><\/span><\/span><\/li>\n<\/ul>\n<h2><span style=\"text-decoration: underline\"><br \/><strong>Technische Daten Rothenberger Vakuumpumpe :<\/strong><\/span><\/h2>\n<ul style=\"list-style-type: disc\">\n<li><span style=\"font-size: 12pt\"><strong>Spannung:<\/strong> 230 V<\/span><\/li>\n<li><span style=\"font-size: 12pt\"><strong>Motor:<\/strong> 375 W<\/span><\/li>\n<li><span style=\"font-size: 12pt\"><strong>Umdrehungen pro Minute:<\/strong> 3440 r\/m<\/span><\/li>\n<li><span style=\"font-size: 12pt\"><strong>Gewicht des Produkts<\/strong>: 11,5 kg<\/span><\/li>\n<li><span style=\"font-size: 12pt\"><strong>Frequenz:<\/strong> 50\/60 Hz<\/span><\/li>\n<li><span style=\"font-size: 12pt\"><strong>Vakuumgrad:<\/strong> 25 Mikron<\/span><\/li>\n<li><span style=\"font-size: 12pt\"><strong>Endvakuum:<\/strong> 0,034 mbar<\/span><\/li>\n<li><span style=\"font-size: 12pt\"><strong>Durchflussmenge in Kubikmetern:<\/strong> 10,2 m&sup3;\/h<\/span><\/li>\n<li><span style=\"font-size: 12pt\"><strong>Durchflussmenge der Pumpe:<\/strong> 170 l\/min max.<\/span><\/li>\n<li><span style=\"font-size: 12pt\"><strong>Durchfluss (in CFM):<\/strong> 6,0 CFM<\/span><\/li>\n<li><span style=\"font-size: 12pt\"><strong>Fassungsverm\u00f6gen:<\/strong> 330 ml<\/span><\/li>\n<li><span style=\"font-size: 12pt\"><strong>Manometer &Oslash;:<\/strong> 50 mm<\/span><\/li>\n<li><span style=\"font-size: 12pt\"><strong>Anschluss:<\/strong> 1\/4 Zoll<br \/> <\/span><\/li>\n<\/ul>\n","protected":false},"excerpt":{"rendered":"<p>Rothenberger professionelle Vakuumpumpe mit eingebautem Vakuummeter und Sicherheitsschalter. Roairvac Vakuumpumpe 6 CFM 170 L\/min. Hauptmerkmale RothenbergerVakuumpumpe: Schutz der internen Komponenten<\/p>\n","protected":false},"featured_media":124383,"comment_status":"open","ping_status":"closed","template":"","meta":[],"product_brand":[],"product_cat":[7947],"product_tag":[],"class_list":{"0":"post-124399","1":"product","2":"type-product","3":"status-publish","4":"has-post-thumbnail","6":"product_cat-headshop-de","8":"first","9":"instock","10":"taxable","11":"shipping-taxable","12":"purchasable","13":"product-type-simple"},"_links":{"self":[{"href":"https:\/\/www.budream.com\/de\/wp-json\/wp\/v2\/product\/124399","targetHints":{"allow":["GET"]}}],"collection":[{"href":"https:\/\/www.budream.com\/de\/wp-json\/wp\/v2\/product"}],"about":[{"href":"https:\/\/www.budream.com\/de\/wp-json\/wp\/v2\/types\/product"}],"replies":[{"embeddable":true,"href":"https:\/\/www.budream.com\/de\/wp-json\/wp\/v2\/comments?post=124399"}],"version-history":[{"count":0,"href":"https:\/\/www.budream.com\/de\/wp-json\/wp\/v2\/product\/124399\/revisions"}],"wp:featuredmedia":[{"embeddable":true,"href":"https:\/\/www.budream.com\/de\/wp-json\/wp\/v2\/media\/124383"}],"wp:attachment":[{"href":"https:\/\/www.budream.com\/de\/wp-json\/wp\/v2\/media?parent=124399"}],"wp:term":[{"taxonomy":"product_brand","embeddable":true,"href":"https:\/\/www.budream.com\/de\/wp-json\/wp\/v2\/product_brand?post=124399"},{"taxonomy":"product_cat","embeddable":true,"href":"https:\/\/www.budream.com\/de\/wp-json\/wp\/v2\/product_cat?post=124399"},{"taxonomy":"product_tag","embeddable":true,"href":"https:\/\/www.budream.com\/de\/wp-json\/wp\/v2\/product_tag?post=124399"}],"curies":[{"name":"wp","href":"https:\/\/api.w.org\/{rel}","templated":true}]}}