{"id":124439,"date":"2025-07-30T17:51:07","date_gmt":"2025-07-30T15:51:07","guid":{"rendered":"https:\/\/www.budream.com\/shop\/storzbickel-ersatztasche-fuer-volcano-classic-und-hybrid-3-meter\/"},"modified":"2026-03-18T17:36:15","modified_gmt":"2026-03-18T15:36:15","slug":"storzbickel-ersatztasche-fuer-volcano-classic-und-hybrid-3-meter","status":"publish","type":"product","link":"https:\/\/www.budream.com\/de\/shop\/storzbickel-ersatztasche-fuer-volcano-classic-und-hybrid-3-meter\/","title":{"rendered":"STORZ&amp;BICKEL &#8211; ERSATZTASCHE F\u00dcR VOLCANO CLASSIC UND HYBRID | 3 METER"},"content":{"rendered":"<p>Ersatztasche f\u00fcr VOLCANO CLASSIC und DIGIT L\u00e4nge 3 Meter.<\/p>\n","protected":false},"excerpt":{"rendered":"<p>Ersatztasche f\u00fcr VOLCANO CLASSIC und DIGIT L\u00e4nge 3 Meter.<\/p>\n","protected":false},"featured_media":124433,"comment_status":"open","ping_status":"closed","template":"","meta":[],"product_brand":[],"product_cat":[7907],"product_tag":[],"class_list":{"0":"post-124439","1":"product","2":"type-product","3":"status-publish","4":"has-post-thumbnail","6":"product_cat-verdampfer","8":"first","9":"instock","10":"taxable","11":"shipping-taxable","12":"purchasable","13":"product-type-simple"},"_links":{"self":[{"href":"https:\/\/www.budream.com\/de\/wp-json\/wp\/v2\/product\/124439","targetHints":{"allow":["GET"]}}],"collection":[{"href":"https:\/\/www.budream.com\/de\/wp-json\/wp\/v2\/product"}],"about":[{"href":"https:\/\/www.budream.com\/de\/wp-json\/wp\/v2\/types\/product"}],"replies":[{"embeddable":true,"href":"https:\/\/www.budream.com\/de\/wp-json\/wp\/v2\/comments?post=124439"}],"version-history":[{"count":0,"href":"https:\/\/www.budream.com\/de\/wp-json\/wp\/v2\/product\/124439\/revisions"}],"wp:featuredmedia":[{"embeddable":true,"href":"https:\/\/www.budream.com\/de\/wp-json\/wp\/v2\/media\/124433"}],"wp:attachment":[{"href":"https:\/\/www.budream.com\/de\/wp-json\/wp\/v2\/media?parent=124439"}],"wp:term":[{"taxonomy":"product_brand","embeddable":true,"href":"https:\/\/www.budream.com\/de\/wp-json\/wp\/v2\/product_brand?post=124439"},{"taxonomy":"product_cat","embeddable":true,"href":"https:\/\/www.budream.com\/de\/wp-json\/wp\/v2\/product_cat?post=124439"},{"taxonomy":"product_tag","embeddable":true,"href":"https:\/\/www.budream.com\/de\/wp-json\/wp\/v2\/product_tag?post=124439"}],"curies":[{"name":"wp","href":"https:\/\/api.w.org\/{rel}","templated":true}]}}