{"id":124509,"date":"2025-07-30T17:54:50","date_gmt":"2025-07-30T15:54:50","guid":{"rendered":"https:\/\/www.budream.com\/shop\/pandoras-pot-vaso-in-plastica-leggera-50pz-15x13x43h-cm-8l\/"},"modified":"2026-01-07T17:38:30","modified_gmt":"2026-01-07T15:38:30","slug":"pandoras-pot-vaso-in-plastica-leggera-50pz-15x13x43h-cm-8l","status":"publish","type":"product","link":"https:\/\/www.budream.com\/de\/shop\/pandoras-pot-vaso-in-plastica-leggera-50pz-15x13x43h-cm-8l\/","title":{"rendered":"PANDORA&#8217;S POT &#8211; LIGHT PLASTIC POT 50pcs. | 15x13x43h cm &#8211; 8L"},"content":{"rendered":"<p>Der PANDORA&#8217;S POT ist ein patentiertes System, das normale G\u00e4rtnerei- und Anzuchtt\u00f6pfe durch faltbare modulare Beh\u00e4lter aus leichtem Kunststoff ersetzt, die alle Anbaubed\u00fcrfnisse befriedigen k\u00f6nnen: von der Produktion kleiner Pflanzen (aus Samen oder Klonen) \u00fcber den Anbau und die Bl\u00fcte von Gem\u00fcse bis hin zur Pflege von Mutterpflanzen. Dank ihrer Vielseitigkeit k\u00f6nnen sie mit jeder Art von Substrat und\/oder Anbautechnik verwendet werden (Erde\/Erde\/Einstreu f\u00fcr Hydrokultur).<\/p>\n<h2><strong><span style=\"text-decoration: underline\">Die Vorteile von PANDORA&#8217;S Pot sind:<\/span><\/strong><\/h2>\n<ul style=\"list-style-type: disc\">\n<li><strong>Billiger als herk\u00f6mmliche T\u00f6pfe<\/strong><\/li>\n<li><strong>diskreter <\/strong><\/li>\n<li><strong>Geschickter<\/strong><\/li>\n<li><strong>Weniger sperrig<\/strong><\/li>\n<li><strong>Weniger umweltsch\u00e4dlich<\/strong><\/li>\n<li><strong>Weniger schwer<\/strong><\/li>\n<li><strong>Weniger teuer im Transport<\/strong><\/li>\n<\/ul>\n<p>Die Form dieser Beh\u00e4lter wurde so konzipiert, dass eine rationelle Nutzung des Anbauraums m\u00f6glich ist, indem der Zwischenraum, der bei den herk\u00f6mmlichen starren T\u00f6pfen normalerweise verschenkt wird, genutzt wird.<br \/>All dies f\u00fchrt zu einer betr\u00e4chtlichen Vergr\u00f6\u00dferung des den Wurzeln zur Verf\u00fcgung stehenden Volumens bei gleicher Quadratmeterzahl, ein Faktor, der in der Intensivproduktion nicht zu vernachl\u00e4ssigen ist, da er sowohl im Innen- als auch im Au\u00dfenanbau zu Ertragssteigerungen f\u00fchrt.<\/p>\n<p>In der Praxis f\u00fchren die perfekte Modularit\u00e4t und der extreme Zusammenhalt zwischen den einzelnen Elementen dazu, dass <strong>PANDORA \u00fcberall einen terrarien\u00e4hnlichen Raum schaffen kann<\/strong>, aber mit der M\u00f6glichkeit, die einzelnen Elemente zu trennen, wann immer der Verbraucher dies w\u00fcnscht, zum Beispiel wenn eine Pflanze krank oder weniger kr\u00e4ftig als die anderen wird.<\/p>\n<p>Weitere Vorteile von PANDORA, die nicht au\u00dfer Acht gelassen werden sollten, sind vor allem die <strong>praktische Handhabung<\/strong> vor, w\u00e4hrend und nach dem Gebrauch, da es sich <strong>bequem waschen<\/strong> und in kleinen Mengen aufbewahren l\u00e4sst. Ein PANDORA l\u00e4sst sich n\u00e4mlich \u00fcberall leicht zusammenfalten, so dass das Durcheinander von T\u00f6pfen w\u00e4hrend des Transports und bei vor\u00fcbergehender Nichtbenutzung vermieden wird.<br \/>Es ist leicht einzusehen, dass dieser Punkt sowohl diejenigen betrifft, die ein Gesch\u00e4ft haben und keinen Platz f\u00fcr die Lagerung haben, als auch den einfachen Verbraucher, der den Schrank freimachen kann, in dem er normalerweise unbenutzte T\u00f6pfe aufbewahrt.<\/p>\n","protected":false},"excerpt":{"rendered":"<p>Der PANDORA&#8217;S POT ist ein patentiertes System, das normale G\u00e4rtnerei- und Anzuchtt\u00f6pfe durch faltbare modulare Beh\u00e4lter aus leichtem Kunststoff ersetzt,<\/p>\n","protected":false},"featured_media":124503,"comment_status":"open","ping_status":"closed","template":"","meta":[],"product_brand":[],"product_cat":[7925],"product_tag":[],"class_list":{"0":"post-124509","1":"product","2":"type-product","3":"status-publish","4":"has-post-thumbnail","6":"product_cat-growshop-de","8":"first","9":"outofstock","10":"taxable","11":"shipping-taxable","12":"purchasable","13":"product-type-simple"},"aioseo_notices":[],"_links":{"self":[{"href":"https:\/\/www.budream.com\/de\/wp-json\/wp\/v2\/product\/124509","targetHints":{"allow":["GET"]}}],"collection":[{"href":"https:\/\/www.budream.com\/de\/wp-json\/wp\/v2\/product"}],"about":[{"href":"https:\/\/www.budream.com\/de\/wp-json\/wp\/v2\/types\/product"}],"replies":[{"embeddable":true,"href":"https:\/\/www.budream.com\/de\/wp-json\/wp\/v2\/comments?post=124509"}],"version-history":[{"count":0,"href":"https:\/\/www.budream.com\/de\/wp-json\/wp\/v2\/product\/124509\/revisions"}],"wp:featuredmedia":[{"embeddable":true,"href":"https:\/\/www.budream.com\/de\/wp-json\/wp\/v2\/media\/124503"}],"wp:attachment":[{"href":"https:\/\/www.budream.com\/de\/wp-json\/wp\/v2\/media?parent=124509"}],"wp:term":[{"taxonomy":"product_brand","embeddable":true,"href":"https:\/\/www.budream.com\/de\/wp-json\/wp\/v2\/product_brand?post=124509"},{"taxonomy":"product_cat","embeddable":true,"href":"https:\/\/www.budream.com\/de\/wp-json\/wp\/v2\/product_cat?post=124509"},{"taxonomy":"product_tag","embeddable":true,"href":"https:\/\/www.budream.com\/de\/wp-json\/wp\/v2\/product_tag?post=124509"}],"curies":[{"name":"wp","href":"https:\/\/api.w.org\/{rel}","templated":true}]}}