{"id":124549,"date":"2025-07-30T17:57:00","date_gmt":"2025-07-30T15:57:00","guid":{"rendered":"https:\/\/www.budream.com\/shop\/arizer-v-tower-verdampfer\/"},"modified":"2026-01-19T11:29:13","modified_gmt":"2026-01-19T09:29:13","slug":"arizer-v-tower-verdampfer","status":"publish","type":"product","link":"https:\/\/www.budream.com\/de\/shop\/arizer-v-tower-verdampfer\/","title":{"rendered":"ARIZER &#8211; V-TOWER VERDAMPFER"},"content":{"rendered":"<p>Der <strong>V-Tower<\/strong> wurde mit Blick auf Effizienz entwickelt und liefert bei jeder Sitzung einen leckeren Dampf und ist super einfach zu bedienen; Die Cyclone-Schale erm\u00f6glicht es Ihnen, die Dosierung effektiv zu steuern und das Beste aus Ihren Pflanzen herauszuholen.<br \/>Der <strong>V-Tower<\/strong> verf\u00fcgt \u00fcber eine perfekt dimensionierte Glasschale: Die Schale sollte vertikal positioniert werden, damit sich die Luft gleichm\u00e4\u00dfig und effektiv durch das Material verteilen kann, wodurch ein reichhaltiger und kr\u00e4ftiger Dampf freigesetzt wird.<br \/>Der lebensmittelechte Silikonschlauch garantiert frischen, s\u00fc\u00dfen und schmackhaften Dampf; kein Gummi- oder Plastikgeschmack.<\/p>\n<p>Der Arizer V-Tower ist ein <strong>Mehrzweckger\u00e4t<\/strong>, das als Dampfer, Diffusor f\u00fcr \u00e4therische \u00d6le und Aromatherapieger\u00e4t verwendet werden kann:<br \/>Verwenden Sie das Schlauchsystem f\u00fcr die direkte Extraktion oder erfrischen und schaffen Sie Atmosph\u00e4re mit der Aromatherapie-Funktion und der Glasschale.<br \/>Intuitives Display und Bedienelemente vereinfachen Ihr Erlebnis;<\/p>\n<p>LED-Leuchten zeigen den Status des Verdampfers an, w\u00e4hrend das <strong>LED-Bedienfeld<\/strong> des Systems die aktuelle und die eingestellte Temperatur in Celsius und Fahrenheit sowie den Ausschalttimer anzeigt.<\/p>\n<h2><span style=\"text-decoration: underline\">ARIZER- V-TOWER Merkmale:<br \/><\/span><\/h2>\n<ul style=\"list-style-type: disc\">\n<li>Mehrzweckger\u00e4t: direkter Gebrauch oder Aromatherapie in der Umgebung<\/li>\n<li>Kochtopf aus Borosilikatglas<\/li>\n<li>Silikonschlauch in medizinischer\/lebensmitteltechnischer Qualit\u00e4t<\/li>\n<li>intuitives Display<\/li>\n<li>einfache Reinigung<\/li>\n<li>Auto-Off-Timer<\/li>\n<\/ul>\n<p><span style=\"text-decoration: underline\"><strong>IM KARTON ENTHALTEN<\/strong><strong>:<\/strong><\/span><\/p>\n<ul style=\"list-style-type: disc\">\n<li>Arizer V-Tower<\/li>\n<li>Aromatherapieschale<\/li>\n<li>Zyklon-Beh\u00e4lter<\/li>\n<li>1 Ersatzpackung Edelstahl-Filtermatten<\/li>\n<li>1 Mischwerkzeug<\/li>\n<li>Silikonschlauch mit Glasende und Adapter<\/li>\n<li>Gebrauchsanweisung<\/li>\n<\/ul>\n","protected":false},"excerpt":{"rendered":"<p>Der V-Tower wurde mit Blick auf Effizienz entwickelt und liefert bei jeder Sitzung einen leckeren Dampf und ist super einfach<\/p>\n","protected":false},"featured_media":124533,"comment_status":"open","ping_status":"closed","template":"","meta":[],"product_brand":[],"product_cat":[7907],"product_tag":[],"class_list":{"0":"post-124549","1":"product","2":"type-product","3":"status-publish","4":"has-post-thumbnail","6":"product_cat-verdampfer","8":"first","9":"instock","10":"taxable","11":"shipping-taxable","12":"purchasable","13":"product-type-simple"},"_links":{"self":[{"href":"https:\/\/www.budream.com\/de\/wp-json\/wp\/v2\/product\/124549","targetHints":{"allow":["GET"]}}],"collection":[{"href":"https:\/\/www.budream.com\/de\/wp-json\/wp\/v2\/product"}],"about":[{"href":"https:\/\/www.budream.com\/de\/wp-json\/wp\/v2\/types\/product"}],"replies":[{"embeddable":true,"href":"https:\/\/www.budream.com\/de\/wp-json\/wp\/v2\/comments?post=124549"}],"version-history":[{"count":0,"href":"https:\/\/www.budream.com\/de\/wp-json\/wp\/v2\/product\/124549\/revisions"}],"wp:featuredmedia":[{"embeddable":true,"href":"https:\/\/www.budream.com\/de\/wp-json\/wp\/v2\/media\/124533"}],"wp:attachment":[{"href":"https:\/\/www.budream.com\/de\/wp-json\/wp\/v2\/media?parent=124549"}],"wp:term":[{"taxonomy":"product_brand","embeddable":true,"href":"https:\/\/www.budream.com\/de\/wp-json\/wp\/v2\/product_brand?post=124549"},{"taxonomy":"product_cat","embeddable":true,"href":"https:\/\/www.budream.com\/de\/wp-json\/wp\/v2\/product_cat?post=124549"},{"taxonomy":"product_tag","embeddable":true,"href":"https:\/\/www.budream.com\/de\/wp-json\/wp\/v2\/product_tag?post=124549"}],"curies":[{"name":"wp","href":"https:\/\/api.w.org\/{rel}","templated":true}]}}