{"id":124884,"date":"2025-07-30T18:20:59","date_gmt":"2025-07-30T16:20:59","guid":{"rendered":"https:\/\/www.budream.com\/shop\/18-2mm-borosilikat-diffusor-fuer-bong-laenge-10cm\/"},"modified":"2025-10-14T15:46:33","modified_gmt":"2025-10-14T13:46:33","slug":"18-2mm-borosilikat-diffusor-fuer-bong-laenge-10cm","status":"publish","type":"product","link":"https:\/\/www.budream.com\/de\/shop\/18-2mm-borosilikat-diffusor-fuer-bong-laenge-10cm\/","title":{"rendered":"18.2MM BOROSILIKAT DIFFUSOR F\u00dcR BONG L\u00c4NGE 10CM"},"content":{"rendered":"<p>Borosilikat-Diffusor mit einer L\u00e4nge von 10cm<br \/>Diffusor: 18,2mm<\/p>\n","protected":false},"excerpt":{"rendered":"<p>Borosilikat-Diffusor mit einer L\u00e4nge von 10cmDiffusor: 18,2mm<\/p>\n","protected":false},"featured_media":124878,"comment_status":"open","ping_status":"closed","template":"","meta":[],"product_brand":[],"product_cat":[7947],"product_tag":[],"class_list":{"0":"post-124884","1":"product","2":"type-product","3":"status-publish","4":"has-post-thumbnail","6":"product_cat-headshop-de","8":"first","9":"instock","10":"taxable","11":"shipping-taxable","12":"purchasable","13":"product-type-simple"},"_links":{"self":[{"href":"https:\/\/www.budream.com\/de\/wp-json\/wp\/v2\/product\/124884","targetHints":{"allow":["GET"]}}],"collection":[{"href":"https:\/\/www.budream.com\/de\/wp-json\/wp\/v2\/product"}],"about":[{"href":"https:\/\/www.budream.com\/de\/wp-json\/wp\/v2\/types\/product"}],"replies":[{"embeddable":true,"href":"https:\/\/www.budream.com\/de\/wp-json\/wp\/v2\/comments?post=124884"}],"version-history":[{"count":0,"href":"https:\/\/www.budream.com\/de\/wp-json\/wp\/v2\/product\/124884\/revisions"}],"wp:featuredmedia":[{"embeddable":true,"href":"https:\/\/www.budream.com\/de\/wp-json\/wp\/v2\/media\/124878"}],"wp:attachment":[{"href":"https:\/\/www.budream.com\/de\/wp-json\/wp\/v2\/media?parent=124884"}],"wp:term":[{"taxonomy":"product_brand","embeddable":true,"href":"https:\/\/www.budream.com\/de\/wp-json\/wp\/v2\/product_brand?post=124884"},{"taxonomy":"product_cat","embeddable":true,"href":"https:\/\/www.budream.com\/de\/wp-json\/wp\/v2\/product_cat?post=124884"},{"taxonomy":"product_tag","embeddable":true,"href":"https:\/\/www.budream.com\/de\/wp-json\/wp\/v2\/product_tag?post=124884"}],"curies":[{"name":"wp","href":"https:\/\/api.w.org\/{rel}","templated":true}]}}