{"id":124954,"date":"2025-07-30T18:25:13","date_gmt":"2025-07-30T16:25:13","guid":{"rendered":"https:\/\/www.budream.com\/shop\/bioki-marsiglia-seife-fuer-aromatik-in-toepfchen-bereit-zum-gebrauch-550ml\/"},"modified":"2026-01-19T15:36:17","modified_gmt":"2026-01-19T13:36:17","slug":"bioki-marsiglia-seife-fuer-aromatik-in-toepfchen-bereit-zum-gebrauch-550ml","status":"publish","type":"product","link":"https:\/\/www.budream.com\/de\/shop\/bioki-marsiglia-seife-fuer-aromatik-in-toepfchen-bereit-zum-gebrauch-550ml\/","title":{"rendered":"BIOKI &#8211; MARSIGLIA-SEIFE F\u00dcR AROMATIK IN T\u00d6PFCHEN &#8211; BEREIT ZUM GEBRAUCH | 550ml"},"content":{"rendered":"<p>Die gebrauchsfertige (weiche) <strong>Marseiller Seife<\/strong> f\u00fcr aromatische Pflanzen ist ideal zur St\u00e4rkung der pflanzlichen Abwehrkr\u00e4fte gegen Blattl\u00e4use, Wolll\u00e4use, Wei\u00dfe Fliegen (Aleurodidae) und Milben (Rote Spinnmilbe). <br \/>Es wirkt auch auf Milbeneier.<br \/> Sie reinigt die Pflanze von Milben und dem von den Insekten produzierten Honigtau.<\/p>\n<p>Die Marseiller Seife hat eine belebende und st\u00e4rkende Wirkung auf die k\u00f6rpereigenen Abwehrkr\u00e4fte der Pflanze.<\/p>\n<p>Vorbeugend in der Pflanze angewendet, hat sie eine st\u00e4rkende Wirkung und verleiht ihr eine nat\u00fcrliche Resistenz gegen Sch\u00e4dlingsbefall im Allgemeinen.<br \/>Angezeigt f\u00fcr aromatische Pflanzen in T\u00f6pfen und im Boden.<br \/>Die Anwendung dieser neuen Produkte hat nicht nur eine reinigende Wirkung, die auch sichtbar wahrgenommen werden kann, sondern regt auch den Stoffwechsel der Pflanze an und macht sie widerstandsf\u00e4higer gegen zuk\u00fcnftige Angriffe.<\/p>\n<p>VERPACKUNG 550 ML<\/p>\n","protected":false},"excerpt":{"rendered":"<p>Die gebrauchsfertige (weiche) Marseiller Seife f\u00fcr aromatische Pflanzen ist ideal zur St\u00e4rkung der pflanzlichen Abwehrkr\u00e4fte gegen Blattl\u00e4use, Wolll\u00e4use, Wei\u00dfe Fliegen<\/p>\n","protected":false},"featured_media":124948,"comment_status":"open","ping_status":"closed","template":"","meta":[],"product_brand":[],"product_cat":[7929],"product_tag":[],"class_list":{"0":"post-124954","1":"product","2":"type-product","3":"status-publish","4":"has-post-thumbnail","6":"product_cat-pflanzenschutz-und-abwehr","8":"first","9":"instock","10":"taxable","11":"shipping-taxable","12":"purchasable","13":"product-type-simple"},"_links":{"self":[{"href":"https:\/\/www.budream.com\/de\/wp-json\/wp\/v2\/product\/124954","targetHints":{"allow":["GET"]}}],"collection":[{"href":"https:\/\/www.budream.com\/de\/wp-json\/wp\/v2\/product"}],"about":[{"href":"https:\/\/www.budream.com\/de\/wp-json\/wp\/v2\/types\/product"}],"replies":[{"embeddable":true,"href":"https:\/\/www.budream.com\/de\/wp-json\/wp\/v2\/comments?post=124954"}],"version-history":[{"count":0,"href":"https:\/\/www.budream.com\/de\/wp-json\/wp\/v2\/product\/124954\/revisions"}],"wp:featuredmedia":[{"embeddable":true,"href":"https:\/\/www.budream.com\/de\/wp-json\/wp\/v2\/media\/124948"}],"wp:attachment":[{"href":"https:\/\/www.budream.com\/de\/wp-json\/wp\/v2\/media?parent=124954"}],"wp:term":[{"taxonomy":"product_brand","embeddable":true,"href":"https:\/\/www.budream.com\/de\/wp-json\/wp\/v2\/product_brand?post=124954"},{"taxonomy":"product_cat","embeddable":true,"href":"https:\/\/www.budream.com\/de\/wp-json\/wp\/v2\/product_cat?post=124954"},{"taxonomy":"product_tag","embeddable":true,"href":"https:\/\/www.budream.com\/de\/wp-json\/wp\/v2\/product_tag?post=124954"}],"curies":[{"name":"wp","href":"https:\/\/api.w.org\/{rel}","templated":true}]}}