{"id":124989,"date":"2025-07-30T18:27:35","date_gmt":"2025-07-30T16:27:35","guid":{"rendered":"https:\/\/www.budream.com\/shop\/vapman-netz-fuer-extrakte-und-mikrodosierung\/"},"modified":"2026-03-06T13:45:46","modified_gmt":"2026-03-06T11:45:46","slug":"vapman-netz-fuer-extrakte-und-mikrodosierung","status":"publish","type":"product","link":"https:\/\/www.budream.com\/de\/shop\/vapman-netz-fuer-extrakte-und-mikrodosierung\/","title":{"rendered":"VAPMAN &#8211; NETZ F\u00dcR EXTRAKTE UND MIKRODOSIERUNG"},"content":{"rendered":"<p>Der Vapman Mesh ist ein Muss f\u00fcr alle Fans von <strong>Mikro-Dosierung<\/strong> und <strong>Konzentraten<\/strong>.<\/p>\n<p>Das sehr feine Netz erm\u00f6glicht die perfekte Verdampfung jeder Art von Konzentrat und verhindert gleichzeitig, dass die Pfanne und die D\u00fcsen verschmutzt werden. <\/p>\n<p>Es erm\u00f6glicht auch die gleichm\u00e4\u00dfige Verdampfung von winzigen Dosen bis hinunter zu 0,001 g, was den Vapman zum K\u00f6nig der Mikrodosierung macht.<\/p>\n<p>Vapman hat im Laufe der Jahre bewiesen, dass er mit diesem Sieb der beste Verdampfer f\u00fcr Konzentrate ist.<\/p>\n<p><strong>1 St\u00fcck.<\/strong><\/p>\n","protected":false},"excerpt":{"rendered":"<p>Der Vapman Mesh ist ein Muss f\u00fcr alle Fans von Mikro-Dosierung und Konzentraten. Das sehr feine Netz erm\u00f6glicht die perfekte<\/p>\n","protected":false},"featured_media":124978,"comment_status":"open","ping_status":"closed","template":"","meta":[],"product_brand":[],"product_cat":[7907],"product_tag":[],"class_list":{"0":"post-124989","1":"product","2":"type-product","3":"status-publish","4":"has-post-thumbnail","6":"product_cat-verdampfer","8":"first","9":"instock","10":"taxable","11":"shipping-taxable","12":"purchasable","13":"product-type-simple"},"_links":{"self":[{"href":"https:\/\/www.budream.com\/de\/wp-json\/wp\/v2\/product\/124989","targetHints":{"allow":["GET"]}}],"collection":[{"href":"https:\/\/www.budream.com\/de\/wp-json\/wp\/v2\/product"}],"about":[{"href":"https:\/\/www.budream.com\/de\/wp-json\/wp\/v2\/types\/product"}],"replies":[{"embeddable":true,"href":"https:\/\/www.budream.com\/de\/wp-json\/wp\/v2\/comments?post=124989"}],"version-history":[{"count":0,"href":"https:\/\/www.budream.com\/de\/wp-json\/wp\/v2\/product\/124989\/revisions"}],"wp:featuredmedia":[{"embeddable":true,"href":"https:\/\/www.budream.com\/de\/wp-json\/wp\/v2\/media\/124978"}],"wp:attachment":[{"href":"https:\/\/www.budream.com\/de\/wp-json\/wp\/v2\/media?parent=124989"}],"wp:term":[{"taxonomy":"product_brand","embeddable":true,"href":"https:\/\/www.budream.com\/de\/wp-json\/wp\/v2\/product_brand?post=124989"},{"taxonomy":"product_cat","embeddable":true,"href":"https:\/\/www.budream.com\/de\/wp-json\/wp\/v2\/product_cat?post=124989"},{"taxonomy":"product_tag","embeddable":true,"href":"https:\/\/www.budream.com\/de\/wp-json\/wp\/v2\/product_tag?post=124989"}],"curies":[{"name":"wp","href":"https:\/\/api.w.org\/{rel}","templated":true}]}}