{"id":124999,"date":"2025-07-30T18:28:04","date_gmt":"2025-07-30T16:28:04","guid":{"rendered":"https:\/\/www.budream.com\/shop\/vapman-jet-flame-windproof-feuerzeug\/"},"modified":"2026-01-19T11:53:45","modified_gmt":"2026-01-19T09:53:45","slug":"vapman-jet-flame-windproof-feuerzeug","status":"publish","type":"product","link":"https:\/\/www.budream.com\/de\/shop\/vapman-jet-flame-windproof-feuerzeug\/","title":{"rendered":"VAPMAN &#8211; JET FLAME | WINDPROOF FEUERZEUG"},"content":{"rendered":"<p>Das Vapman-Feuerzeug ist die ideale Energiequelle f\u00fcr Vapman-Verdampfer.<br \/>Es hat ein relativ gro\u00dfes, transparentes Tankvolumen, was bedeutet, dass man nicht lange \u00fcber das Auff\u00fcllen nachdenken muss. Dies f\u00fchrt zu einem Gef\u00fchl der Freiheit und Unabh\u00e4ngigkeit. <br \/>Au\u00dferdem ist der Winkel des Feuerzeugs ideal f\u00fcr die Verwendung mit Vapman; es ist eines der besten Jet-Feuerzeuge auf dem Markt aufgrund seiner hervorragenden Verarbeitungsqualit\u00e4t.<\/p>\n<p>VERKAUFTES GASENTLADUNGSFEUERZEUG.<\/p>\n","protected":false},"excerpt":{"rendered":"<p>Das Vapman-Feuerzeug ist die ideale Energiequelle f\u00fcr Vapman-Verdampfer.Es hat ein relativ gro\u00dfes, transparentes Tankvolumen, was bedeutet, dass man nicht lange<\/p>\n","protected":false},"featured_media":124993,"comment_status":"open","ping_status":"closed","template":"","meta":[],"product_brand":[],"product_cat":[7907],"product_tag":[],"class_list":{"0":"post-124999","1":"product","2":"type-product","3":"status-publish","4":"has-post-thumbnail","6":"product_cat-verdampfer","8":"first","9":"outofstock","10":"taxable","11":"shipping-taxable","12":"purchasable","13":"product-type-simple"},"_links":{"self":[{"href":"https:\/\/www.budream.com\/de\/wp-json\/wp\/v2\/product\/124999","targetHints":{"allow":["GET"]}}],"collection":[{"href":"https:\/\/www.budream.com\/de\/wp-json\/wp\/v2\/product"}],"about":[{"href":"https:\/\/www.budream.com\/de\/wp-json\/wp\/v2\/types\/product"}],"replies":[{"embeddable":true,"href":"https:\/\/www.budream.com\/de\/wp-json\/wp\/v2\/comments?post=124999"}],"version-history":[{"count":0,"href":"https:\/\/www.budream.com\/de\/wp-json\/wp\/v2\/product\/124999\/revisions"}],"wp:featuredmedia":[{"embeddable":true,"href":"https:\/\/www.budream.com\/de\/wp-json\/wp\/v2\/media\/124993"}],"wp:attachment":[{"href":"https:\/\/www.budream.com\/de\/wp-json\/wp\/v2\/media?parent=124999"}],"wp:term":[{"taxonomy":"product_brand","embeddable":true,"href":"https:\/\/www.budream.com\/de\/wp-json\/wp\/v2\/product_brand?post=124999"},{"taxonomy":"product_cat","embeddable":true,"href":"https:\/\/www.budream.com\/de\/wp-json\/wp\/v2\/product_cat?post=124999"},{"taxonomy":"product_tag","embeddable":true,"href":"https:\/\/www.budream.com\/de\/wp-json\/wp\/v2\/product_tag?post=124999"}],"curies":[{"name":"wp","href":"https:\/\/api.w.org\/{rel}","templated":true}]}}