{"id":125129,"date":"2025-07-30T18:35:46","date_gmt":"2025-07-30T16:35:46","guid":{"rendered":"https:\/\/www.budream.com\/shop\/storzbickel-vollventil-mundstueck\/"},"modified":"2025-12-23T14:43:07","modified_gmt":"2025-12-23T12:43:07","slug":"storzbickel-vollventil-mundstueck","status":"publish","type":"product","link":"https:\/\/www.budream.com\/de\/shop\/storzbickel-vollventil-mundstueck\/","title":{"rendered":"STORZ&amp;BICKEL &#8211; VOLLVENTIL-MUNDST\u00dcCK"},"content":{"rendered":"<p>Das Mundst\u00fcck ist an der SOLID VALVE Flasche befestigt und erm\u00f6glicht eine bequeme Anwendung.<\/p>\n<p><strong>Geeignet f\u00fcr:<\/strong><\/p>\n<ul>\n<li>SOLID VALVE<\/li>\n<\/ul>\n","protected":false},"excerpt":{"rendered":"<p>Das Mundst\u00fcck ist an der SOLID VALVE Flasche befestigt und erm\u00f6glicht eine bequeme Anwendung. Geeignet f\u00fcr: SOLID VALVE<\/p>\n","protected":false},"featured_media":125123,"comment_status":"open","ping_status":"closed","template":"","meta":[],"product_brand":[],"product_cat":[7907],"product_tag":[],"class_list":{"0":"post-125129","1":"product","2":"type-product","3":"status-publish","4":"has-post-thumbnail","6":"product_cat-verdampfer","8":"first","9":"instock","10":"taxable","11":"shipping-taxable","12":"purchasable","13":"product-type-simple"},"_links":{"self":[{"href":"https:\/\/www.budream.com\/de\/wp-json\/wp\/v2\/product\/125129","targetHints":{"allow":["GET"]}}],"collection":[{"href":"https:\/\/www.budream.com\/de\/wp-json\/wp\/v2\/product"}],"about":[{"href":"https:\/\/www.budream.com\/de\/wp-json\/wp\/v2\/types\/product"}],"replies":[{"embeddable":true,"href":"https:\/\/www.budream.com\/de\/wp-json\/wp\/v2\/comments?post=125129"}],"version-history":[{"count":0,"href":"https:\/\/www.budream.com\/de\/wp-json\/wp\/v2\/product\/125129\/revisions"}],"wp:featuredmedia":[{"embeddable":true,"href":"https:\/\/www.budream.com\/de\/wp-json\/wp\/v2\/media\/125123"}],"wp:attachment":[{"href":"https:\/\/www.budream.com\/de\/wp-json\/wp\/v2\/media?parent=125129"}],"wp:term":[{"taxonomy":"product_brand","embeddable":true,"href":"https:\/\/www.budream.com\/de\/wp-json\/wp\/v2\/product_brand?post=125129"},{"taxonomy":"product_cat","embeddable":true,"href":"https:\/\/www.budream.com\/de\/wp-json\/wp\/v2\/product_cat?post=125129"},{"taxonomy":"product_tag","embeddable":true,"href":"https:\/\/www.budream.com\/de\/wp-json\/wp\/v2\/product_tag?post=125129"}],"curies":[{"name":"wp","href":"https:\/\/api.w.org\/{rel}","templated":true}]}}