{"id":125149,"date":"2025-07-30T18:37:53","date_gmt":"2025-07-30T16:37:53","guid":{"rendered":"https:\/\/www.budream.com\/shop\/kenex-eternity-et100-digitale-waage-max-100-gramm-schritt-001g\/"},"modified":"2026-03-26T15:15:46","modified_gmt":"2026-03-26T13:15:46","slug":"kenex-eternity-et100-digitale-waage-max-100-gramm-schritt-001g","status":"publish","type":"product","link":"https:\/\/www.budream.com\/de\/shop\/kenex-eternity-et100-digitale-waage-max-100-gramm-schritt-001g\/","title":{"rendered":"KENEX &#8211; ETERNITY ET100 DIGITALE WAAGE | MAX 100 GRAMM SCHRITT 0,01G"},"content":{"rendered":"<p>Die Eternity-Serie ist der Bestseller unter den Kenex-Waagen. Wie der Name schon sagt, k\u00f6nnte diese Waage bei guter Pflege dank der Qualit\u00e4t der Komponenten, der Stahlw\u00e4geplatte und der robusten und leichten Au\u00dfenh\u00fclle wahrscheinlich eine Ewigkeit halten.<\/p>\n<h2><span style=\"text-decoration: underline\">Kenex Eternity Digitalwaage Merkmale:<\/span><\/h2>\n<ul>\n<li>Digitale Waage;<\/li>\n<li>Messbereich: max 100g<\/li>\n<li>Schrittgenauigkeit: 0,01g;<\/li>\n<li>Robustes, leichtes Au\u00dfengeh\u00e4use;<\/li>\n<li>Wiegeschale aus Edelstahl;<\/li>\n<li>Erh\u00e4ltlich in verschiedenen Farben: schwarz und silber;<\/li>\n<li>Automatische digitale Tarierung und Kalibrierung;<\/li>\n<li>\u00dcberlastungsschutz;<\/li>\n<li>4 W\u00e4gemodi: g\/oz\/ozt\/dwt;<\/li>\n<\/ul>\n","protected":false},"excerpt":{"rendered":"<p>Die Eternity-Serie ist der Bestseller unter den Kenex-Waagen. Wie der Name schon sagt, k\u00f6nnte diese Waage bei guter Pflege dank<\/p>\n","protected":false},"featured_media":125143,"comment_status":"open","ping_status":"closed","template":"","meta":[],"product_brand":[],"product_cat":[7947],"product_tag":[],"class_list":{"0":"post-125149","1":"product","2":"type-product","3":"status-publish","4":"has-post-thumbnail","6":"product_cat-headshop-de","8":"first","9":"instock","10":"taxable","11":"shipping-taxable","12":"purchasable","13":"product-type-simple"},"aioseo_notices":[],"_links":{"self":[{"href":"https:\/\/www.budream.com\/de\/wp-json\/wp\/v2\/product\/125149","targetHints":{"allow":["GET"]}}],"collection":[{"href":"https:\/\/www.budream.com\/de\/wp-json\/wp\/v2\/product"}],"about":[{"href":"https:\/\/www.budream.com\/de\/wp-json\/wp\/v2\/types\/product"}],"replies":[{"embeddable":true,"href":"https:\/\/www.budream.com\/de\/wp-json\/wp\/v2\/comments?post=125149"}],"version-history":[{"count":0,"href":"https:\/\/www.budream.com\/de\/wp-json\/wp\/v2\/product\/125149\/revisions"}],"wp:featuredmedia":[{"embeddable":true,"href":"https:\/\/www.budream.com\/de\/wp-json\/wp\/v2\/media\/125143"}],"wp:attachment":[{"href":"https:\/\/www.budream.com\/de\/wp-json\/wp\/v2\/media?parent=125149"}],"wp:term":[{"taxonomy":"product_brand","embeddable":true,"href":"https:\/\/www.budream.com\/de\/wp-json\/wp\/v2\/product_brand?post=125149"},{"taxonomy":"product_cat","embeddable":true,"href":"https:\/\/www.budream.com\/de\/wp-json\/wp\/v2\/product_cat?post=125149"},{"taxonomy":"product_tag","embeddable":true,"href":"https:\/\/www.budream.com\/de\/wp-json\/wp\/v2\/product_tag?post=125149"}],"curies":[{"name":"wp","href":"https:\/\/api.w.org\/{rel}","templated":true}]}}