{"id":125169,"date":"2025-07-30T18:38:34","date_gmt":"2025-07-30T16:38:34","guid":{"rendered":"https:\/\/www.budream.com\/shop\/herbalaire-h3-verdampfer\/"},"modified":"2025-12-18T18:09:03","modified_gmt":"2025-12-18T16:09:03","slug":"herbalaire-h3-verdampfer","status":"publish","type":"product","link":"https:\/\/www.budream.com\/de\/shop\/herbalaire-h3-verdampfer\/","title":{"rendered":"HERBALAIRE &#8211; H3 | VERDAMPFER"},"content":{"rendered":"<p>HERBALAIRE H3 ist ein in Kanada hergestellter Verdampfer f\u00fcr die Aromatherapie, der aus hochwertigen Materialien und nach hohen Fertigungsstandards hergestellt wird.<br \/>Im Vergleich zu seinen Vorg\u00e4ngern verf\u00fcgt er \u00fcber ein erh\u00f6htes Oberteil, das ein <strong>gr\u00f6\u00dferes Fassungsverm\u00f6gen<\/strong> der Kammer erm\u00f6glicht, sowie \u00fcber eine Schutzscheibe, die auch die Temperaturanzeige vergr\u00f6\u00dfert.<\/p>\n<p>Seine gro\u00dfe Vielseitigkeit erlaubt es, ihn mit direkter Verdampfung oder durch F\u00fcllen eines oder mehrerer Ballons zu verwenden.<br \/>Eine Fragmentierung des zu verdampfenden Materials ist nicht erforderlich.<\/p>\n<p>Der H3-Tischverdampfer hat <strong>einen integrierten Luftstrom<\/strong> und eine pr\u00e4zise manuelle Temperaturregelung. Er verf\u00fcgt \u00fcber eine D\u00fcse f\u00fcr den direkten Luftstrom und die M\u00f6glichkeit, mehrere Beutel gleichzeitig zu f\u00fcllen. Die Heizung und der Luftstrom sind getrennt, was einen reinen Geschmack garantiert. <br \/>Es ist ein solides, gut gebautes Ger\u00e4t, das durch eine 3-Jahres-Garantie abgesichert ist.<\/p>\n","protected":false},"excerpt":{"rendered":"<p>HERBALAIRE H3 ist ein in Kanada hergestellter Verdampfer f\u00fcr die Aromatherapie, der aus hochwertigen Materialien und nach hohen Fertigungsstandards hergestellt<\/p>\n","protected":false},"featured_media":125153,"comment_status":"open","ping_status":"closed","template":"","meta":[],"product_brand":[],"product_cat":[7907],"product_tag":[],"class_list":{"0":"post-125169","1":"product","2":"type-product","3":"status-publish","4":"has-post-thumbnail","6":"product_cat-verdampfer","8":"first","9":"instock","10":"sale","11":"taxable","12":"shipping-taxable","13":"purchasable","14":"product-type-simple"},"aioseo_notices":[],"_links":{"self":[{"href":"https:\/\/www.budream.com\/de\/wp-json\/wp\/v2\/product\/125169","targetHints":{"allow":["GET"]}}],"collection":[{"href":"https:\/\/www.budream.com\/de\/wp-json\/wp\/v2\/product"}],"about":[{"href":"https:\/\/www.budream.com\/de\/wp-json\/wp\/v2\/types\/product"}],"replies":[{"embeddable":true,"href":"https:\/\/www.budream.com\/de\/wp-json\/wp\/v2\/comments?post=125169"}],"version-history":[{"count":0,"href":"https:\/\/www.budream.com\/de\/wp-json\/wp\/v2\/product\/125169\/revisions"}],"wp:featuredmedia":[{"embeddable":true,"href":"https:\/\/www.budream.com\/de\/wp-json\/wp\/v2\/media\/125153"}],"wp:attachment":[{"href":"https:\/\/www.budream.com\/de\/wp-json\/wp\/v2\/media?parent=125169"}],"wp:term":[{"taxonomy":"product_brand","embeddable":true,"href":"https:\/\/www.budream.com\/de\/wp-json\/wp\/v2\/product_brand?post=125169"},{"taxonomy":"product_cat","embeddable":true,"href":"https:\/\/www.budream.com\/de\/wp-json\/wp\/v2\/product_cat?post=125169"},{"taxonomy":"product_tag","embeddable":true,"href":"https:\/\/www.budream.com\/de\/wp-json\/wp\/v2\/product_tag?post=125169"}],"curies":[{"name":"wp","href":"https:\/\/api.w.org\/{rel}","templated":true}]}}