{"id":125199,"date":"2025-07-30T18:39:35","date_gmt":"2025-07-30T16:39:35","guid":{"rendered":"https:\/\/www.budream.com\/shop\/storzbickel-dichtungsring-set-fuer-mighty\/"},"modified":"2026-03-11T19:44:36","modified_gmt":"2026-03-11T17:44:36","slug":"storzbickel-dichtungsring-set-fuer-mighty","status":"publish","type":"product","link":"https:\/\/www.budream.com\/de\/shop\/storzbickel-dichtungsring-set-fuer-mighty\/","title":{"rendered":"STORZ&amp;BICKEL &#8211; DICHTUNGSRING-SET F\u00dcR MIGHTY+"},"content":{"rendered":"<p>Satz mit allen Dichtungsringen der K\u00fchleinheit f\u00fcr MIGHTY und MIGHTY+.<\/p>\n<p><strong>Enth\u00e4lt:<\/strong><\/p>\n<ul class=\"ui-tabs-nav ui-helper-reset ui-helper-clearfix ui-widget-header ui-corner-all\">\n<li>3 Stk. Mundst\u00fcck-Dichtring;<\/li>\n<li>2 Stk. Dichtungsring f\u00fcr die F\u00fcllkammer;<\/li>\n<li>3 Stk. Kleiner Boden-Dichtring;<\/li>\n<li>3 Stk. Gro\u00dfer unterer Dichtungsring;<\/li>\n<\/ul>\n","protected":false},"excerpt":{"rendered":"<p>Satz mit allen Dichtungsringen der K\u00fchleinheit f\u00fcr MIGHTY und MIGHTY+. Enth\u00e4lt: 3 Stk. Mundst\u00fcck-Dichtring; 2 Stk. Dichtungsring f\u00fcr die F\u00fcllkammer;<\/p>\n","protected":false},"featured_media":125188,"comment_status":"open","ping_status":"closed","template":"","meta":[],"product_brand":[],"product_cat":[7907],"product_tag":[],"class_list":{"0":"post-125199","1":"product","2":"type-product","3":"status-publish","4":"has-post-thumbnail","6":"product_cat-verdampfer","8":"first","9":"instock","10":"taxable","11":"shipping-taxable","12":"purchasable","13":"product-type-simple"},"_links":{"self":[{"href":"https:\/\/www.budream.com\/de\/wp-json\/wp\/v2\/product\/125199","targetHints":{"allow":["GET"]}}],"collection":[{"href":"https:\/\/www.budream.com\/de\/wp-json\/wp\/v2\/product"}],"about":[{"href":"https:\/\/www.budream.com\/de\/wp-json\/wp\/v2\/types\/product"}],"replies":[{"embeddable":true,"href":"https:\/\/www.budream.com\/de\/wp-json\/wp\/v2\/comments?post=125199"}],"version-history":[{"count":0,"href":"https:\/\/www.budream.com\/de\/wp-json\/wp\/v2\/product\/125199\/revisions"}],"wp:featuredmedia":[{"embeddable":true,"href":"https:\/\/www.budream.com\/de\/wp-json\/wp\/v2\/media\/125188"}],"wp:attachment":[{"href":"https:\/\/www.budream.com\/de\/wp-json\/wp\/v2\/media?parent=125199"}],"wp:term":[{"taxonomy":"product_brand","embeddable":true,"href":"https:\/\/www.budream.com\/de\/wp-json\/wp\/v2\/product_brand?post=125199"},{"taxonomy":"product_cat","embeddable":true,"href":"https:\/\/www.budream.com\/de\/wp-json\/wp\/v2\/product_cat?post=125199"},{"taxonomy":"product_tag","embeddable":true,"href":"https:\/\/www.budream.com\/de\/wp-json\/wp\/v2\/product_tag?post=125199"}],"curies":[{"name":"wp","href":"https:\/\/api.w.org\/{rel}","templated":true}]}}