{"id":125219,"date":"2025-07-30T18:40:04","date_gmt":"2025-07-30T16:40:04","guid":{"rendered":"https:\/\/www.budream.com\/shop\/storzbickel-kuehlgeraet-fuer-mighty\/"},"modified":"2026-03-10T16:18:25","modified_gmt":"2026-03-10T14:18:25","slug":"storzbickel-kuehlgeraet-fuer-mighty","status":"publish","type":"product","link":"https:\/\/www.budream.com\/de\/shop\/storzbickel-kuehlgeraet-fuer-mighty\/","title":{"rendered":"STORZ&amp;BICKEL &#8211; K\u00dcHLGER\u00c4T F\u00dcR MIGHTY+"},"content":{"rendered":"<p>Die Cooling Unit k\u00fchlt den Dampf, um einen angenehmen Dampf und ein optimales Aroma zu gew\u00e4hrleisten.<\/p>\n<p>Geeignet f\u00fcr:<\/p>\n<ul>\n<li>MIGHTY<\/li>\n<li>MIGHTY+<\/li>\n<\/ul>\n","protected":false},"excerpt":{"rendered":"<p>Die Cooling Unit k\u00fchlt den Dampf, um einen angenehmen Dampf und ein optimales Aroma zu gew\u00e4hrleisten. Geeignet f\u00fcr: MIGHTY MIGHTY+<\/p>\n","protected":false},"featured_media":125203,"comment_status":"open","ping_status":"closed","template":"","meta":[],"product_brand":[],"product_cat":[7907],"product_tag":[],"class_list":{"0":"post-125219","1":"product","2":"type-product","3":"status-publish","4":"has-post-thumbnail","6":"product_cat-verdampfer","8":"first","9":"instock","10":"taxable","11":"shipping-taxable","12":"purchasable","13":"product-type-simple"},"_links":{"self":[{"href":"https:\/\/www.budream.com\/de\/wp-json\/wp\/v2\/product\/125219","targetHints":{"allow":["GET"]}}],"collection":[{"href":"https:\/\/www.budream.com\/de\/wp-json\/wp\/v2\/product"}],"about":[{"href":"https:\/\/www.budream.com\/de\/wp-json\/wp\/v2\/types\/product"}],"replies":[{"embeddable":true,"href":"https:\/\/www.budream.com\/de\/wp-json\/wp\/v2\/comments?post=125219"}],"version-history":[{"count":0,"href":"https:\/\/www.budream.com\/de\/wp-json\/wp\/v2\/product\/125219\/revisions"}],"wp:featuredmedia":[{"embeddable":true,"href":"https:\/\/www.budream.com\/de\/wp-json\/wp\/v2\/media\/125203"}],"wp:attachment":[{"href":"https:\/\/www.budream.com\/de\/wp-json\/wp\/v2\/media?parent=125219"}],"wp:term":[{"taxonomy":"product_brand","embeddable":true,"href":"https:\/\/www.budream.com\/de\/wp-json\/wp\/v2\/product_brand?post=125219"},{"taxonomy":"product_cat","embeddable":true,"href":"https:\/\/www.budream.com\/de\/wp-json\/wp\/v2\/product_cat?post=125219"},{"taxonomy":"product_tag","embeddable":true,"href":"https:\/\/www.budream.com\/de\/wp-json\/wp\/v2\/product_tag?post=125219"}],"curies":[{"name":"wp","href":"https:\/\/api.w.org\/{rel}","templated":true}]}}