{"id":125294,"date":"2025-07-30T18:44:34","date_gmt":"2025-07-30T16:44:34","guid":{"rendered":"https:\/\/www.budream.com\/shop\/storzbickel-12v-autoladegeraet-fuer-mighty\/"},"modified":"2025-12-23T14:46:07","modified_gmt":"2025-12-23T12:46:07","slug":"storzbickel-12v-autoladegeraet-fuer-mighty","status":"publish","type":"product","link":"https:\/\/www.budream.com\/de\/shop\/storzbickel-12v-autoladegeraet-fuer-mighty\/","title":{"rendered":"STORZ&amp;BICKEL &#8211; 12V AUTOLADEGER\u00c4T F\u00dcR MIGHTY"},"content":{"rendered":"<p>Autoladeger\u00e4t f\u00fcr MIGHTY Verdampfer.<br \/>12V Ladeger\u00e4t mit Zigarettenanz\u00fcnderanschluss.<br \/><strong>Dieses Modell funktioniert nicht mit Mighty+.<\/strong><\/p>\n","protected":false},"excerpt":{"rendered":"<p>Autoladeger\u00e4t f\u00fcr MIGHTY Verdampfer.12V Ladeger\u00e4t mit Zigarettenanz\u00fcnderanschluss.Dieses Modell funktioniert nicht mit Mighty+.<\/p>\n","protected":false},"featured_media":125283,"comment_status":"open","ping_status":"closed","template":"","meta":[],"product_brand":[],"product_cat":[7907],"product_tag":[],"class_list":{"0":"post-125294","1":"product","2":"type-product","3":"status-publish","4":"has-post-thumbnail","6":"product_cat-verdampfer","8":"first","9":"instock","10":"taxable","11":"shipping-taxable","12":"purchasable","13":"product-type-simple"},"_links":{"self":[{"href":"https:\/\/www.budream.com\/de\/wp-json\/wp\/v2\/product\/125294","targetHints":{"allow":["GET"]}}],"collection":[{"href":"https:\/\/www.budream.com\/de\/wp-json\/wp\/v2\/product"}],"about":[{"href":"https:\/\/www.budream.com\/de\/wp-json\/wp\/v2\/types\/product"}],"replies":[{"embeddable":true,"href":"https:\/\/www.budream.com\/de\/wp-json\/wp\/v2\/comments?post=125294"}],"version-history":[{"count":0,"href":"https:\/\/www.budream.com\/de\/wp-json\/wp\/v2\/product\/125294\/revisions"}],"wp:featuredmedia":[{"embeddable":true,"href":"https:\/\/www.budream.com\/de\/wp-json\/wp\/v2\/media\/125283"}],"wp:attachment":[{"href":"https:\/\/www.budream.com\/de\/wp-json\/wp\/v2\/media?parent=125294"}],"wp:term":[{"taxonomy":"product_brand","embeddable":true,"href":"https:\/\/www.budream.com\/de\/wp-json\/wp\/v2\/product_brand?post=125294"},{"taxonomy":"product_cat","embeddable":true,"href":"https:\/\/www.budream.com\/de\/wp-json\/wp\/v2\/product_cat?post=125294"},{"taxonomy":"product_tag","embeddable":true,"href":"https:\/\/www.budream.com\/de\/wp-json\/wp\/v2\/product_tag?post=125294"}],"curies":[{"name":"wp","href":"https:\/\/api.w.org\/{rel}","templated":true}]}}