{"id":125314,"date":"2025-07-30T18:45:45","date_gmt":"2025-07-30T16:45:45","guid":{"rendered":"https:\/\/www.budream.com\/shop\/gruener-klebstoff-chromotrope-olivenfliegenfalle-10-stueck\/"},"modified":"2026-01-28T12:42:45","modified_gmt":"2026-01-28T10:42:45","slug":"gruener-klebstoff-chromotrope-olivenfliegenfalle-10-stueck","status":"publish","type":"product","link":"https:\/\/www.budream.com\/de\/shop\/gruener-klebstoff-chromotrope-olivenfliegenfalle-10-stueck\/","title":{"rendered":"GR\u00dcNER KLEBSTOFF CHROMOTROPE OLIVENFLIEGENFALLE 10 ST\u00dcCK"},"content":{"rendered":"<p>Chromotrope Klebefallen f\u00fcr den Insektenfang, geruchlos, trocknet im Laufe der Zeit nicht aus, lockt und f\u00e4ngt die Olivenfliege.<br \/>Zum Schutz von Pflanzen im Garten, Gew\u00e4chshaus und in T\u00f6pfen. <br \/>Kann im \u00f6kologischen Landbau verwendet werden (EG-Verordnung 889\/2008).<\/p>\n<p>L\u00f6sen Sie die Schutzfolien von den 2 Klebeseiten der Platte<br \/>Die Fallen mit Hilfe der mitgelieferten B\u00e4nder an den B\u00e4umen aufh\u00e4ngen, dabei einen Abstand von mindestens 2 m zwischen den einzelnen Platten einhalten. Bei Kontakt den Kleber mit Pflanzen\u00f6l entfernen.<\/p>\n<p>Ordnen Sie 10-12 Fallen pro 100 m\u00b2 an. <br \/>Packung mit 10 St\u00fcck. <\/p>\n<p>Ungiftiges Produkt.<\/p>\n","protected":false},"excerpt":{"rendered":"<p>Chromotrope Klebefallen f\u00fcr den Insektenfang, geruchlos, trocknet im Laufe der Zeit nicht aus, lockt und f\u00e4ngt die Olivenfliege.Zum Schutz von<\/p>\n","protected":false},"featured_media":125308,"comment_status":"open","ping_status":"closed","template":"","meta":[],"product_brand":[],"product_cat":[7929],"product_tag":[],"class_list":{"0":"post-125314","1":"product","2":"type-product","3":"status-publish","4":"has-post-thumbnail","6":"product_cat-pflanzenschutz-und-abwehr","8":"first","9":"instock","10":"taxable","11":"shipping-taxable","12":"purchasable","13":"product-type-simple"},"_links":{"self":[{"href":"https:\/\/www.budream.com\/de\/wp-json\/wp\/v2\/product\/125314","targetHints":{"allow":["GET"]}}],"collection":[{"href":"https:\/\/www.budream.com\/de\/wp-json\/wp\/v2\/product"}],"about":[{"href":"https:\/\/www.budream.com\/de\/wp-json\/wp\/v2\/types\/product"}],"replies":[{"embeddable":true,"href":"https:\/\/www.budream.com\/de\/wp-json\/wp\/v2\/comments?post=125314"}],"version-history":[{"count":0,"href":"https:\/\/www.budream.com\/de\/wp-json\/wp\/v2\/product\/125314\/revisions"}],"wp:featuredmedia":[{"embeddable":true,"href":"https:\/\/www.budream.com\/de\/wp-json\/wp\/v2\/media\/125308"}],"wp:attachment":[{"href":"https:\/\/www.budream.com\/de\/wp-json\/wp\/v2\/media?parent=125314"}],"wp:term":[{"taxonomy":"product_brand","embeddable":true,"href":"https:\/\/www.budream.com\/de\/wp-json\/wp\/v2\/product_brand?post=125314"},{"taxonomy":"product_cat","embeddable":true,"href":"https:\/\/www.budream.com\/de\/wp-json\/wp\/v2\/product_cat?post=125314"},{"taxonomy":"product_tag","embeddable":true,"href":"https:\/\/www.budream.com\/de\/wp-json\/wp\/v2\/product_tag?post=125314"}],"curies":[{"name":"wp","href":"https:\/\/api.w.org\/{rel}","templated":true}]}}