{"id":125324,"date":"2025-07-30T18:46:15","date_gmt":"2025-07-30T16:46:15","guid":{"rendered":"https:\/\/www.budream.com\/shop\/universalfalle-fuer-die-aufnahme-von-pheromonen\/"},"modified":"2026-01-28T12:41:57","modified_gmt":"2026-01-28T10:41:57","slug":"universalfalle-fuer-die-aufnahme-von-pheromonen","status":"publish","type":"product","link":"https:\/\/www.budream.com\/de\/shop\/universalfalle-fuer-die-aufnahme-von-pheromonen\/","title":{"rendered":"UNIVERSALFALLE F\u00dcR DIE AUFNAHME VON PHEROMONEN"},"content":{"rendered":"<p>Die universelle Falle f\u00fcr die Unterbringung von Pheromonen.<br \/> Die Falle ist \u00e4u\u00dferst wirksam, pflanzen- und bodenschonend und erm\u00f6glicht durch die Zugabe eines Lockstoffs (des Pheromons) die selektive Vernichtung einer gro\u00dfen Anzahl m\u00e4nnlicher Schadinsekten, um deren Vermehrung zu verhindern.<br \/> Die Falle sollte vor dem zu erwartenden Insektenbefall aufgestellt werden (siehe Behandlungszeitraum in Abh\u00e4ngigkeit vom gesuchten Sch\u00e4dling).<br \/> F\u00fcr eine maximale Wirksamkeit sollten 2 Fallen pro Baum aufgestellt werden.<br \/> Im Inneren der Falle, wo die Pheromonscheibe angebracht ist, befindet sich eine Schicht aus klebendem Material; die angelockten m\u00e4nnlichen Insekten werden so gefangen.<br \/> Die Fallen werden am Ende der Saison eingesammelt und k\u00f6nnen f\u00fcr das n\u00e4chste Jahr gelagert werden.<br \/> Ersatzklebeplatten und Pheromonkapseln, die separat erh\u00e4ltlich sind, m\u00fcssen bei Bedarf erneuert werden.<\/p>\n<p> Zusammensetzung der Fallen<\/p>\n<p> &#8211; 1 zusammenklappbare Falle<br \/> &#8211; 1 Klebeplatte<br \/> &#8211; 1 Halter f\u00fcr den Pheromonkapselbeh\u00e4lter<br \/> &#8211; 1 kleiner Beh\u00e4lter f\u00fcr Pheromonkapseln<br \/> &#8211; 1 Halteschlaufe<\/p>\n<p><strong>Die Universalfalle muss mit dem Pheromon kombiniert werden, damit sie richtig funktioniert. <\/strong><br \/><strong>(Pheromone sind separat erh\u00e4ltlich)<\/strong><\/p>\n<p>Nachstehend sind die verf\u00fcgbaren Pheromone aufgef\u00fchrt:<\/p>\n<p>&#8211; <a href=\"https:\/\/www.indoorline.com\/feromone-contro-il-verme-dell-oliva-e-la-mosca-olearia.html\">der Olivenwurm<\/a><br \/>&#8211; <a href=\"https:\/\/www.indoorline.com\/presto-bio-feromone-per-processionaria-del-pino.html\">der Kiefernprozessionsspinner<\/a><\/p>\n","protected":false},"excerpt":{"rendered":"<p>Die universelle Falle f\u00fcr die Unterbringung von Pheromonen. Die Falle ist \u00e4u\u00dferst wirksam, pflanzen- und bodenschonend und erm\u00f6glicht durch die<\/p>\n","protected":false},"featured_media":125318,"comment_status":"open","ping_status":"closed","template":"","meta":[],"product_brand":[],"product_cat":[3095],"product_tag":[],"class_list":{"0":"post-125324","1":"product","2":"type-product","3":"status-publish","4":"has-post-thumbnail","6":"product_cat-antiparassitari-e-difesa","8":"first","9":"instock","10":"taxable","11":"shipping-taxable","12":"purchasable","13":"product-type-simple"},"_links":{"self":[{"href":"https:\/\/www.budream.com\/de\/wp-json\/wp\/v2\/product\/125324","targetHints":{"allow":["GET"]}}],"collection":[{"href":"https:\/\/www.budream.com\/de\/wp-json\/wp\/v2\/product"}],"about":[{"href":"https:\/\/www.budream.com\/de\/wp-json\/wp\/v2\/types\/product"}],"replies":[{"embeddable":true,"href":"https:\/\/www.budream.com\/de\/wp-json\/wp\/v2\/comments?post=125324"}],"version-history":[{"count":0,"href":"https:\/\/www.budream.com\/de\/wp-json\/wp\/v2\/product\/125324\/revisions"}],"wp:featuredmedia":[{"embeddable":true,"href":"https:\/\/www.budream.com\/de\/wp-json\/wp\/v2\/media\/125318"}],"wp:attachment":[{"href":"https:\/\/www.budream.com\/de\/wp-json\/wp\/v2\/media?parent=125324"}],"wp:term":[{"taxonomy":"product_brand","embeddable":true,"href":"https:\/\/www.budream.com\/de\/wp-json\/wp\/v2\/product_brand?post=125324"},{"taxonomy":"product_cat","embeddable":true,"href":"https:\/\/www.budream.com\/de\/wp-json\/wp\/v2\/product_cat?post=125324"},{"taxonomy":"product_tag","embeddable":true,"href":"https:\/\/www.budream.com\/de\/wp-json\/wp\/v2\/product_tag?post=125324"}],"curies":[{"name":"wp","href":"https:\/\/api.w.org\/{rel}","templated":true}]}}