{"id":125329,"date":"2025-07-30T18:46:44","date_gmt":"2025-07-30T16:46:44","guid":{"rendered":"https:\/\/www.budream.com\/shop\/klebstoff-nachfuellungen-fuer-universal-pheromon-fallen\/"},"modified":"2025-10-14T15:59:53","modified_gmt":"2025-10-14T13:59:53","slug":"klebstoff-nachfuellungen-fuer-universal-pheromon-fallen","status":"publish","type":"product","link":"https:\/\/www.budream.com\/de\/shop\/klebstoff-nachfuellungen-fuer-universal-pheromon-fallen\/","title":{"rendered":"KLEBSTOFF-NACHF\u00dcLLUNGEN F\u00dcR UNIVERSAL-PHEROMON-FALLEN"},"content":{"rendered":"<p>Nachf\u00fcllpackung mit 2 Ersatzklebekarten f\u00fcr die<strong> <a href=\"https:\/\/www.indoorline.com\/trappola-universale-per-ospitare-feromoni.html\">Universal-Pheromonfalle<\/a> <\/strong>.<a class=\"detail\"><br \/><strong>Pheromone und <a href=\"https:\/\/www.indoorline.com\/trappola-universale-per-ospitare-feromoni.html\">Falle<\/a> sind separat erh\u00e4ltlich.<br \/><\/strong><br \/><\/a><\/p>\n","protected":false},"excerpt":{"rendered":"<p>Nachf\u00fcllpackung mit 2 Ersatzklebekarten f\u00fcr die Universal-Pheromonfalle .Pheromone und Falle sind separat erh\u00e4ltlich.<\/p>\n","protected":false},"featured_media":125318,"comment_status":"open","ping_status":"closed","template":"","meta":[],"product_brand":[],"product_cat":[7929],"product_tag":[],"class_list":{"0":"post-125329","1":"product","2":"type-product","3":"status-publish","4":"has-post-thumbnail","6":"product_cat-pflanzenschutz-und-abwehr","8":"first","9":"instock","10":"taxable","11":"shipping-taxable","12":"purchasable","13":"product-type-simple"},"_links":{"self":[{"href":"https:\/\/www.budream.com\/de\/wp-json\/wp\/v2\/product\/125329","targetHints":{"allow":["GET"]}}],"collection":[{"href":"https:\/\/www.budream.com\/de\/wp-json\/wp\/v2\/product"}],"about":[{"href":"https:\/\/www.budream.com\/de\/wp-json\/wp\/v2\/types\/product"}],"replies":[{"embeddable":true,"href":"https:\/\/www.budream.com\/de\/wp-json\/wp\/v2\/comments?post=125329"}],"version-history":[{"count":0,"href":"https:\/\/www.budream.com\/de\/wp-json\/wp\/v2\/product\/125329\/revisions"}],"wp:featuredmedia":[{"embeddable":true,"href":"https:\/\/www.budream.com\/de\/wp-json\/wp\/v2\/media\/125318"}],"wp:attachment":[{"href":"https:\/\/www.budream.com\/de\/wp-json\/wp\/v2\/media?parent=125329"}],"wp:term":[{"taxonomy":"product_brand","embeddable":true,"href":"https:\/\/www.budream.com\/de\/wp-json\/wp\/v2\/product_brand?post=125329"},{"taxonomy":"product_cat","embeddable":true,"href":"https:\/\/www.budream.com\/de\/wp-json\/wp\/v2\/product_cat?post=125329"},{"taxonomy":"product_tag","embeddable":true,"href":"https:\/\/www.budream.com\/de\/wp-json\/wp\/v2\/product_tag?post=125329"}],"curies":[{"name":"wp","href":"https:\/\/api.w.org\/{rel}","templated":true}]}}