{"id":125349,"date":"2025-07-30T18:47:13","date_gmt":"2025-07-30T16:47:13","guid":{"rendered":"https:\/\/www.budream.com\/shop\/pheromone-gegen-olivenwurm-und-olivenfliege\/"},"modified":"2026-01-28T12:42:24","modified_gmt":"2026-01-28T10:42:24","slug":"pheromone-gegen-olivenwurm-und-olivenfliege","status":"publish","type":"product","link":"https:\/\/www.budream.com\/de\/shop\/pheromone-gegen-olivenwurm-und-olivenfliege\/","title":{"rendered":"PHEROMONE GEGEN OLIVENWURM UND OLIVENFLIEGE"},"content":{"rendered":"<p>Das erwachsene Insekt ist eine Fliege. Das befruchtete Weibchen legt seine Eier direkt unter der Schale der Frucht ab. Die aus den Eiern schl\u00fcpfende Larve entwickelt sich und verursacht schwerwiegende Sch\u00e4den: angefressenes Fruchtfleisch, F\u00e4ulnis, Abfallen der Fr\u00fcchte.<br \/>Die Behandlung mit Pheromonen ist eine 100 % \u00f6kologische L\u00f6sung zur Beseitigung dieses Schadinsekts.<\/p>\n<p>Das Prinzip besteht darin, die fl\u00fcchtigen Substanzen nachzuahmen, die das weibliche Insekt abgibt (weibliches Pheromon), um die M\u00e4nnchen zu erkennen und sexuell anzuziehen. <br \/>Diese werden angelockt, gefangen und eliminiert. Dies verhindert die Paarung, Fortpflanzung und damit die Eiablage.<\/p>\n<p><strong>Die Pheromone werden mit einer <a href=\"https:\/\/www.indoorline.com\/trappola-universale-per-ospitare-feromoni.html\">speziellen Falle<\/a> verwendet und m\u00fcssen auf die entsprechenden <a href=\"https:\/\/www.indoorline.com\/ricariche-adesive-per-trappola-universale-e-casetta.html\">Klebstoffminen<\/a> aufgetragen werden <a href=\"https:\/\/www.indoorline.com\/ricariche-adesive-per-trappola-universale-e-casetta.html\">.<\/a><\/strong><\/p>\n<p>Stellen Sie die Fallen auf, wenn die Oliven etwa 8 mm gro\u00df sind, und lassen Sie sie bis zur Ernte stehen. Verwenden Sie zu Beginn der Saison 1 Falle pro Baum, die nach Norden ausgerichtet ist, und danach bis zu 4 Fallen pro Baum Ende August\/Anfang September.<\/p>\n<p>Die Schachtel enth\u00e4lt 2 Pheromonkapseln. Jede Kapsel ist in einem luftdicht verschlossenen Beutel verpackt.<\/p>\n<p>Die Pheromonkapseln k\u00f6nnen k\u00fchl gelagert werden (bis zu 3 Jahre im K\u00fchlschrank &#8211; bis zu 5 Jahre im Gefrierschrank).<\/p>\n<p>Dosierung: 1 bis 2 Fallen pro Baum<\/p>\n<p>Behandlungszeitraum: April bis August<br \/>Dauer: 4 bis 6 Wochen<br \/>Ausbringen, wenn die Temperatur \u00fcber 14&deg;C liegt.<\/p>\n","protected":false},"excerpt":{"rendered":"<p>Das erwachsene Insekt ist eine Fliege. Das befruchtete Weibchen legt seine Eier direkt unter der Schale der Frucht ab. Die<\/p>\n","protected":false},"featured_media":125333,"comment_status":"open","ping_status":"closed","template":"","meta":[],"product_brand":[],"product_cat":[7929],"product_tag":[],"class_list":{"0":"post-125349","1":"product","2":"type-product","3":"status-publish","4":"has-post-thumbnail","6":"product_cat-pflanzenschutz-und-abwehr","8":"first","9":"instock","10":"taxable","11":"shipping-taxable","12":"purchasable","13":"product-type-simple"},"_links":{"self":[{"href":"https:\/\/www.budream.com\/de\/wp-json\/wp\/v2\/product\/125349","targetHints":{"allow":["GET"]}}],"collection":[{"href":"https:\/\/www.budream.com\/de\/wp-json\/wp\/v2\/product"}],"about":[{"href":"https:\/\/www.budream.com\/de\/wp-json\/wp\/v2\/types\/product"}],"replies":[{"embeddable":true,"href":"https:\/\/www.budream.com\/de\/wp-json\/wp\/v2\/comments?post=125349"}],"version-history":[{"count":0,"href":"https:\/\/www.budream.com\/de\/wp-json\/wp\/v2\/product\/125349\/revisions"}],"wp:featuredmedia":[{"embeddable":true,"href":"https:\/\/www.budream.com\/de\/wp-json\/wp\/v2\/media\/125333"}],"wp:attachment":[{"href":"https:\/\/www.budream.com\/de\/wp-json\/wp\/v2\/media?parent=125349"}],"wp:term":[{"taxonomy":"product_brand","embeddable":true,"href":"https:\/\/www.budream.com\/de\/wp-json\/wp\/v2\/product_brand?post=125349"},{"taxonomy":"product_cat","embeddable":true,"href":"https:\/\/www.budream.com\/de\/wp-json\/wp\/v2\/product_cat?post=125349"},{"taxonomy":"product_tag","embeddable":true,"href":"https:\/\/www.budream.com\/de\/wp-json\/wp\/v2\/product_tag?post=125349"}],"curies":[{"name":"wp","href":"https:\/\/api.w.org\/{rel}","templated":true}]}}