{"id":125359,"date":"2025-07-30T18:47:59","date_gmt":"2025-07-30T16:47:59","guid":{"rendered":"https:\/\/www.budream.com\/shop\/flowermate-glasmundstueck-fuer-v5-hybrid-und-hybrid-x-serie\/"},"modified":"2026-04-20T14:14:04","modified_gmt":"2026-04-20T12:14:04","slug":"flowermate-glasmundstueck-fuer-v5-hybrid-und-hybrid-x-serie","status":"publish","type":"product","link":"https:\/\/www.budream.com\/de\/shop\/flowermate-glasmundstueck-fuer-v5-hybrid-und-hybrid-x-serie\/","title":{"rendered":"FLOWERMATE &#8211; GLASMUNDST\u00dcCK F\u00dcR V5, HYBRID UND HYBRID X SERIE"},"content":{"rendered":"<p>Ersatz Mundst\u00fcck aus Borosilikatglas f\u00fcr FLOWERMATE geeignet f\u00fcr V5-Serie (V5.0 PRO, V5.0S) und f\u00fcr HYBRID und HYBRID X. <br \/>Inklusive Netzhaut.<\/p>\n","protected":false},"excerpt":{"rendered":"<p>Ersatz Mundst\u00fcck aus Borosilikatglas f\u00fcr FLOWERMATE geeignet f\u00fcr V5-Serie (V5.0 PRO, V5.0S) und f\u00fcr HYBRID und HYBRID X. Inklusive Netzhaut.<\/p>\n","protected":false},"featured_media":125353,"comment_status":"open","ping_status":"closed","template":"","meta":[],"product_brand":[],"product_cat":[7907],"product_tag":[],"class_list":{"0":"post-125359","1":"product","2":"type-product","3":"status-publish","4":"has-post-thumbnail","6":"product_cat-verdampfer","8":"first","9":"instock","10":"sale","11":"taxable","12":"shipping-taxable","13":"purchasable","14":"product-type-simple"},"_links":{"self":[{"href":"https:\/\/www.budream.com\/de\/wp-json\/wp\/v2\/product\/125359","targetHints":{"allow":["GET"]}}],"collection":[{"href":"https:\/\/www.budream.com\/de\/wp-json\/wp\/v2\/product"}],"about":[{"href":"https:\/\/www.budream.com\/de\/wp-json\/wp\/v2\/types\/product"}],"replies":[{"embeddable":true,"href":"https:\/\/www.budream.com\/de\/wp-json\/wp\/v2\/comments?post=125359"}],"version-history":[{"count":0,"href":"https:\/\/www.budream.com\/de\/wp-json\/wp\/v2\/product\/125359\/revisions"}],"wp:featuredmedia":[{"embeddable":true,"href":"https:\/\/www.budream.com\/de\/wp-json\/wp\/v2\/media\/125353"}],"wp:attachment":[{"href":"https:\/\/www.budream.com\/de\/wp-json\/wp\/v2\/media?parent=125359"}],"wp:term":[{"taxonomy":"product_brand","embeddable":true,"href":"https:\/\/www.budream.com\/de\/wp-json\/wp\/v2\/product_brand?post=125359"},{"taxonomy":"product_cat","embeddable":true,"href":"https:\/\/www.budream.com\/de\/wp-json\/wp\/v2\/product_cat?post=125359"},{"taxonomy":"product_tag","embeddable":true,"href":"https:\/\/www.budream.com\/de\/wp-json\/wp\/v2\/product_tag?post=125359"}],"curies":[{"name":"wp","href":"https:\/\/api.w.org\/{rel}","templated":true}]}}