{"id":125479,"date":"2025-07-30T18:53:18","date_gmt":"2025-07-30T16:53:18","guid":{"rendered":"https:\/\/www.budream.com\/shop\/storzbickel-volcano-classic-einfaches-ventil-tischverdampfer\/"},"modified":"2026-03-10T16:19:04","modified_gmt":"2026-03-10T14:19:04","slug":"storzbickel-volcano-classic-einfaches-ventil-tischverdampfer","status":"publish","type":"product","link":"https:\/\/www.budream.com\/de\/shop\/storzbickel-volcano-classic-einfaches-ventil-tischverdampfer\/","title":{"rendered":"STORZ&amp;BICKEL &#8211; VOLCANO CLASSIC &#8211; EINFACHES VENTIL | TISCHVERDAMPFER"},"content":{"rendered":"<h2><span style=\"text-decoration: underline\">Volcano Klassisch<\/span><\/h2>\n<p>VOLCANO ist der kultigste Vaporizer auf dem Markt und seit 20 Jahren die erste Wahl von Kennern. Seine ikonische Form hat als einzigartiges Designelement ihren Weg in viele Wohnungen auf der ganzen Welt gefunden.<br \/>Der VOLCANO wird, wie alle S&amp;B Verdampfer, in Deutschland unter strengen Qualit\u00e4tskontrollen von Hand montiert. Sein rein elektromechanisches Design und die hochwertigen Materialien sorgen f\u00fcr eine au\u00dfergew\u00f6hnliche Langlebigkeit.<\/p>\n<h2><span style=\"text-decoration: underline\"><strong>Bew\u00e4hrte Qualit\u00e4t.<br \/><\/strong><\/span><\/h2>\n<p>Der VOLCANO CLASSIC bietet eine hervorragende <strong>Dampfproduktion<\/strong>, die von allen Mitbewerbern unerreicht ist. Dank seiner reinen Konvektionsbeheizung bietet er einen noch nie dagewesenen Geschmack und reinen Dampf.<\/p>\n<h2><strong><span style=\"text-decoration: underline\">Merkmale Storz &amp; Bickel Volcano Classic:<\/span><\/strong><\/h2>\n<ul style=\"list-style-type: disc\">\n<li>Einstellbare Verdampfungstemperatur von 130&deg;C bis 230&deg;C.<\/li>\n<li>Drei Jahre Garantie<\/li>\n<li>Temperaturgenauigkeit &plusmn; 5&deg;C<\/li>\n<li>Kit bestehend aus allem notwendigen Zubeh\u00f6r f\u00fcr Betrieb und Wartung<\/li>\n<li>Neue limitierte Auflage in der Farbe Onyxschwarz.<\/li>\n<\/ul>\n<p><\/p>\n<h2><strong><span style=\"text-decoration: underline\">Storz &amp; Bickel Volcano Classic <\/span><\/strong><strong><span style=\"text-decoration: underline\">enth\u00e4lt in der Box:<\/span><\/strong><\/h2>\n<ul style=\"list-style-type: disc\">\n<li><span style=\"font-size: 12pt\">1 Stk. Volcano Classic Farbe Silber;<\/span><\/li>\n<li><span style=\"font-size: 12pt\">4 Stk. EASY VALVE Fl\u00e4schchen mit Mundst\u00fcck;<\/span><\/li>\n<li><span style=\"font-size: 12pt\">1 Stk. EASY VALVE Flachmann mit Adapter;<\/span><\/li>\n<li><span style=\"font-size: 12pt\">1 Stk. F\u00fcllkammer;<\/span><\/li>\n<li><span style=\"font-size: 12pt\">3 Stk. F\u00fcllkammer-Clip;<\/span><\/li>\n<li><span style=\"font-size: 12pt\">1 Stk. Deckelring;<\/span><\/li>\n<li><span style=\"font-size: 12pt\">1 Stk. Satz Standard-Filter (ca. &Oslash; 30 mm);<\/span><\/li>\n<li><span style=\"font-size: 12pt\">1 Stk. Tr\u00f6pfchenkissen (ca. &Oslash; 28 x 4 mm);<\/span><\/li>\n<li><span style=\"font-size: 12pt\">1 Stk. Satz Luftfilter;<\/span><\/li>\n<li><span style=\"font-size: 12pt\">1 Stk. Kr\u00e4uterm\u00fchle (ca. &Oslash; 59 mm);<\/span><\/li>\n<li><span style=\"font-size: 12pt\">1 Stk. Reinigungsb\u00fcrste;<\/span><\/li>\n<li><span style=\"font-size: 12pt\">1 St. Gebrauchsanweisung;<\/span><\/li>\n<\/ul>\n","protected":false},"excerpt":{"rendered":"<p>Volcano Klassisch VOLCANO ist der kultigste Vaporizer auf dem Markt und seit 20 Jahren die erste Wahl von Kennern. Seine<\/p>\n","protected":false},"featured_media":125463,"comment_status":"open","ping_status":"closed","template":"","meta":[],"product_brand":[],"product_cat":[7907],"product_tag":[],"class_list":{"0":"post-125479","1":"product","2":"type-product","3":"status-publish","4":"has-post-thumbnail","6":"product_cat-verdampfer","8":"first","9":"instock","10":"sale","11":"taxable","12":"shipping-taxable","13":"purchasable","14":"product-type-simple"},"_links":{"self":[{"href":"https:\/\/www.budream.com\/de\/wp-json\/wp\/v2\/product\/125479","targetHints":{"allow":["GET"]}}],"collection":[{"href":"https:\/\/www.budream.com\/de\/wp-json\/wp\/v2\/product"}],"about":[{"href":"https:\/\/www.budream.com\/de\/wp-json\/wp\/v2\/types\/product"}],"replies":[{"embeddable":true,"href":"https:\/\/www.budream.com\/de\/wp-json\/wp\/v2\/comments?post=125479"}],"version-history":[{"count":0,"href":"https:\/\/www.budream.com\/de\/wp-json\/wp\/v2\/product\/125479\/revisions"}],"wp:featuredmedia":[{"embeddable":true,"href":"https:\/\/www.budream.com\/de\/wp-json\/wp\/v2\/media\/125463"}],"wp:attachment":[{"href":"https:\/\/www.budream.com\/de\/wp-json\/wp\/v2\/media?parent=125479"}],"wp:term":[{"taxonomy":"product_brand","embeddable":true,"href":"https:\/\/www.budream.com\/de\/wp-json\/wp\/v2\/product_brand?post=125479"},{"taxonomy":"product_cat","embeddable":true,"href":"https:\/\/www.budream.com\/de\/wp-json\/wp\/v2\/product_cat?post=125479"},{"taxonomy":"product_tag","embeddable":true,"href":"https:\/\/www.budream.com\/de\/wp-json\/wp\/v2\/product_tag?post=125479"}],"curies":[{"name":"wp","href":"https:\/\/api.w.org\/{rel}","templated":true}]}}