{"id":125544,"date":"2025-07-30T18:55:20","date_gmt":"2025-07-30T16:55:20","guid":{"rendered":"https:\/\/www.budream.com\/shop\/arizer-extrem-q-verdampfer\/"},"modified":"2026-01-19T11:31:02","modified_gmt":"2026-01-19T09:31:02","slug":"arizer-extrem-q-verdampfer","status":"publish","type":"product","link":"https:\/\/www.budream.com\/de\/shop\/arizer-extrem-q-verdampfer\/","title":{"rendered":"ARIZER &#8211; EXTREM-Q VERDAMPFER"},"content":{"rendered":"<p>Arizer <strong>Extreme-Q<\/strong> ist ein Mehrzweck-Tischverdampfer, der aus den hochwertigsten Komponenten besteht. Die Dichte des Dampfes kann durch die Einstellung der Temperatur mit der Fernbedienung sowie durch die Wahl des Ballonf\u00fcllsystems oder des extralangen Dampfschlauches individuell angepasst werden.<\/p>\n<p>Dank der digitalen Steuerung ist es einfach, die Temperatur nach Ihren W\u00fcnschen zu regeln, und f\u00fcr den Fall, dass Sie vergessen, das Ger\u00e4t auszuschalten, gibt es eine <strong>automatische Abschaltfunktion.<\/strong><br \/>Der Arizer Extreme-Q verf\u00fcgt \u00fcber ein neues, leiseres Gebl\u00e4se, und die Glasteile sind ausschlie\u00dflich aus hochwertigem, vorgew\u00e4rmtem Glas ohne sch\u00e4dliche Verbindungen hergestellt.<br \/>Mit einem Design, das einen einfachen \u00dcbergang vom Ballon zum Schlauch erm\u00f6glicht, <strong>ist der Arizer Extreme-Q perfekt f\u00fcr den Gruppengebrauch.<\/strong><\/p>\n<p>Alles in allem ist der Arizer Extreme-Q einfach zu bedienen, sehr effizient und liefert angenehmen Dampf. Er ist definitiv ein gro\u00dfartiges Produkt f\u00fcr diejenigen, die einen hochwertigen Desktop-Dampfer zu einem g\u00fcnstigen Preis suchen.<\/p>\n<h2><span style=\"text-decoration: underline\">ARIZER &#8211; EXTREME-Q Merkmale:<\/span><\/h2>\n<ul style=\"list-style-type: disc\">\n<ul style=\"list-style-type: disc\">\n<li>Multifunktionaler Verdampfer: Ballon, Silikonschlauch oder Aromatherapie.<\/li>\n<li>Hochwertige Materialien, frei von sch\u00e4dlichen Verbindungen.<\/li>\n<li>einfach zu bedienen und zu programmieren.<\/li>\n<li>Pr\u00e4zise Temperaturregelung.<\/li>\n<li>Fernbedienung zur Ferneinstellung.<\/li>\n<li>Hervorragend f\u00fcr Gruppen geeignet.<\/li>\n<li>Automatische Abschaltung.<\/li>\n<\/ul>\n<\/ul>\n<p><strong><\/p>\n<p><span style=\"text-decoration: underline\">IM KARTON ENTHALTEN<\/span>:<\/strong><\/p>\n<ul style=\"list-style-type: disc\">\n<li>Extreme-Q Verdampfer<\/li>\n<li>Silikonschl\u00e4uche f\u00fcr den Lebensmittelbereich<\/li>\n<li>Glasadapter und Reduzierst\u00fccke<\/li>\n<li>2 Glas-Zyklonschalen<\/li>\n<li>Glas-R\u00fchrer<\/li>\n<li>Zus\u00e4tzliche Ersatzfilter<\/li>\n<li>Abnehmbares Ballonsystem mit 2 Ballons\u00e4tzen<\/li>\n<li>Aromatherapieschale<\/li>\n<li>Fernsteuerung<\/li>\n<li>Gebrauchsanweisung<\/li>\n<\/ul>\n","protected":false},"excerpt":{"rendered":"<p>Arizer Extreme-Q ist ein Mehrzweck-Tischverdampfer, der aus den hochwertigsten Komponenten besteht. Die Dichte des Dampfes kann durch die Einstellung der<\/p>\n","protected":false},"featured_media":125523,"comment_status":"open","ping_status":"closed","template":"","meta":[],"product_brand":[],"product_cat":[7907],"product_tag":[],"class_list":{"0":"post-125544","1":"product","2":"type-product","3":"status-publish","4":"has-post-thumbnail","6":"product_cat-verdampfer","8":"first","9":"instock","10":"taxable","11":"shipping-taxable","12":"purchasable","13":"product-type-simple"},"_links":{"self":[{"href":"https:\/\/www.budream.com\/de\/wp-json\/wp\/v2\/product\/125544","targetHints":{"allow":["GET"]}}],"collection":[{"href":"https:\/\/www.budream.com\/de\/wp-json\/wp\/v2\/product"}],"about":[{"href":"https:\/\/www.budream.com\/de\/wp-json\/wp\/v2\/types\/product"}],"replies":[{"embeddable":true,"href":"https:\/\/www.budream.com\/de\/wp-json\/wp\/v2\/comments?post=125544"}],"version-history":[{"count":0,"href":"https:\/\/www.budream.com\/de\/wp-json\/wp\/v2\/product\/125544\/revisions"}],"wp:featuredmedia":[{"embeddable":true,"href":"https:\/\/www.budream.com\/de\/wp-json\/wp\/v2\/media\/125523"}],"wp:attachment":[{"href":"https:\/\/www.budream.com\/de\/wp-json\/wp\/v2\/media?parent=125544"}],"wp:term":[{"taxonomy":"product_brand","embeddable":true,"href":"https:\/\/www.budream.com\/de\/wp-json\/wp\/v2\/product_brand?post=125544"},{"taxonomy":"product_cat","embeddable":true,"href":"https:\/\/www.budream.com\/de\/wp-json\/wp\/v2\/product_cat?post=125544"},{"taxonomy":"product_tag","embeddable":true,"href":"https:\/\/www.budream.com\/de\/wp-json\/wp\/v2\/product_tag?post=125544"}],"curies":[{"name":"wp","href":"https:\/\/api.w.org\/{rel}","templated":true}]}}