{"id":125574,"date":"2025-07-30T18:56:36","date_gmt":"2025-07-30T16:56:36","guid":{"rendered":"https:\/\/www.budream.com\/shop\/storzbickel-kuehlgeraet-fuer-crafty\/"},"modified":"2025-12-23T15:04:32","modified_gmt":"2025-12-23T13:04:32","slug":"storzbickel-kuehlgeraet-fuer-crafty","status":"publish","type":"product","link":"https:\/\/www.budream.com\/de\/shop\/storzbickel-kuehlgeraet-fuer-crafty\/","title":{"rendered":"STORZ&amp;BICKEL &#8211; K\u00dcHLGER\u00c4T F\u00dcR CRAFTY+"},"content":{"rendered":"<p>Die Cooling Unit k\u00fchlt den Dampf, um einen angenehmen Dampf und ein optimales Aroma zu gew\u00e4hrleisten. <\/p>\n<p>Geeignet f\u00fcr:<\/p>\n<ul>\n<li>CRAFTY<\/li>\n<li>CRAFTY+<\/li>\n<\/ul>\n","protected":false},"excerpt":{"rendered":"<p>Die Cooling Unit k\u00fchlt den Dampf, um einen angenehmen Dampf und ein optimales Aroma zu gew\u00e4hrleisten. Geeignet f\u00fcr: CRAFTY CRAFTY+<\/p>\n","protected":false},"featured_media":125563,"comment_status":"open","ping_status":"closed","template":"","meta":[],"product_brand":[],"product_cat":[1179],"product_tag":[],"class_list":{"0":"post-125574","1":"product","2":"type-product","3":"status-publish","4":"has-post-thumbnail","6":"product_cat-vaporizzatori","8":"first","9":"instock","10":"taxable","11":"shipping-taxable","12":"purchasable","13":"product-type-simple"},"aioseo_notices":[],"_links":{"self":[{"href":"https:\/\/www.budream.com\/de\/wp-json\/wp\/v2\/product\/125574","targetHints":{"allow":["GET"]}}],"collection":[{"href":"https:\/\/www.budream.com\/de\/wp-json\/wp\/v2\/product"}],"about":[{"href":"https:\/\/www.budream.com\/de\/wp-json\/wp\/v2\/types\/product"}],"replies":[{"embeddable":true,"href":"https:\/\/www.budream.com\/de\/wp-json\/wp\/v2\/comments?post=125574"}],"version-history":[{"count":0,"href":"https:\/\/www.budream.com\/de\/wp-json\/wp\/v2\/product\/125574\/revisions"}],"wp:featuredmedia":[{"embeddable":true,"href":"https:\/\/www.budream.com\/de\/wp-json\/wp\/v2\/media\/125563"}],"wp:attachment":[{"href":"https:\/\/www.budream.com\/de\/wp-json\/wp\/v2\/media?parent=125574"}],"wp:term":[{"taxonomy":"product_brand","embeddable":true,"href":"https:\/\/www.budream.com\/de\/wp-json\/wp\/v2\/product_brand?post=125574"},{"taxonomy":"product_cat","embeddable":true,"href":"https:\/\/www.budream.com\/de\/wp-json\/wp\/v2\/product_cat?post=125574"},{"taxonomy":"product_tag","embeddable":true,"href":"https:\/\/www.budream.com\/de\/wp-json\/wp\/v2\/product_tag?post=125574"}],"curies":[{"name":"wp","href":"https:\/\/api.w.org\/{rel}","templated":true}]}}