{"id":125639,"date":"2025-07-30T19:00:58","date_gmt":"2025-07-30T17:00:58","guid":{"rendered":"https:\/\/www.budream.com\/shop\/grenzenlos-cfx-ersatzmundstueck\/"},"modified":"2026-02-26T19:40:44","modified_gmt":"2026-02-26T17:40:44","slug":"grenzenlos-cfx-ersatzmundstueck","status":"publish","type":"product","link":"https:\/\/www.budream.com\/de\/shop\/grenzenlos-cfx-ersatzmundstueck\/","title":{"rendered":"GRENZENLOS &#8211; CFX ERSATZMUNDST\u00dcCK"},"content":{"rendered":"<p>Ersatzd\u00fcse f\u00fcr <strong>BOUNDLESS CFX <\/strong><\/p>\n","protected":false},"excerpt":{"rendered":"<p>Ersatzd\u00fcse f\u00fcr BOUNDLESS CFX<\/p>\n","protected":false},"featured_media":125628,"comment_status":"open","ping_status":"closed","template":"","meta":[],"product_brand":[],"product_cat":[7907],"product_tag":[],"class_list":{"0":"post-125639","1":"product","2":"type-product","3":"status-publish","4":"has-post-thumbnail","6":"product_cat-verdampfer","8":"first","9":"outofstock","10":"sale","11":"taxable","12":"shipping-taxable","13":"purchasable","14":"product-type-simple"},"aioseo_notices":[],"_links":{"self":[{"href":"https:\/\/www.budream.com\/de\/wp-json\/wp\/v2\/product\/125639","targetHints":{"allow":["GET"]}}],"collection":[{"href":"https:\/\/www.budream.com\/de\/wp-json\/wp\/v2\/product"}],"about":[{"href":"https:\/\/www.budream.com\/de\/wp-json\/wp\/v2\/types\/product"}],"replies":[{"embeddable":true,"href":"https:\/\/www.budream.com\/de\/wp-json\/wp\/v2\/comments?post=125639"}],"version-history":[{"count":0,"href":"https:\/\/www.budream.com\/de\/wp-json\/wp\/v2\/product\/125639\/revisions"}],"wp:featuredmedia":[{"embeddable":true,"href":"https:\/\/www.budream.com\/de\/wp-json\/wp\/v2\/media\/125628"}],"wp:attachment":[{"href":"https:\/\/www.budream.com\/de\/wp-json\/wp\/v2\/media?parent=125639"}],"wp:term":[{"taxonomy":"product_brand","embeddable":true,"href":"https:\/\/www.budream.com\/de\/wp-json\/wp\/v2\/product_brand?post=125639"},{"taxonomy":"product_cat","embeddable":true,"href":"https:\/\/www.budream.com\/de\/wp-json\/wp\/v2\/product_cat?post=125639"},{"taxonomy":"product_tag","embeddable":true,"href":"https:\/\/www.budream.com\/de\/wp-json\/wp\/v2\/product_tag?post=125639"}],"curies":[{"name":"wp","href":"https:\/\/api.w.org\/{rel}","templated":true}]}}