{"id":125699,"date":"2025-07-30T19:03:32","date_gmt":"2025-07-30T17:03:32","guid":{"rendered":"https:\/\/www.budream.com\/shop\/flowermate-extraktbehaelter-fuer-die-serien-aura-und-v5\/"},"modified":"2026-04-20T14:14:53","modified_gmt":"2026-04-20T12:14:53","slug":"flowermate-extraktbehaelter-fuer-die-serien-aura-und-v5","status":"publish","type":"product","link":"https:\/\/www.budream.com\/de\/shop\/flowermate-extraktbehaelter-fuer-die-serien-aura-und-v5\/","title":{"rendered":"FLOWERMATE &#8211; EXTRAKTBEH\u00c4LTER F\u00dcR DIE SERIEN AURA UND V5"},"content":{"rendered":"<p>Dank des Flowermate-Extraktbeh\u00e4lters k\u00f6nnen Sie alle Arten von Extrakten (von Rosin bis zu CBD-Kristallen) bequem und ohne Besch\u00e4digung der Dampfkammer Ihres Flowermate verdampfen.<\/p>\n<h2><span style=\"text-decoration: underline\">Flowermate Extrakt-Beh\u00e4lter:<\/span><\/h2>\n<ul style=\"list-style-type: disc\">\n<li>Stahlbeh\u00e4lter;<\/li>\n<li>Deckel mit Gewinde;<\/li>\n<li>Innen Bio-Baumwolle;<\/li>\n<li>Kompatibel mit: V5.0, V5.0S, V 5.0s Mini, Pro, Pro Mini, Aura, HIBRID, HIBRID X, V3.0S Air und V 7.0S.<\/li>\n<\/ul>\n","protected":false},"excerpt":{"rendered":"<p>Dank des Flowermate-Extraktbeh\u00e4lters k\u00f6nnen Sie alle Arten von Extrakten (von Rosin bis zu CBD-Kristallen) bequem und ohne Besch\u00e4digung der Dampfkammer<\/p>\n","protected":false},"featured_media":125693,"comment_status":"open","ping_status":"closed","template":"","meta":[],"product_brand":[],"product_cat":[7907],"product_tag":[],"class_list":{"0":"post-125699","1":"product","2":"type-product","3":"status-publish","4":"has-post-thumbnail","6":"product_cat-verdampfer","8":"first","9":"instock","10":"sale","11":"taxable","12":"shipping-taxable","13":"purchasable","14":"product-type-simple"},"aioseo_notices":[],"_links":{"self":[{"href":"https:\/\/www.budream.com\/de\/wp-json\/wp\/v2\/product\/125699","targetHints":{"allow":["GET"]}}],"collection":[{"href":"https:\/\/www.budream.com\/de\/wp-json\/wp\/v2\/product"}],"about":[{"href":"https:\/\/www.budream.com\/de\/wp-json\/wp\/v2\/types\/product"}],"replies":[{"embeddable":true,"href":"https:\/\/www.budream.com\/de\/wp-json\/wp\/v2\/comments?post=125699"}],"version-history":[{"count":0,"href":"https:\/\/www.budream.com\/de\/wp-json\/wp\/v2\/product\/125699\/revisions"}],"wp:featuredmedia":[{"embeddable":true,"href":"https:\/\/www.budream.com\/de\/wp-json\/wp\/v2\/media\/125693"}],"wp:attachment":[{"href":"https:\/\/www.budream.com\/de\/wp-json\/wp\/v2\/media?parent=125699"}],"wp:term":[{"taxonomy":"product_brand","embeddable":true,"href":"https:\/\/www.budream.com\/de\/wp-json\/wp\/v2\/product_brand?post=125699"},{"taxonomy":"product_cat","embeddable":true,"href":"https:\/\/www.budream.com\/de\/wp-json\/wp\/v2\/product_cat?post=125699"},{"taxonomy":"product_tag","embeddable":true,"href":"https:\/\/www.budream.com\/de\/wp-json\/wp\/v2\/product_tag?post=125699"}],"curies":[{"name":"wp","href":"https:\/\/api.w.org\/{rel}","templated":true}]}}